{"id":675,"date":"2023-06-18T10:13:46","date_gmt":"2023-06-18T13:13:46","guid":{"rendered":"https:\/\/lidertecsa.com.ar\/catalogo\/?post_type=product&#038;p=675"},"modified":"2024-12-13T16:30:53","modified_gmt":"2024-12-13T19:30:53","slug":"aspiradora-de-polvo-agua-tc-vc-1820-s","status":"publish","type":"product","link":"https:\/\/lidertecsa.com.ar\/catalogo\/producto\/aspiradora-de-polvo-agua-tc-vc-1820-s\/","title":{"rendered":"Aspiradora de Polvo\/Agua TC-VC 1820 S"},"content":{"rendered":"<p>El aspirador seco y h\u00famedo TH-VC 1820 S es un aparato potente y sumamente vers\u00e1til para las tareas sencillas de limpieza en seco y h\u00famedo, que no debe faltar en ning\u00fan hogar. Su dep\u00f3sito de acero fino de f\u00e1cil limpieza tiene una capacidad de 20 l para aspirar tanto suciedad gruesa como fina, en seco o en mojado, e incluso l\u00edquidos. Su potente motor de 1.250 W garantiza, adem\u00e1s de buenos resultados de aspiraci\u00f3n, la presi\u00f3n suficiente para soplar c\u00f3modamente en los lugares m\u00e1s inaccesibles por medio de la conexi\u00f3n de soplado.<\/p>\n<p>El TH-VC 1820 S est\u00e1 equipado con un tubo flexible de aspiraci\u00f3n de 36 mm, un tubo de pl\u00e1stico r\u00edgido de tres piezas, una boquilla de pl\u00e1stico grande con un acople combinado para aspirar moqueta y suelo liso, as\u00ed como una boquilla plana para ranuras. La bolsa de tejido para la recogida de suciedad convierte el aspirar el polvo m\u00e1s fino en un asunto limpio. Un filtro de gomaespuma protege el motor de las impurezas cuando se aspira en h\u00famedo. Adem\u00e1s, un detector de nivel garantiza la detenci\u00f3n autom\u00e1tica de la funci\u00f3n de aspiraci\u00f3n una vez que se ha alcanzado el nivel m\u00e1ximo del dep\u00f3sito.<\/p>\n<p>Gracias a los soportes para el cable y los accesorios, se pueden guardar todas las piezas directamente en la m\u00e1quina de forma ordenada y r\u00e1pida. Un asa de transporte y cuatro ruedas orientables de movilidad suave garantizan su c\u00f3modo manejo.<\/p>\n<table width=\"435\">\n<tbody>\n<tr>\n<td colspan=\"2\" width=\"435\">T\u00e9cnico<\/td>\n<\/tr>\n<tr>\n<td width=\"284\">Suministro de red<\/td>\n<td width=\"151\">230 V |\u00a050 Hz<\/td>\n<\/tr>\n<tr>\n<td width=\"284\">Poder<\/td>\n<td width=\"151\">1250 W<\/td>\n<\/tr>\n<tr>\n<td width=\"284\">Capacidad del buque<\/td>\n<td width=\"151\">20 litros<\/td>\n<\/tr>\n<tr>\n<td width=\"284\">Longitud de la manguera de succi\u00f3n<\/td>\n<td width=\"151\">150 cm<\/td>\n<\/tr>\n<tr>\n<td width=\"284\">Di\u00e1metro de la manguera de succi\u00f3n<\/td>\n<td width=\"151\">36 mm<\/td>\n<\/tr>\n<tr>\n<td width=\"284\">Longitud del cable de alimentaci\u00f3n<\/td>\n<td width=\"151\">250 cm<\/td>\n<\/tr>\n<\/tbody>\n<\/table>\n","protected":false},"excerpt":{"rendered":"<ul>\n<li>Dep\u00f3sito de acero fino de 20 l<\/li>\n<li>M\u00f3vilidad gracias a 4 ruedas orientables<\/li>\n<li>Asa de transporte y soporte para el cable<\/li>\n<li>Conexi\u00f3n de soplado<\/li>\n<li>Soporte para accesorios que ahorra espacio<\/li>\n<li>Tubo de aspiraci\u00f3n de pl\u00e1stico de 3 piezas<\/li>\n<li>1 tubo flexible de aspiraci\u00f3n de 36 mm<\/li>\n<li>Gran boquilla de aspiraci\u00f3n con acople combinado para aspirar el suelo en seco y h\u00famedo<\/li>\n<li>Boquilla para ranuras<\/li>\n<li>1 bolsa de recogida de polvo<\/li>\n<li>1 filtro de gomaespuma para aspirar en mojado<\/li>\n<\/ul>\n","protected":false},"featured_media":3285,"template":"","meta":{"_joinchat":[]},"product_cat":[181],"product_tag":[211],"class_list":{"0":"post-675","1":"product","2":"type-product","3":"status-publish","4":"has-post-thumbnail","6":"product_cat-herramientas-electricas","7":"product_tag-aspiradora-polvo-agua","9":"first","10":"instock","11":"product-type-simple"},"_links":{"self":[{"href":"https:\/\/lidertecsa.com.ar\/catalogo\/wp-json\/wp\/v2\/product\/675"}],"collection":[{"href":"https:\/\/lidertecsa.com.ar\/catalogo\/wp-json\/wp\/v2\/product"}],"about":[{"href":"https:\/\/lidertecsa.com.ar\/catalogo\/wp-json\/wp\/v2\/types\/product"}],"wp:featuredmedia":[{"embeddable":true,"href":"https:\/\/lidertecsa.com.ar\/catalogo\/wp-json\/wp\/v2\/media\/3285"}],"wp:attachment":[{"href":"https:\/\/lidertecsa.com.ar\/catalogo\/wp-json\/wp\/v2\/media?parent=675"}],"wp:term":[{"taxonomy":"product_cat","embeddable":true,"href":"https:\/\/lidertecsa.com.ar\/catalogo\/wp-json\/wp\/v2\/product_cat?post=675"},{"taxonomy":"product_tag","embeddable":true,"href":"https:\/\/lidertecsa.com.ar\/catalogo\/wp-json\/wp\/v2\/product_tag?post=675"}],"curies":[{"name":"wp","href":"https:\/\/api.w.org\/{rel}","templated":true}]}}