{"id":645,"date":"2023-06-18T08:58:09","date_gmt":"2023-06-18T11:58:09","guid":{"rendered":"https:\/\/lidertecsa.com.ar\/catalogo\/?post_type=product&#038;p=645"},"modified":"2024-12-13T16:30:49","modified_gmt":"2024-12-13T19:30:49","slug":"ingletadora-telescopica-tc-sm-216","status":"publish","type":"product","link":"https:\/\/lidertecsa.com.ar\/catalogo\/producto\/ingletadora-telescopica-tc-sm-216\/","title":{"rendered":"Ingletadora Telesc\u00f3pica TC-SM 216"},"content":{"rendered":"<p>Con la sierra de arrastre, corte transversal e inglete Einhell TC-SM 216, el ambicioso entusiasta del bricolaje est\u00e1 idealmente equipado para trabajos de corte y corte transversal en el hogar, el taller o el garaje. Con una potencia nominal de 1.600 W, la hoja de sierra (\u00d8 216 externa x \u00f8 30 interna) tiene mucha potencia para cortar material. Esta robusta sierra tiene una funci\u00f3n de arrastre suave para piezas de trabajo anchas. El plato giratorio tiene una funci\u00f3n de ajuste de \u00e1ngulo preciso para que sea m\u00e1s f\u00e1cil lograr buenos cortes angulares. Para los \u00e1ngulos m\u00e1s comunes en trabajos de bricolaje, se proporcionan posiciones de bloqueo en la plataforma giratoria para ajustar el \u00e1ngulo de manera r\u00e1pida y confiable. Hay escalas f\u00e1ciles de leer para los \u00e1ngulos y anchos. Adem\u00e1s, la cabeza de la sierra se puede inclinar hacia la izquierda para cortes a inglete. El ancho de corte es de hasta 305 mil\u00edmetros con un ajuste de 90 \u00b0 y de hasta 210 mil\u00edmetros con un \u00e1ngulo de 45 \u00b0. El l\u00e1ser de l\u00ednea de corte integrado es de gran ayuda a la hora de trabajar. Se proporcionan soportes para piezas de trabajo m\u00e1s largas a la izquierda y a la derecha, y hay un dispositivo de sujeci\u00f3n pr\u00e1ctico para asegurar las piezas de trabajo. La hoja de sierra de carburo de alta calidad ofrece cortes perfectos. Para facilitar el cambio de la hoja de sierra, hay un bloqueo del eje. Para una eliminaci\u00f3n m\u00e1s eficaz del aserr\u00edn, hay un embudo de polvo detr\u00e1s de la hoja de sierra. La conexi\u00f3n del extractor que se proporciona tiene un di\u00e1metro de 36 mil\u00edmetros, o la bolsa para el polvo suministrada se puede utilizar como alternativa. Para una eliminaci\u00f3n m\u00e1s eficaz del aserr\u00edn, hay un embudo de polvo detr\u00e1s de la hoja de sierra. La conexi\u00f3n del extractor que se proporciona tiene un di\u00e1metro de 36 mil\u00edmetros, o la bolsa para el polvo suministrada se puede utilizar como alternativa. Para una eliminaci\u00f3n m\u00e1s eficaz del aserr\u00edn, hay un embudo de polvo detr\u00e1s de la hoja de sierra. La conexi\u00f3n del extractor que se proporciona tiene un di\u00e1metro de 36 mil\u00edmetros, o la bolsa para el polvo suministrada se puede utilizar como alternativa.<\/p>\n<p>&nbsp;<\/p>\n<table width=\"472\">\n<tbody>\n<tr>\n<td colspan=\"2\" width=\"472\">Datos T\u00e9cnicos<\/td>\n<\/tr>\n<tr>\n<td width=\"288\">Conexi\u00f3n a la red<\/td>\n<td width=\"184\">220-240 V |\u00a050 Hz<\/td>\n<\/tr>\n<tr>\n<td width=\"288\">poder<\/td>\n<td width=\"184\">1500 W<\/td>\n<\/tr>\n<tr>\n<td width=\"288\">N\u00famero de dientes de sierra<\/td>\n<td width=\"184\">48 piezas<\/td>\n<\/tr>\n<tr>\n<td width=\"288\">Potencia m\u00e1xima (S6 | S6%)<\/td>\n<td width=\"184\">1600 W |\u00a025%<\/td>\n<\/tr>\n<tr>\n<td width=\"288\">Ralent\u00ed<\/td>\n<td width=\"184\">5200 min ^ -1<\/td>\n<\/tr>\n<tr>\n<td width=\"288\">Hoja de sierra<\/td>\n<td width=\"184\">216 mm x 30 mm<\/td>\n<\/tr>\n<tr>\n<td width=\"288\">Rango de giro (cabezal de sierra)<\/td>\n<td width=\"184\">45 \u00b0- 0 \u00b0<\/td>\n<\/tr>\n<tr>\n<td width=\"288\">Rango de giro (mesa de sierra)<\/td>\n<td width=\"184\">47 \u00b0- 47 \u00b0<\/td>\n<\/tr>\n<tr>\n<td width=\"288\">Ancho de corte 90 \u00b0 x 90 \u00b0<\/td>\n<td width=\"184\">305 mm x 65 mm<\/td>\n<\/tr>\n<tr>\n<td width=\"288\">Ancho de corte 90 \u00b0 x 45 \u00b0<\/td>\n<td width=\"184\">215 mm x 65 mm<\/td>\n<\/tr>\n<tr>\n<td width=\"288\">Ancho de corte 45 \u00b0 x 90 \u00b0<\/td>\n<td width=\"184\">305 mm x 35 mm<\/td>\n<\/tr>\n<tr>\n<td width=\"288\">Ancho de corte 45 \u00b0 x 45 \u00b0<\/td>\n<td width=\"184\">215 mm x 35 mm<\/td>\n<\/tr>\n<tr>\n<td width=\"288\">Di\u00e1metro de la conexi\u00f3n de succi\u00f3n<\/td>\n<td width=\"184\">36 mm<\/td>\n<\/tr>\n<tr>\n<td width=\"288\">Largo<\/td>\n<td width=\"184\">790 mm<\/td>\n<\/tr>\n<tr>\n<td width=\"288\">Ancho<\/td>\n<td width=\"184\">460 mm<\/td>\n<\/tr>\n<tr>\n<td width=\"288\">Altura<\/td>\n<td width=\"184\">380 mm<\/td>\n<\/tr>\n<\/tbody>\n<\/table>\n","protected":false},"excerpt":{"rendered":"<ul>\n<li>Hoja de sierra HW de alta calidad para cortes perfectos<\/li>\n<li>La mesa de trabajo est\u00e1 hecha de aluminio fundido a presi\u00f3n ligero y estable<\/li>\n<li>Plataforma giratoria con posiciones de bloqueo precisas para todos los \u00e1ngulos comunes<\/li>\n<li>La cabeza de la sierra es infinitamente inclinable hacia la izquierda.<\/li>\n<li>Soportes de piezas de trabajo en ambos lados para piezas de trabajo largas.<\/li>\n<li>Dispositivo de sujeci\u00f3n para sujetar la pieza de trabajo de forma segura en su posici\u00f3n.<\/li>\n<li>Husillo de bloqueo para un cambio f\u00e1cil y r\u00e1pido de la cuchilla<\/li>\n<li>Escalas angulares bien legibles para los cortes de mitra y \u00e1ngulo<\/li>\n<li>Embudo de polvo detr\u00e1s de la hoja de sierra para una mejor deducci\u00f3n de polvo de sierra<\/li>\n<\/ul>\n","protected":false},"featured_media":3312,"template":"","meta":{"_joinchat":[]},"product_cat":[181],"product_tag":[213],"class_list":{"0":"post-645","1":"product","2":"type-product","3":"status-publish","4":"has-post-thumbnail","6":"product_cat-herramientas-electricas","7":"product_tag-sierra-ingletadora-telescopica","9":"first","10":"instock","11":"product-type-simple"},"_links":{"self":[{"href":"https:\/\/lidertecsa.com.ar\/catalogo\/wp-json\/wp\/v2\/product\/645"}],"collection":[{"href":"https:\/\/lidertecsa.com.ar\/catalogo\/wp-json\/wp\/v2\/product"}],"about":[{"href":"https:\/\/lidertecsa.com.ar\/catalogo\/wp-json\/wp\/v2\/types\/product"}],"wp:featuredmedia":[{"embeddable":true,"href":"https:\/\/lidertecsa.com.ar\/catalogo\/wp-json\/wp\/v2\/media\/3312"}],"wp:attachment":[{"href":"https:\/\/lidertecsa.com.ar\/catalogo\/wp-json\/wp\/v2\/media?parent=645"}],"wp:term":[{"taxonomy":"product_cat","embeddable":true,"href":"https:\/\/lidertecsa.com.ar\/catalogo\/wp-json\/wp\/v2\/product_cat?post=645"},{"taxonomy":"product_tag","embeddable":true,"href":"https:\/\/lidertecsa.com.ar\/catalogo\/wp-json\/wp\/v2\/product_tag?post=645"}],"curies":[{"name":"wp","href":"https:\/\/api.w.org\/{rel}","templated":true}]}}