{"id":643,"date":"2023-06-18T08:55:13","date_gmt":"2023-06-18T11:55:13","guid":{"rendered":"https:\/\/lidertecsa.com.ar\/catalogo\/?post_type=product&#038;p=643"},"modified":"2024-12-13T16:30:48","modified_gmt":"2024-12-13T19:30:48","slug":"ingletadora-tc-ms-216","status":"publish","type":"product","link":"https:\/\/lidertecsa.com.ar\/catalogo\/producto\/ingletadora-tc-ms-216\/","title":{"rendered":"Ingletadora TC-MS 216"},"content":{"rendered":"<p>Con el corte transversal y la ingletadora Einhell TC-MS 216, el ambicioso entusiasta del bricolaje est\u00e1 idealmente equipado para realizar trabajos de mano de obra en la casa, el taller o el garaje. Con una potencia de 1.400 W, la hoja de sierra (\u00d8 216 externa x \u00f8 30 interna) tiene mucha potencia para cortar el material en el que est\u00e1 trabajando. La mesa de trabajo est\u00e1 hecha de aluminio fundido a presi\u00f3n ligero y resistente. Para cortes exactos tiene un plato giratorio con posiciones de bloqueo para los \u00e1ngulos m\u00e1s comunes. Tambi\u00e9n hay escalas de \u00e1ngulo f\u00e1ciles de leer para cortes angulares y cortes de inglete. Para los cortes de inglete deseados, la cabeza de la sierra se puede inclinar hasta 45 \u00b0 hacia la izquierda. El ancho de corte es de hasta 120 mil\u00edmetros dependiendo del \u00e1ngulo de inclinaci\u00f3n. Los soportes para piezas de trabajo largas se proporcionan a izquierda y derecha. Para asegurar las piezas de trabajo hay un pr\u00e1ctico dispositivo de sujeci\u00f3n. La hoja de sierra de carburo robusta de alta calidad ofrece cortes perfectos. Para que sea m\u00e1s f\u00e1cil para el usuario cambiar la hoja de sierra, hay un bloqueo del eje. Detr\u00e1s de la hoja de sierra tambi\u00e9n hay un embudo de polvo para eliminar el aserr\u00edn de manera m\u00e1s efectiva.<\/p>\n<p>&nbsp;<\/p>\n<table width=\"370\">\n<tbody>\n<tr>\n<td colspan=\"2\" width=\"370\">T\u00e9cnico<\/td>\n<\/tr>\n<tr>\n<td width=\"201\">Suministro de red<\/td>\n<td width=\"169\">220-240 V |\u00a050 Hz<\/td>\n<\/tr>\n<tr>\n<td width=\"201\">Poder<\/td>\n<td width=\"169\">1400 W<\/td>\n<\/tr>\n<tr>\n<td width=\"201\">Max.\u00a0potencia (S6 | S6%)<\/td>\n<td width=\"169\">1600 W |\u00a025%<\/td>\n<\/tr>\n<tr>\n<td width=\"201\">Ralent\u00ed<\/td>\n<td width=\"169\">5000 min ^ -1<\/td>\n<\/tr>\n<tr>\n<td width=\"201\">Hoja de sierra<\/td>\n<td width=\"169\">216 mm x 30 mm<\/td>\n<\/tr>\n<tr>\n<td width=\"201\">Rango giratorio<\/td>\n<td width=\"169\">47 \u00b0 \u2013 47 \u00b0<\/td>\n<\/tr>\n<tr>\n<td width=\"201\">Corte a inglete<\/td>\n<td width=\"169\">45 \u00b0 \u2013 0 \u00b0<\/td>\n<\/tr>\n<tr>\n<td width=\"201\">Ancho de corte 90 \u00b0 x 90 \u00b0<\/td>\n<td width=\"169\">120 mm x 60 mm<\/td>\n<\/tr>\n<tr>\n<td width=\"201\">Ancho de corte 90 \u00b0 x 45 \u00b0<\/td>\n<td width=\"169\">80 mm x 60 mm<\/td>\n<\/tr>\n<tr>\n<td width=\"201\">Ancho de corte 45 \u00b0 x 90 \u00b0<\/td>\n<td width=\"169\">120 mm x 45 mm<\/td>\n<\/tr>\n<tr>\n<td width=\"201\">Ancho de corte 45 \u00b0 x 45 \u00b0<\/td>\n<td width=\"169\">80 mm x 45 mm<\/td>\n<\/tr>\n<\/tbody>\n<\/table>\n","protected":false},"excerpt":{"rendered":"<ul>\n<li>Hoja de sierra HW de alta calidad para cortes perfectos<\/li>\n<li>La mesa de trabajo est\u00e1 hecha de aluminio fundido a presi\u00f3n ligero y estable<\/li>\n<li>Plataforma giratoria con posiciones de bloqueo precisas para todos los \u00e1ngulos comunes<\/li>\n<li>La cabeza de la sierra es infinitamente inclinable hacia la izquierda.<\/li>\n<li>Soportes de piezas de trabajo en ambos lados para piezas de trabajo largas.<\/li>\n<li>Dispositivo de sujeci\u00f3n para sujetar la pieza de trabajo de forma segura en su posici\u00f3n.<\/li>\n<li>Husillo de bloqueo para un cambio f\u00e1cil y r\u00e1pido de la cuchilla<\/li>\n<li>Escalas angulares bien legibles para los cortes de mitra y \u00e1ngulo<\/li>\n<li>Embudo de polvo detr\u00e1s de la hoja de sierra para una mejor deducci\u00f3n de polvo de sierra<\/li>\n<\/ul>\n","protected":false},"featured_media":3311,"template":"","meta":{"_joinchat":[]},"product_cat":[181],"product_tag":[214],"class_list":{"0":"post-643","1":"product","2":"type-product","3":"status-publish","4":"has-post-thumbnail","6":"product_cat-herramientas-electricas","7":"product_tag-sierra-ingletadora","9":"first","10":"instock","11":"product-type-simple"},"_links":{"self":[{"href":"https:\/\/lidertecsa.com.ar\/catalogo\/wp-json\/wp\/v2\/product\/643"}],"collection":[{"href":"https:\/\/lidertecsa.com.ar\/catalogo\/wp-json\/wp\/v2\/product"}],"about":[{"href":"https:\/\/lidertecsa.com.ar\/catalogo\/wp-json\/wp\/v2\/types\/product"}],"wp:featuredmedia":[{"embeddable":true,"href":"https:\/\/lidertecsa.com.ar\/catalogo\/wp-json\/wp\/v2\/media\/3311"}],"wp:attachment":[{"href":"https:\/\/lidertecsa.com.ar\/catalogo\/wp-json\/wp\/v2\/media?parent=643"}],"wp:term":[{"taxonomy":"product_cat","embeddable":true,"href":"https:\/\/lidertecsa.com.ar\/catalogo\/wp-json\/wp\/v2\/product_cat?post=643"},{"taxonomy":"product_tag","embeddable":true,"href":"https:\/\/lidertecsa.com.ar\/catalogo\/wp-json\/wp\/v2\/product_tag?post=643"}],"curies":[{"name":"wp","href":"https:\/\/api.w.org\/{rel}","templated":true}]}}