{"id":635,"date":"2023-06-18T08:35:45","date_gmt":"2023-06-18T11:35:45","guid":{"rendered":"https:\/\/lidertecsa.com.ar\/catalogo\/?post_type=product&#038;p=635"},"modified":"2024-12-13T16:30:47","modified_gmt":"2024-12-13T19:30:47","slug":"sierra-de-mesa-tc-ts-2225-u","status":"publish","type":"product","link":"https:\/\/lidertecsa.com.ar\/catalogo\/producto\/sierra-de-mesa-tc-ts-2225-u\/","title":{"rendered":"Sierra de Mesa TC-TS 2225 U"},"content":{"rendered":"<p>La sierra circular de mesa TC-TS 2225 U de Einhell es una potente herramienta que permite trabajar de manera precisa y flexible. El tope-gu\u00eda paralelo muy estable con fijaci\u00f3n a ambos lados permite cortes al hilo exactos y, con el tope-gu\u00eda angular o la hoja de sierra inclinable, se consiguen f\u00e1cilmente cortes angulares. Las mesas laterales extensibles, as\u00ed como la extensi\u00f3n en la parte posterior, aumentan a\u00fan m\u00e1s la superficie de apoyo. El potente motor tambi\u00e9n est\u00e1 dise\u00f1ado para mayores exigencias, y su arranque suave integrado protege el motor y los fusibles. Resultan muy pr\u00e1cticos los soportes de la carcasa, pues permiten guardar todos los topes y las herramientas incluidos, el bast\u00f3n de corredera y tambi\u00e9n el cable de alimentaci\u00f3n.<\/p>\n<table width=\"440\">\n<tbody>\n<tr>\n<td colspan=\"2\" width=\"440\">T\u00e9cnico<\/td>\n<\/tr>\n<tr>\n<td width=\"287\">Suministro de red<\/td>\n<td width=\"153\">220-240 V |\u00a050 Hz<\/td>\n<\/tr>\n<tr>\n<td width=\"287\">Poder<\/td>\n<td width=\"153\">1800 W<\/td>\n<\/tr>\n<tr>\n<td width=\"287\">Max.\u00a0potencia (S6 | S6%)<\/td>\n<td width=\"153\">2200 W |\u00a025%<\/td>\n<\/tr>\n<tr>\n<td width=\"287\">Ralent\u00ed<\/td>\n<td width=\"153\">4250 min ^ -1<\/td>\n<\/tr>\n<tr>\n<td width=\"287\">Hoja de sierra<\/td>\n<td width=\"153\">254 mm x 30 mm<\/td>\n<\/tr>\n<tr>\n<td width=\"287\">Rango de giro de la hoja de sierra<\/td>\n<td width=\"153\">45 \u00b0<\/td>\n<\/tr>\n<tr>\n<td width=\"287\">Max.\u00a0altura de corte a 45 \u00b0<\/td>\n<td width=\"153\">55 mm<\/td>\n<\/tr>\n<tr>\n<td width=\"287\">Max.\u00a0altura de corte a 90 \u00b0<\/td>\n<td width=\"153\">80 mm<\/td>\n<\/tr>\n<tr>\n<td width=\"287\">Ajuste de altura continuo<\/td>\n<td width=\"153\">0-80 mm<\/td>\n<\/tr>\n<tr>\n<td width=\"287\">Di\u00e1metro del adaptador de succi\u00f3n<\/td>\n<td width=\"153\">36 mm<\/td>\n<\/tr>\n<tr>\n<td width=\"287\">Altura de trabajo<\/td>\n<td width=\"153\">870 mil\u00edmetros<\/td>\n<\/tr>\n<tr>\n<td width=\"287\">Tama\u00f1o de la mesa de trabajo<\/td>\n<td width=\"153\">580 mm x 555 mm<\/td>\n<\/tr>\n<tr>\n<td width=\"287\">Ampliaci\u00f3n de la mesa a la izquierda<\/td>\n<td width=\"153\">580 mm x 150 mm<\/td>\n<\/tr>\n<tr>\n<td width=\"287\">Ampliaci\u00f3n de mesa a la derecha<\/td>\n<td width=\"153\">580 mm x 150 mm<\/td>\n<\/tr>\n<tr>\n<td width=\"287\">Extensi\u00f3n de la longitud de la mesa en la parte posterior<\/td>\n<td width=\"153\">555 mil\u00edmetros<\/td>\n<\/tr>\n<\/tbody>\n<\/table>\n","protected":false},"excerpt":{"rendered":"<ul>\n<li>Tope paralelo resistente con abrazadera doble para cortes precisos<\/li>\n<li>Con funci\u00f3n de arranque suave: protege el motor y los fusibles<\/li>\n<li>Motor extremadamente potente con muchas reservas para trabajos duros<\/li>\n<li>Mesas auxiliares extra\u00edbles y extensi\u00f3n de longitud para piezas de trabajo grandes<\/li>\n<li>Un tope transversal que tambi\u00e9n sirve como tope en \u00e1ngulo (+\/- 45 \u00b0)<\/li>\n<li>Los topes y herramientas suministrados tienen soportes en la carcasa<\/li>\n<li>Conexi\u00f3n para aspirador de polvo en la carcasa y tapa de la hoja de sierra<\/li>\n<li>El robusto bastidor permite una altura de trabajo agradable (870 mm)<\/li>\n<\/ul>\n","protected":false},"featured_media":3328,"template":"","meta":{"_joinchat":[]},"product_cat":[181],"product_tag":[212],"class_list":{"0":"post-635","1":"product","2":"type-product","3":"status-publish","4":"has-post-thumbnail","6":"product_cat-herramientas-electricas","7":"product_tag-sierra-de-mesa","9":"first","10":"instock","11":"product-type-simple"},"_links":{"self":[{"href":"https:\/\/lidertecsa.com.ar\/catalogo\/wp-json\/wp\/v2\/product\/635"}],"collection":[{"href":"https:\/\/lidertecsa.com.ar\/catalogo\/wp-json\/wp\/v2\/product"}],"about":[{"href":"https:\/\/lidertecsa.com.ar\/catalogo\/wp-json\/wp\/v2\/types\/product"}],"wp:featuredmedia":[{"embeddable":true,"href":"https:\/\/lidertecsa.com.ar\/catalogo\/wp-json\/wp\/v2\/media\/3328"}],"wp:attachment":[{"href":"https:\/\/lidertecsa.com.ar\/catalogo\/wp-json\/wp\/v2\/media?parent=635"}],"wp:term":[{"taxonomy":"product_cat","embeddable":true,"href":"https:\/\/lidertecsa.com.ar\/catalogo\/wp-json\/wp\/v2\/product_cat?post=635"},{"taxonomy":"product_tag","embeddable":true,"href":"https:\/\/lidertecsa.com.ar\/catalogo\/wp-json\/wp\/v2\/product_tag?post=635"}],"curies":[{"name":"wp","href":"https:\/\/api.w.org\/{rel}","templated":true}]}}