{"id":631,"date":"2023-06-18T08:28:11","date_gmt":"2023-06-18T11:28:11","guid":{"rendered":"https:\/\/lidertecsa.com.ar\/catalogo\/?post_type=product&#038;p=631"},"modified":"2024-12-13T16:30:47","modified_gmt":"2024-12-13T19:30:47","slug":"sierra-de-mesa-escuadradora-te-cc-250-uf","status":"publish","type":"product","link":"https:\/\/lidertecsa.com.ar\/catalogo\/producto\/sierra-de-mesa-escuadradora-te-cc-250-uf\/","title":{"rendered":"Sierra de Mesa Escuadradora TE-CC 250 UF"},"content":{"rendered":"<div id=\"tab-label-product_info_description\" class=\"data item title\">\n<div id=\"label-product_info_description\" class=\"data item content\" data-role=\"content\">\n<div class=\"product attribute description\">\n<div class=\"value\">La sierra de mesa Einhell con funci\u00f3n de formato TE-CC 250 UF, equipada con una hoja de sierra de precisi\u00f3n de carburo, es una s\u00f3lida m\u00e1quina b\u00e1sica para cortes de precisi\u00f3n al acortar y cortar piezas individuales. La mesa plana de aluminio est\u00e1 equipada con excelentes propiedades de deslizamiento para cortes precisos. La mesa se puede extender hacia atr\u00e1s a la derecha para piezas de trabajo m\u00e1s anchas. Un palo de empuje con soporte garantiza una distancia segura de la hoja de sierra. La diapositiva de formato admite la ejecuci\u00f3n de cortes largos exactos. Gracias al ajuste de la hoja de sierra dos en uno, la altura y la inclinaci\u00f3n de la hoja de sierra se pueden ajustar a los requisitos de corte respectivos con un solo movimiento. La gu\u00eda paralela est\u00e1 equipada con una fijaci\u00f3n en ambos lados y su estabilidad garantiza un trabajo preciso. El tope transversal tiene una escala de \u00e1ngulo para cortes a inglete. La protecci\u00f3n transparente de la hoja de sierra garantiza una mejor visi\u00f3n del proceso de corte. La carcasa est\u00e1 equipada con una conexi\u00f3n de extracci\u00f3n de virutas, que facilita la limpieza del lugar de trabajo. El bastidor de base plegable de la sierra de mesa est\u00e1 equipado con ruedas para uso m\u00f3vil. El porta accesorios asegura un transporte organizado. El interruptor de sobrecarga protege el motor de da\u00f1os en caso de sobretensi\u00f3n, y el arranque suave integrado protege tanto el motor como los fusibles.<\/div>\n<\/div>\n<\/div>\n<div><\/div>\n<\/div>\n<div data-role=\"content\"><\/div>\n<div data-role=\"content\"><\/div>\n<table width=\"605\">\n<tbody>\n<tr>\n<td width=\"266\">Datos Tecnicos<\/td>\n<td width=\"163\"><\/td>\n<\/tr>\n<tr>\n<td width=\"266\">Suministro de red:<\/td>\n<td>\u00a0220-240 V | 50 Hz<\/td>\n<\/tr>\n<tr>\n<td width=\"266\">Potencia:<\/td>\n<td>\u00a01500 W<\/td>\n<\/tr>\n<tr>\n<td width=\"266\">Potencia m\u00e1x. del motor<\/td>\n<td>(S6 | S6%): 2000 W | 20 %<\/td>\n<\/tr>\n<tr>\n<td width=\"266\">Ralent\u00ed:<\/td>\n<td>4500 min^-1<\/td>\n<\/tr>\n<tr>\n<td width=\"266\">Hoja de sierra:<\/td>\n<td>\u00a0250 mm x 30 mm<\/td>\n<\/tr>\n<tr>\n<td width=\"266\">Numero de dientes de sierra:<\/td>\n<td>48 piezas<\/td>\n<\/tr>\n<tr>\n<td width=\"266\">Rango giratorio de la hoja de la sierra:<\/td>\n<td>45 \u00b0<\/td>\n<\/tr>\n<tr>\n<td width=\"266\">Altura m\u00e1x. de corte a 45\u00b0:<\/td>\n<td>53 mm<\/td>\n<\/tr>\n<tr>\n<td width=\"266\">Altura m\u00e1x. de corte a 90\u00b0:<\/td>\n<td>78 mm<\/td>\n<\/tr>\n<tr>\n<td width=\"266\">Ajuste de altura continuo:<\/td>\n<td>\u00a00-78 mm<\/td>\n<\/tr>\n<tr>\n<td width=\"266\">Di\u00e1metro del adaptador de succi\u00f3n:<\/td>\n<td>36 mm<\/td>\n<\/tr>\n<tr>\n<td width=\"266\">Altura de trabajo:<\/td>\n<td>850 mm<\/td>\n<\/tr>\n<tr>\n<td width=\"266\">Tama\u00f1o de la mesa de trabajo:<\/td>\n<td>645 mm x 530mm<\/td>\n<\/tr>\n<tr>\n<td width=\"266\">Ampliaci\u00f3n de mesa izquierda:<\/td>\n<td>645 mm x 150 mm<\/td>\n<\/tr>\n<tr>\n<td width=\"266\">Ampliaci\u00f3n de mesa derecha:<\/td>\n<td>645 mm x 150 mm<\/td>\n<\/tr>\n<\/tbody>\n<\/table>\n<p>&nbsp;<\/p>\n","protected":false},"excerpt":{"rendered":"<ul>\n<li>Mesa principal de aluminio con superficie exacta para cortes f\u00e1ciles<\/li>\n<li>Tope paralelo con sujeci\u00f3n exc\u00e9ntrica y tope transversal<\/li>\n<li>Protector transparente para la hoja de la sierra con conexi\u00f3n para aspiraci\u00f3n de virutas<\/li>\n<li>Carcasa con adaptador de extracci\u00f3n de polvo para mantener limpio el lugar de trabajo<\/li>\n<li>Bastidor f\u00e1cilmente plegable para uso m\u00f3vil<\/li>\n<li>Interruptor contra sobrecarga para proteger el motor de posibles da\u00f1os<\/li>\n<\/ul>\n","protected":false},"featured_media":3326,"template":"","meta":{"_joinchat":[]},"product_cat":[181],"product_tag":[212],"class_list":{"0":"post-631","1":"product","2":"type-product","3":"status-publish","4":"has-post-thumbnail","6":"product_cat-herramientas-electricas","7":"product_tag-sierra-de-mesa","9":"first","10":"instock","11":"product-type-simple"},"_links":{"self":[{"href":"https:\/\/lidertecsa.com.ar\/catalogo\/wp-json\/wp\/v2\/product\/631"}],"collection":[{"href":"https:\/\/lidertecsa.com.ar\/catalogo\/wp-json\/wp\/v2\/product"}],"about":[{"href":"https:\/\/lidertecsa.com.ar\/catalogo\/wp-json\/wp\/v2\/types\/product"}],"wp:featuredmedia":[{"embeddable":true,"href":"https:\/\/lidertecsa.com.ar\/catalogo\/wp-json\/wp\/v2\/media\/3326"}],"wp:attachment":[{"href":"https:\/\/lidertecsa.com.ar\/catalogo\/wp-json\/wp\/v2\/media?parent=631"}],"wp:term":[{"taxonomy":"product_cat","embeddable":true,"href":"https:\/\/lidertecsa.com.ar\/catalogo\/wp-json\/wp\/v2\/product_cat?post=631"},{"taxonomy":"product_tag","embeddable":true,"href":"https:\/\/lidertecsa.com.ar\/catalogo\/wp-json\/wp\/v2\/product_tag?post=631"}],"curies":[{"name":"wp","href":"https:\/\/api.w.org\/{rel}","templated":true}]}}