{"id":629,"date":"2023-06-18T08:21:28","date_gmt":"2023-06-18T11:21:28","guid":{"rendered":"https:\/\/lidertecsa.com.ar\/catalogo\/?post_type=product&#038;p=629"},"modified":"2024-12-13T16:30:47","modified_gmt":"2024-12-13T19:30:47","slug":"aspiradora-polvo-agua-te-vc-2025","status":"publish","type":"product","link":"https:\/\/lidertecsa.com.ar\/catalogo\/producto\/aspiradora-polvo-agua-te-vc-2025\/","title":{"rendered":"Aspiradora Polvo\/Agua TE-VC 2025"},"content":{"rendered":"<div>\n<div>El aspirador en seco y h\u00famedo Einhell TE-VC 2025 SACL es un aspirador ECO potente de 1200 W de alta calidad que cumple con la norma de clase de polvo L de acuerdo con las normas europeas.\u00a0La aspiradora en seco y h\u00famedo proporciona un buen servicio para la limpieza cuidadosa de superficies que no son sensibles al agua.\u00a0A diferencia de la limpieza con aspiradora normal y el frotamiento, la aspiradora en seco y h\u00famedo proporciona una limpieza profunda y completa y es un complemento ideal para los electrodom\u00e9sticos de limpieza dom\u00e9sticos est\u00e1ndar cuando se trata de suciedad rebelde y arraigada.\u00a0Dado que filtra el polvo fino, la aspiradora en seco y h\u00famedo es especialmente adecuada para personas al\u00e9rgicas.\u00a0El sistema de limpieza del filtro restablece la potencia de succi\u00f3n.\u00a0La potencia de succi\u00f3n es infinitamente ajustable usando el controlador de velocidad, y la conexi\u00f3n de soplado es adecuada para limpiar con soplado \u00e1reas dif\u00edciles de alcanzar.\u00a0Tambi\u00e9n para los ambiciosos entusiastas del bricolaje,\u00a0una aspiradora en seco y h\u00famedo es una ayuda pr\u00e1ctica para las tareas de limpieza en el sitio, en el taller o en la sala de pasatiempos: hay una toma de acoplamiento autom\u00e1tica integral (230 V, m\u00e1x. 2200 W) para conectar herramientas el\u00e9ctricas para trabajos de bricolaje.\u00a0El robusto tanque de acero inoxidable a prueba de \u00f3xido tiene una capacidad de 25 litros.\u00a0Para permitir que el agua aspirada se drene f\u00e1cilmente, hay un tornillo de drenaje de agua.\u00a0Para facilitar el transporte, hay grandes ruedas y ruedecillas, y en la carcasa est\u00e1n integrados un devanado de cable y un soporte de tubo de succi\u00f3n.\u00a0Un pr\u00e1ctico soporte para accesorios significa que las boquillas est\u00e1n siempre a mano y permite un almacenamiento ordenado de los numerosos accesorios.\u00a0El producto se suministra completo con un tubo telesc\u00f3pico de acero inoxidable (\u00d8 36 mm) con regulador de aire, una manguera de succi\u00f3n de pl\u00e1stico de alta resistencia de 3 metros (\u00d8 36 mm), una combinaci\u00f3n grande.<\/div>\n<\/div>\n<div><\/div>\n<div>\n<table width=\"493\">\n<tbody>\n<tr>\n<td colspan=\"2\" width=\"493\">Datos t\u00e9cnicos<\/td>\n<\/tr>\n<tr>\n<td width=\"300\">Suministro de red<\/td>\n<td width=\"193\">220-240 V | 50\/60 Hz<\/td>\n<\/tr>\n<tr>\n<td width=\"300\">Potencia<\/td>\n<td width=\"193\">1250 W<\/td>\n<\/tr>\n<tr>\n<td width=\"300\">Potencia de succi\u00f3n m\u00e1x.<\/td>\n<td width=\"193\">180 mbar<\/td>\n<\/tr>\n<tr>\n<td width=\"300\">Capacidad del recipiente<\/td>\n<td width=\"193\">25 L<\/td>\n<\/tr>\n<tr>\n<td width=\"300\">Longitud de la manguera de succi\u00f3n<\/td>\n<td width=\"193\">150 cm<\/td>\n<\/tr>\n<tr>\n<td width=\"300\">Di\u00e1metro de la manguera de succi\u00f3n<\/td>\n<td width=\"193\">36 mm<\/td>\n<\/tr>\n<tr>\n<td width=\"300\">Longitud del cable de alimentaci\u00f3n<\/td>\n<td width=\"193\">250 cm<\/td>\n<\/tr>\n<tr>\n<td width=\"300\">Nivel de presi\u00f3n sonora Lpa<\/td>\n<td width=\"193\">77 dB (A)<\/td>\n<\/tr>\n<\/tbody>\n<\/table>\n<\/div>\n","protected":false},"excerpt":{"rendered":"<ul>\n<li>Filtrado de polvos nocivos como yeso duro, tiza y brillo.<\/li>\n<li>Con sistema de limpieza de filtros para restablecer la potencia de succi\u00f3n<\/li>\n<li>Potencia de succi\u00f3n infinitamente ajustable gracias al control de velocidad<\/li>\n<li>Dep\u00f3sito de acero inoxidable de 25 l, resistente a la oxidaci\u00f3n y resistente<\/li>\n<li>Conexi\u00f3n de soplado para limpiar con soplado \u00e1reas dif\u00edciles de alcanzar<\/li>\n<li>Grandes ruedas y echadores para una mejor movilidad<\/li>\n<li>Pr\u00e1ctico soporte de accesorios para un almacenamiento y operaciones limpios<\/li>\n<li>Devanado de cable y soporte de tubo de succi\u00f3n integrado en la carcasa<\/li>\n<li>Toma de acoplador autom\u00e1tico para conectar herramientas el\u00e9ctricas<\/li>\n<li>Tornillo de drenaje de agua para drenar el agua absorbida<\/li>\n<li>Tubo telesc\u00f3pico de acero inoxidable (\u00d8 36 mm) con regulador de aire<\/li>\n<li>Incl.\u00a0Manguera de aspiraci\u00f3n de pl\u00e1stico de alta resistencia de 3 metros (\u00d8 36 mm)<\/li>\n<li>Incl.\u00a0boquilla universal, para rincones y tapicer\u00eda<\/li>\n<li>Incl.\u00a0Filtro plisado HEPA, filtro de espuma y bolsa de polvo sint\u00e9tica<\/li>\n<\/ul>\n","protected":false},"featured_media":3287,"template":"","meta":{"_joinchat":[]},"product_cat":[181],"product_tag":[211],"class_list":{"0":"post-629","1":"product","2":"type-product","3":"status-publish","4":"has-post-thumbnail","6":"product_cat-herramientas-electricas","7":"product_tag-aspiradora-polvo-agua","9":"first","10":"instock","11":"product-type-simple"},"_links":{"self":[{"href":"https:\/\/lidertecsa.com.ar\/catalogo\/wp-json\/wp\/v2\/product\/629"}],"collection":[{"href":"https:\/\/lidertecsa.com.ar\/catalogo\/wp-json\/wp\/v2\/product"}],"about":[{"href":"https:\/\/lidertecsa.com.ar\/catalogo\/wp-json\/wp\/v2\/types\/product"}],"wp:featuredmedia":[{"embeddable":true,"href":"https:\/\/lidertecsa.com.ar\/catalogo\/wp-json\/wp\/v2\/media\/3287"}],"wp:attachment":[{"href":"https:\/\/lidertecsa.com.ar\/catalogo\/wp-json\/wp\/v2\/media?parent=629"}],"wp:term":[{"taxonomy":"product_cat","embeddable":true,"href":"https:\/\/lidertecsa.com.ar\/catalogo\/wp-json\/wp\/v2\/product_cat?post=629"},{"taxonomy":"product_tag","embeddable":true,"href":"https:\/\/lidertecsa.com.ar\/catalogo\/wp-json\/wp\/v2\/product_tag?post=629"}],"curies":[{"name":"wp","href":"https:\/\/api.w.org\/{rel}","templated":true}]}}