{"id":623,"date":"2023-06-18T08:06:32","date_gmt":"2023-06-18T11:06:32","guid":{"rendered":"https:\/\/lidertecsa.com.ar\/catalogo\/?post_type=product&#038;p=623"},"modified":"2024-12-13T16:30:46","modified_gmt":"2024-12-13T19:30:46","slug":"pistola-de-calor-tc-ha-2000-1","status":"publish","type":"product","link":"https:\/\/lidertecsa.com.ar\/catalogo\/producto\/pistola-de-calor-tc-ha-2000-1\/","title":{"rendered":"Pistola de Calor TC-HA 2000\/1"},"content":{"rendered":"<p>La pistola de aire caliente TC-HA 2000\/1 es una poderosa herramienta que brinda un buen servicio a los entusiastas de la bricolaje en trabajos que implican la eliminaci\u00f3n de viejas lacas y pinturas, la instalaci\u00f3n de tubos de pl\u00e1stico y mucho m\u00e1s. Hay dos ajustes de potencia para ajustar la temperatura y el aire a los requisitos particulares. Se incluyen dos boquillas para un ajuste \u00f3ptimo de la pistola de aire caliente TC-HA 2000\/1 a la tarea particular. La protecci\u00f3n contra sobrecalentamiento incorporada y la base estable garantizan la m\u00e1xima seguridad, haciendo que la pistola de aire caliente sea adecuada para aplicaciones estacionarias.<\/p>\n<table width=\"488\">\n<tbody>\n<tr>\n<td colspan=\"2\" width=\"488\">T\u00e9cnico<\/td>\n<\/tr>\n<tr>\n<td width=\"291\">Suministro de red<\/td>\n<td width=\"197\">230\/240 V |\u00a050 Hz<\/td>\n<\/tr>\n<tr>\n<td width=\"291\">Poder<\/td>\n<td width=\"197\">2000 W<\/td>\n<\/tr>\n<tr>\n<td width=\"291\">Temperatura en el ajuste 1<\/td>\n<td width=\"197\">350 \u00b0 C<\/td>\n<\/tr>\n<tr>\n<td width=\"291\">Temperatura en el ajuste 2<\/td>\n<td width=\"197\">550 \u00b0 C<\/td>\n<\/tr>\n<tr>\n<td width=\"291\">Tasa de flujo de aire en el ajuste 1<\/td>\n<td width=\"197\">300 l \/ min<\/td>\n<\/tr>\n<tr>\n<td width=\"291\">Tasa de flujo de aire en el ajuste 2<\/td>\n<td width=\"197\">500 l \/ min<\/td>\n<\/tr>\n<\/tbody>\n<\/table>\n","protected":false},"excerpt":{"rendered":"<p>-Pistola de aire caliente de alta potencia, 2 ajustes de potencia<br \/>\n-2 ajustes de temperatura y flujo de aire<br \/>\n-Base estable, adecuada para aplicaciones estacionarias<br \/>\n-Protecci\u00f3n contra sobrecalentamiento para una operaci\u00f3n segura<br \/>\n-Gran versatilidad gracias a los accesorios incluidos<\/p>\n","protected":false},"featured_media":3279,"template":"","meta":{"_joinchat":[]},"product_cat":[181],"product_tag":[210],"class_list":{"0":"post-623","1":"product","2":"type-product","3":"status-publish","4":"has-post-thumbnail","6":"product_cat-herramientas-electricas","7":"product_tag-pistola-de-calor","9":"first","10":"instock","11":"product-type-simple"},"_links":{"self":[{"href":"https:\/\/lidertecsa.com.ar\/catalogo\/wp-json\/wp\/v2\/product\/623"}],"collection":[{"href":"https:\/\/lidertecsa.com.ar\/catalogo\/wp-json\/wp\/v2\/product"}],"about":[{"href":"https:\/\/lidertecsa.com.ar\/catalogo\/wp-json\/wp\/v2\/types\/product"}],"wp:featuredmedia":[{"embeddable":true,"href":"https:\/\/lidertecsa.com.ar\/catalogo\/wp-json\/wp\/v2\/media\/3279"}],"wp:attachment":[{"href":"https:\/\/lidertecsa.com.ar\/catalogo\/wp-json\/wp\/v2\/media?parent=623"}],"wp:term":[{"taxonomy":"product_cat","embeddable":true,"href":"https:\/\/lidertecsa.com.ar\/catalogo\/wp-json\/wp\/v2\/product_cat?post=623"},{"taxonomy":"product_tag","embeddable":true,"href":"https:\/\/lidertecsa.com.ar\/catalogo\/wp-json\/wp\/v2\/product_tag?post=623"}],"curies":[{"name":"wp","href":"https:\/\/api.w.org\/{rel}","templated":true}]}}