{"id":621,"date":"2023-06-18T08:02:40","date_gmt":"2023-06-18T11:02:40","guid":{"rendered":"https:\/\/lidertecsa.com.ar\/catalogo\/?post_type=product&#038;p=621"},"modified":"2024-12-13T16:30:46","modified_gmt":"2024-12-13T19:30:46","slug":"pistola-de-pintar-electrica-tc-sy-700s","status":"publish","type":"product","link":"https:\/\/lidertecsa.com.ar\/catalogo\/producto\/pistola-de-pintar-electrica-tc-sy-700s\/","title":{"rendered":"Pistola de Pintar El\u00e9ctrica TC-SY 700S"},"content":{"rendered":"<p>El sistema de pulverizaci\u00f3n de pintura el\u00e9ctrica TC-SY 700 S es un sistema semi-estacionario para superficies de trabajo medianas a grandes y est\u00e1 adaptado para lacas, esmaltes y pinturas de paredes interiores. La correa de hombro y una manguera de aire de 3,5 metros proporcionan una gran movilidad y hacen que el TC-SY 700 S sea adecuado para trabajos de pintura creativos y pr\u00e1cticos con lacas, esmaltes y pinturas de paredes interiores. F\u00e1cil de usar y limpio, el sistema de pintura es una herramienta ideal para principiantes y experimentados. La regulaci\u00f3n del flujo de pintura permite ajustar con precisi\u00f3n la cantidad de pintura aplicada. El casquillo de aire ajustable para los jets verticales, horizontales y redondos proporciona flexibilidad y la libertad para la creatividad al trabajar. Para evitar la acumulaci\u00f3n de suciedades tenaces, la cabeza de pulverizaci\u00f3n es desmontable para permitir que todos los elementos que entran en contacto con la pintura se limpien. El dispositivo es f\u00e1cil de limpiar a fondo cuando se hace el trabajo. La manguera de aire sin torsi\u00f3n evita la torsi\u00f3n molesta de la manguera de aire y por lo tanto hace que sea m\u00e1s f\u00e1cil de usar. Gracias al c\u00f3modo agarre suave, el pulverizador de pintura encaja bien y bien en la mano. El trineo de tracci\u00f3n integrado proporciona flexibilidad al trabajar y una facilidad de almacenamiento pr\u00e1ctica, que ahorra espacio para la manguera al mismo tiempo. El producto se suministra completo con dos boquillas para diferentes viscosidades de laca, esmalte y pintura, un cepillo de purificaci\u00f3n para limpiar la captaci\u00f3n, una aguja de purificaci\u00f3n para limpiar la boquilla de pulverizaci\u00f3n as\u00ed como un recipiente para el examen de la viscosidad, un contenedor de pintura de 1000 ml y una tapa perfectamente apropiada.<\/p>\n<ul class=\"features\">\n<li>Manejo seguro y c\u00f3modo gracias al agarre suave<\/li>\n<li>Incl.\u00a02 boquillas para diferentes viscosidades de laca \/ esmalte \/ pintura<\/li>\n<li>Incl.\u00a0cepillo de purificaci\u00f3n para limpiar la captaci\u00f3n<\/li>\n<li>Incl.\u00a0aguja de purificaci\u00f3n para limpiar la boquilla de pulverizaci\u00f3n<\/li>\n<li>Incl.\u00a0recipiente para examen de viscosidad<\/li>\n<li>Incl.\u00a0tapa para recipiente de pintura<\/li>\n<li>Incl.\u00a0Recipiente de pintura de 1000 ml con escala de medici\u00f3n<\/li>\n<\/ul>\n<table width=\"355\">\n<tbody>\n<tr>\n<td colspan=\"2\" width=\"355\">T\u00e9cnico<\/td>\n<\/tr>\n<tr>\n<td width=\"206\">Suministro de red<\/td>\n<td width=\"149\">230 V |\u00a050 Hz<\/td>\n<\/tr>\n<tr>\n<td width=\"206\">Poder<\/td>\n<td width=\"149\">700 W<\/td>\n<\/tr>\n<tr>\n<td width=\"206\">Tasa de flujo<\/td>\n<td width=\"149\">1000 ml \/ min<\/td>\n<\/tr>\n<tr>\n<td width=\"206\">Capacidad<\/td>\n<td width=\"149\">1000 ml<\/td>\n<\/tr>\n<tr>\n<td width=\"206\">Longitud de la manguera<\/td>\n<td width=\"149\">3,5 m<\/td>\n<\/tr>\n<tr>\n<td width=\"206\">Max.\u00a0viscosidad<\/td>\n<td width=\"149\">70 DIN-seg<\/td>\n<\/tr>\n<\/tbody>\n<\/table>\n<p>&nbsp;<\/p>\n","protected":false},"excerpt":{"rendered":"<ul>\n<li>Sistema semi-estacionario para espacios de trabajo de tama\u00f1o mediano a grande<\/li>\n<li>Adecuado para pulverizaci\u00f3n de lacas, esmaltes y pinturas de paredes interiores<\/li>\n<li>Alta movilidad mediante bandolera y manguera de aire de 3,5 m de largo<\/li>\n<li>Trineo de tracci\u00f3n: trabajo flexible y almacenamiento de mangueras en uno<\/li>\n<li>Cabezal rociador extra\u00edble para limpiar todos los elementos que conducen a la pintura<\/li>\n<li>Regulaci\u00f3n del flujo de pintura para una adaptaci\u00f3n ideal de la aplicaci\u00f3n de pintura<\/li>\n<li>Cabezal de aire ajustable para chorro vertical, horizontal y redondo<\/li>\n<li>Manejo aliviado gracias a la manguera de aire que no se retuerce<\/li>\n<\/ul>\n","protected":false},"featured_media":3278,"template":"","meta":{"_joinchat":[]},"product_cat":[181],"product_tag":[209],"class_list":{"0":"post-621","1":"product","2":"type-product","3":"status-publish","4":"has-post-thumbnail","6":"product_cat-herramientas-electricas","7":"product_tag-pistola-de-pintar-electrica","9":"first","10":"instock","11":"product-type-simple"},"_links":{"self":[{"href":"https:\/\/lidertecsa.com.ar\/catalogo\/wp-json\/wp\/v2\/product\/621"}],"collection":[{"href":"https:\/\/lidertecsa.com.ar\/catalogo\/wp-json\/wp\/v2\/product"}],"about":[{"href":"https:\/\/lidertecsa.com.ar\/catalogo\/wp-json\/wp\/v2\/types\/product"}],"wp:featuredmedia":[{"embeddable":true,"href":"https:\/\/lidertecsa.com.ar\/catalogo\/wp-json\/wp\/v2\/media\/3278"}],"wp:attachment":[{"href":"https:\/\/lidertecsa.com.ar\/catalogo\/wp-json\/wp\/v2\/media?parent=621"}],"wp:term":[{"taxonomy":"product_cat","embeddable":true,"href":"https:\/\/lidertecsa.com.ar\/catalogo\/wp-json\/wp\/v2\/product_cat?post=621"},{"taxonomy":"product_tag","embeddable":true,"href":"https:\/\/lidertecsa.com.ar\/catalogo\/wp-json\/wp\/v2\/product_tag?post=621"}],"curies":[{"name":"wp","href":"https:\/\/api.w.org\/{rel}","templated":true}]}}