{"id":619,"date":"2023-06-18T07:59:31","date_gmt":"2023-06-18T10:59:31","guid":{"rendered":"https:\/\/lidertecsa.com.ar\/catalogo\/?post_type=product&#038;p=619"},"modified":"2024-12-13T16:30:46","modified_gmt":"2024-12-13T19:30:46","slug":"pistola-de-pintar-electrica-tc-sy-500s","status":"publish","type":"product","link":"https:\/\/lidertecsa.com.ar\/catalogo\/producto\/pistola-de-pintar-electrica-tc-sy-500s\/","title":{"rendered":"Pistola de Pintar El\u00e9ctrica TC-SY 500S"},"content":{"rendered":"<p>El sistema de pulverizaci\u00f3n de pintura el\u00e9ctrica TC-SY 500 S es el ayudante ideal para entusiastas creativos y ambiciosos de bricolaje: El sistema compacto de mano para peque\u00f1as y medianas superficies de trabajo es ideal para el proyecto creativo y el trabajo de bricolaje. El TC-SY 500 S est\u00e1 adaptado para rociar lacas y esmaltes. Ya sea para un fino revestimiento de laca de protecci\u00f3n, un revestimiento grueso de esmalte o para efectos especiales: La regulaci\u00f3n del flujo de pintura permite que la cantidad de pintura aplicada para ser finamente ajustado, y la tapa de aire ajustable para un jet vertical, horizontal y redondo proporciona m\u00e1xima flexibilidad para cada trabajo. Para evitar la acumulaci\u00f3n de suciedades tenaces, la cabeza de rociado es desmontable para permitir que todos los elementos que entran en contacto con la pintura se limpien r\u00e1pida y f\u00e1cilmente. Un dispositivo de suspensi\u00f3n pr\u00e1ctico ve el sistema de pulverizaci\u00f3n guardado f\u00e1cilmente en el espacio m\u00ednimo cuando se realiza el trabajo. Se incluyen en la entrega dos boquillas para diferentes viscosidades de barniz y esmalte, un cepillo de purificaci\u00f3n para limpiar la captaci\u00f3n, una aguja de purificaci\u00f3n para limpiar la boquilla de pulverizaci\u00f3n, un contenedor de pintura con una capacidad de 1000 ml y una tapa perfectamente adaptada para ir con ella junto con un recipiente para el examen de la viscosidad.<\/p>\n<ul class=\"features\">\n<li>Incl.\u00a02 boquillas para diferentes viscosidades de lacas y esmaltes<\/li>\n<li>Incl.\u00a0cepillo de purificaci\u00f3n para limpiar la captaci\u00f3n<\/li>\n<li>Incl.\u00a0aguja de purificaci\u00f3n para limpiar la boquilla de pulverizaci\u00f3n<\/li>\n<li>Incl.\u00a0recipiente para examen de viscosidad<\/li>\n<li>Incl.\u00a0tapa para recipiente de pintura<\/li>\n<li>Incl.\u00a0Recipiente de pintura de 1000 ml con escala de medici\u00f3n<\/li>\n<\/ul>\n<table width=\"324\">\n<tbody>\n<tr>\n<td colspan=\"2\" width=\"324\">T\u00e9cnico<\/td>\n<\/tr>\n<tr>\n<td width=\"172\">Suministro de red<\/td>\n<td width=\"152\">230 V |\u00a050 Hz<\/td>\n<\/tr>\n<tr>\n<td width=\"172\">Poder<\/td>\n<td width=\"152\">500 W<\/td>\n<\/tr>\n<tr>\n<td width=\"172\">Tasa de flujo<\/td>\n<td width=\"152\">550 ml \/ min<\/td>\n<\/tr>\n<tr>\n<td width=\"172\">Capacidad<\/td>\n<td width=\"152\">1 litro<\/td>\n<\/tr>\n<tr>\n<td width=\"172\">Max.\u00a0viscosidad<\/td>\n<td width=\"152\">60 DIN-seg<\/td>\n<\/tr>\n<\/tbody>\n<\/table>\n<p>&nbsp;<\/p>\n","protected":false},"excerpt":{"rendered":"<ul>\n<li>Sistema port\u00e1til para espacios de trabajo peque\u00f1os y medianos<\/li>\n<li>Adaptado para pulverizaci\u00f3n de lacas y esmaltes<\/li>\n<li>Cabezal rociador extra\u00edble para limpiar todos los elementos que conducen a la pintura<\/li>\n<li>Regulaci\u00f3n del flujo de pintura para una adaptaci\u00f3n ideal de la aplicaci\u00f3n de pintura<\/li>\n<li>Cabezal de aire ajustable para chorro vertical, horizontal y redondo<\/li>\n<li>Manejo seguro y c\u00f3modo gracias al agarre suave<\/li>\n<li>Pr\u00e1ctico dispositivo de suspensi\u00f3n para un almacenamiento que ahorra espacio<\/li>\n<\/ul>\n","protected":false},"featured_media":3277,"template":"","meta":{"_joinchat":[]},"product_cat":[181],"product_tag":[209],"class_list":{"0":"post-619","1":"product","2":"type-product","3":"status-publish","4":"has-post-thumbnail","6":"product_cat-herramientas-electricas","7":"product_tag-pistola-de-pintar-electrica","9":"first","10":"instock","11":"product-type-simple"},"_links":{"self":[{"href":"https:\/\/lidertecsa.com.ar\/catalogo\/wp-json\/wp\/v2\/product\/619"}],"collection":[{"href":"https:\/\/lidertecsa.com.ar\/catalogo\/wp-json\/wp\/v2\/product"}],"about":[{"href":"https:\/\/lidertecsa.com.ar\/catalogo\/wp-json\/wp\/v2\/types\/product"}],"wp:featuredmedia":[{"embeddable":true,"href":"https:\/\/lidertecsa.com.ar\/catalogo\/wp-json\/wp\/v2\/media\/3277"}],"wp:attachment":[{"href":"https:\/\/lidertecsa.com.ar\/catalogo\/wp-json\/wp\/v2\/media?parent=619"}],"wp:term":[{"taxonomy":"product_cat","embeddable":true,"href":"https:\/\/lidertecsa.com.ar\/catalogo\/wp-json\/wp\/v2\/product_cat?post=619"},{"taxonomy":"product_tag","embeddable":true,"href":"https:\/\/lidertecsa.com.ar\/catalogo\/wp-json\/wp\/v2\/product_tag?post=619"}],"curies":[{"name":"wp","href":"https:\/\/api.w.org\/{rel}","templated":true}]}}