{"id":6182,"date":"2024-06-17T20:27:29","date_gmt":"2024-06-17T23:27:29","guid":{"rendered":"https:\/\/lidertecsa.com.ar\/catalogo\/?post_type=product&#038;p=6182"},"modified":"2025-11-13T11:19:51","modified_gmt":"2025-11-13T14:19:51","slug":"fanacola-90-sin-tolueno-x-200-grs","status":"publish","type":"product","link":"https:\/\/lidertecsa.com.ar\/catalogo\/producto\/fanacola-90-sin-tolueno-x-200-grs\/","title":{"rendered":"FANACOLA X-90 Sin Tolueno x 200 Grs."},"content":{"rendered":"<div class=\"vc_column-inner\">\n<div class=\"wpb_wrapper\">\n<div class=\"wpb_text_column wpb_content_element \">\n<div class=\"wpb_wrapper\">\n<p>Fanacola 90 Sin Tolueno es un adhesivo de doble contacto que excluye el Tolueno en su composici\u00f3n. \u00a0Es utilizado para el armado de muebles, tapicer\u00eda y decoraci\u00f3n. Es apto para pegado de alfombras y pisos vin\u00edlicos. Pegas m\u00faltiples materiales entre s\u00ed como; goma, tela,<br \/>\nmadera, y cuero.<\/p>\n<p>Podes encontrarlo en madereras, ferreter\u00edas, casa de herrajes, carpinter\u00edas y comercios de construcci\u00f3n del pa\u00eds.<\/p>\n<\/div>\n<\/div>\n<div class=\"divider-wrap\" data-alignment=\"default\">\n<div class=\"divider\"><\/div>\n<\/div>\n<div class=\"wpb_text_column wpb_content_element \">\n<div class=\"wpb_wrapper\">\n<table id=\"tablepress-12\" class=\"tablepress tablepress-id-12\">\n<tbody class=\"row-hover\">\n<tr class=\"row-1 odd\">\n<td class=\"column-1\">PRESENTACIONES<\/td>\n<td class=\"column-2\">100grs-200grs-400grs-750grs-2.8kg-7kg-14kg-170kg<\/td>\n<\/tr>\n<\/tbody>\n<\/table>\n<\/div>\n<\/div>\n<\/div>\n<\/div>\n","protected":false},"excerpt":{"rendered":"<p>Fanacola 90 Sin Tolueno es un adhesivo de doble contacto que excluye el Tolueno en su composici\u00f3n.<\/p>\n","protected":false},"featured_media":10453,"template":"","meta":{"_joinchat":[]},"product_cat":[684],"product_tag":[686],"class_list":{"0":"post-6182","1":"product","2":"type-product","3":"status-publish","4":"has-post-thumbnail","6":"product_cat-adhesivos-de-contacto","7":"product_tag-adhesivo-de-contacto-sin-tolueno","9":"first","10":"instock","11":"taxable","12":"shipping-taxable","13":"purchasable","14":"product-type-simple"},"_links":{"self":[{"href":"https:\/\/lidertecsa.com.ar\/catalogo\/wp-json\/wp\/v2\/product\/6182"}],"collection":[{"href":"https:\/\/lidertecsa.com.ar\/catalogo\/wp-json\/wp\/v2\/product"}],"about":[{"href":"https:\/\/lidertecsa.com.ar\/catalogo\/wp-json\/wp\/v2\/types\/product"}],"wp:featuredmedia":[{"embeddable":true,"href":"https:\/\/lidertecsa.com.ar\/catalogo\/wp-json\/wp\/v2\/media\/10453"}],"wp:attachment":[{"href":"https:\/\/lidertecsa.com.ar\/catalogo\/wp-json\/wp\/v2\/media?parent=6182"}],"wp:term":[{"taxonomy":"product_cat","embeddable":true,"href":"https:\/\/lidertecsa.com.ar\/catalogo\/wp-json\/wp\/v2\/product_cat?post=6182"},{"taxonomy":"product_tag","embeddable":true,"href":"https:\/\/lidertecsa.com.ar\/catalogo\/wp-json\/wp\/v2\/product_tag?post=6182"}],"curies":[{"name":"wp","href":"https:\/\/api.w.org\/{rel}","templated":true}]}}