{"id":6170,"date":"2024-06-16T20:13:39","date_gmt":"2024-06-16T23:13:39","guid":{"rendered":"https:\/\/lidertecsa.com.ar\/catalogo\/?post_type=product&#038;p=6170"},"modified":"2024-12-13T16:38:15","modified_gmt":"2024-12-13T19:38:15","slug":"caladora-inalambrica-tp-js-18-135-li-bl-solo","status":"publish","type":"product","link":"https:\/\/lidertecsa.com.ar\/catalogo\/producto\/caladora-inalambrica-tp-js-18-135-li-bl-solo\/","title":{"rendered":"Sierra de Calar Inal\u00e1mbrica TP-JST 18\/135 Li BL &#8211; Solo"},"content":{"rendered":"<div id=\"description\" class=\"section-row -padded-wide--mod-top-only -in-viewport\" data-anchornav=\"Artikelbeschreibung\">\n<div class=\"col-wrapper -max-width-limited\">\n<div class=\"content-item module-description\">\n<div class=\"description-wrapper\">\n<div class=\"col-two\">\n<div class=\"description__content\">\n<div id=\"description\" class=\"section-row -padded-wide--mod-top-only -in-viewport\" data-anchornav=\"Artikelbeschreibung\">\n<div class=\"col-wrapper -max-width-limited\">\n<div class=\"content-item module-description\">\n<div class=\"description-wrapper\">\n<div class=\"col-two\">\n<div class=\"description__content\">\n<div id=\"description\" class=\"section-row -padded-wide--mod-top-only -in-viewport\" data-anchornav=\"Artikelbeschreibung\">\n<div class=\"col-wrapper -max-width-limited\">\n<div class=\"content-item module-description\">\n<div class=\"description-wrapper\">\n<div class=\"col-two\">\n<div class=\"description__content\">\n<p><span class=\"heading gamma\">Descripci\u00f3n del Art\u00edculo<\/span><\/p>\n<p>La sierra de calar a bater\u00eda Einhell Professional TP-JST 18\/135 Li BL es el dispositivo ideal para aficionados y artesanos ambiciosos del bricolaje que desean un corte perfecto en una amplia variedad de materiales. Como miembro del Poder El dispositivo funciona con el motor sin escobillas Einhell PurePOWER. Este motor sin escobillas ofrece m\u00e1s potencia y mayor tiempo de funcionamiento que los motores con escobillas de carb\u00f3n tradicionales. Despu\u00e9s del registro online, se aplica una garant\u00eda de 10 a\u00f1os al motor sin escobillas. Gracias a su suave funcionamiento, la sierra de calar inal\u00e1mbrica garantiza cortes precisos. El movimiento pendular se puede activar para realizar cortes r\u00e1pidos. El mango especial en forma de T garantiza un guiado \u00f3ptimo de la sierra incluso por encima de la cabeza, por ejemplo a lo largo de la parte inferior de una tabla de madera. La potente sierra de calar a bater\u00eda realiza cortes de hasta 135 mm de profundidad en madera y 10 mm en acero, as\u00ed como cortes diagonales de hasta 45\u00b0 y est\u00e1 equipada con un pr\u00e1ctico indicador de l\u00ednea de corte y una luz LED para iluminar la zona de corte. Gracias a la electr\u00f3nica Speed \u200b\u200bse pueden realizar trabajos perfectamente adaptados al material y a la aplicaci\u00f3n. El soporte de la hoja de sierra sin herramientas evita manipulaciones innecesarias y permite cambiar la hoja de sierra de forma r\u00e1pida y sencilla. La funci\u00f3n de aspiraci\u00f3n de polvo o, alternativamente, el adaptador de aspiraci\u00f3n incluido, al que se puede conectar, por ejemplo, un aspirador en seco\/h\u00famedo de Einhell, garantizan la mejor visibilidad durante el trabajo. El inserto deslizante de pl\u00e1stico protege piezas especialmente sensibles y la protecci\u00f3n contra virutas garantiza cortes sin desgarros. El arranque suave integrado garantiza un alto nivel de seguridad y protege el motor. La robusta placa base de aluminio garantiza \u00e1ngulos de corte precisos. El volumen de suministro incluye tres hojas de sierra de calar para madera. La entrega se realiza sin bater\u00eda ni cargador. Estos est\u00e1n disponibles por separado, por ejemplo como pr\u00e1ctico set de iniciaci\u00f3n.<\/p>\n<div class=\"content-item module-headline-paragraph headline paragraph -color-headline-black\">\n<div class=\"content-item module-headline-paragraph headline paragraph -color-headline-black\">\n<h2 class=\"heading delta\"><span>Datos t\u00e9cnicos<\/span><\/h2>\n<\/div>\n<div class=\"content-item module-table -styling-beta\">\n<table class=\"table__table\">\n<tbody>\n<tr class=\"-show tr-odd\">\n<td><span class=\"bold\"><span>N\u00famero de bater\u00edas incluidas en la entrega<\/span><\/span><\/td>\n<td><span>0 piezas<\/span><\/td>\n<\/tr>\n<tr class=\"-show tr-even\">\n<td><span class=\"bold\"><span>N\u00famero de cargadores incluidos en la entrega<\/span><\/span><\/td>\n<td><span>0 piezas<\/span><\/td>\n<\/tr>\n<tr class=\"-show tr-odd\">\n<td><span class=\"bold\"><span>N\u00famero de hojas de sierra incluidas en la entrega<\/span><\/span><\/td>\n<td><span>3 piezas<\/span><\/td>\n<\/tr>\n<tr class=\"-show tr-even\">\n<td><span class=\"bold\"><span>Conexi\u00f3n de succi\u00f3n de di\u00e1metro<\/span><\/span><\/td>\n<td><span>35mm<\/span><\/td>\n<\/tr>\n<tr class=\"-show tr-odd\">\n<td><span class=\"bold\"><span>Altura de elevaci\u00f3n<\/span><\/span><\/td>\n<td><span>26mm<\/span><\/td>\n<\/tr>\n<tr class=\"-show tr-even\">\n<td><span class=\"bold\"><span>Velocidad de ralent\u00ed m\u00e1x.<\/span><\/span><\/td>\n<td><span>3500 min^-1<\/span><\/td>\n<\/tr>\n<tr class=\"-show tr-odd\">\n<td><span class=\"bold\"><span>voltaje del motor<\/span><\/span><\/td>\n<td><span>18V<\/span><\/td>\n<\/tr>\n<tr class=\"-show tr-even\">\n<td><span class=\"bold\"><span>tipo de motor<\/span><\/span><\/td>\n<td><span>motor sin escobillas<\/span><\/td>\n<\/tr>\n<tr class=\"-show tr-odd\">\n<td><span class=\"bold\"><span>Peso del producto<\/span><\/span><\/td>\n<td><span>1,96 kilogramos<\/span><\/td>\n<\/tr>\n<tr class=\"-show tr-even\">\n<td><span class=\"bold\"><span>Profundidad de corte madera<\/span><\/span><\/td>\n<td><span>135mm<\/span><\/td>\n<\/tr>\n<tr class=\"-show tr-odd\">\n<td><span class=\"bold\"><span>Profundidad de corte acero<\/span><\/span><\/td>\n<td><span>10mm<\/span><\/td>\n<\/tr>\n<tr class=\"-show tr-even\">\n<td><span class=\"bold\"><span>Cortes en bisel m\u00e1x.<\/span><\/span><\/td>\n<td><span>45\u00b0<\/span><\/td>\n<\/tr>\n<tr class=\"-show tr-odd\">\n<td><span class=\"bold\"><span>Cortes diagonales m\u00edn.<\/span><\/span><\/td>\n<td><span>45\u00b0<\/span><\/td>\n<\/tr>\n<tr class=\"-show tr-even\">\n<td><span class=\"bold\"><span>Tipo soporte para hoja de sierra<\/span><\/span><\/td>\n<td><span>eje en T<\/span><\/td>\n<\/tr>\n<\/tbody>\n<\/table>\n<\/div>\n<\/div>\n<\/div>\n<\/div>\n<\/div>\n<\/div>\n<\/div>\n<\/div>\n<\/div>\n<\/div>\n<\/div>\n<\/div>\n<\/div>\n<\/div>\n<\/div>\n<\/div>\n<\/div>\n<\/div>\n<\/div>\n<\/div>\n","protected":false},"excerpt":{"rendered":"<ul>\n<li class=\" meta\"><span><span>Miembro de la familia Power X-Change, requiere 1 bater\u00eda de 18 V<\/span><\/span><\/li>\n<li class=\" meta\"><span><span>Motor sin escobillas: m\u00e1s potencia y mayor tiempo de funcionamiento<\/span><\/span><\/li>\n<li class=\" meta\"><span><span>PurePOWER Brushless: garant\u00eda del motor de 10 a\u00f1os tras el registro<\/span><\/span><\/li>\n<li class=\" meta\"><span><span>Mango estilo T para guiar f\u00e1cilmente la herramienta a\u00e9rea<\/span><\/span><\/li>\n<li class=\" meta\"><span><span>Funcionamiento muy suave para cortes precisos.<\/span><\/span><\/li>\n<li class=\"-marked meta\"><span><span>Carrera pendular conmutable para cortes r\u00e1pidos<\/span><\/span><\/li>\n<li class=\"-marked meta\"><span><span>Electr\u00f3nica de velocidad para trabajos adaptados al material<\/span><\/span><\/li>\n<li class=\"-marked meta\"><span><span>Soporte para hoja de sierra sin herramientas<\/span><\/span><\/li>\n<li class=\"-marked meta\"><span><span>Funci\u00f3n de eliminaci\u00f3n de polvo para una mejor visi\u00f3n del \u00e1rea de trabajo<\/span><\/span><\/li>\n<li class=\"-marked meta\"><span><span>Luz LED para iluminar el \u00e1rea de corte.<\/span><\/span><\/li>\n<li class=\"-marked meta\"><span><span>Indicador de l\u00ednea de corte para cortes precisos<\/span><\/span><\/li>\n<li class=\"-marked meta\"><span><span>El interruptor de bloqueo se puede bloquear para funcionamiento continuo.<\/span><\/span><\/li>\n<li class=\"-marked meta\"><span><span>Carcasa interior y placa base de aluminio para reducir la vibraci\u00f3n<\/span><\/span><\/li>\n<li class=\"-marked meta\"><span><span>La zapata deslizante protege las piezas de trabajo sensibles<\/span><\/span><\/li>\n<li class=\"-marked meta\"><span><span>Tope paralelo para cortes precisos y rectos<\/span><\/span><\/li>\n<li class=\"-marked meta\"><span><span>Incl. protecci\u00f3n contra virutas para cortes sin desgarros<\/span><\/span><\/li>\n<li class=\"-marked meta\"><span><span>Arranque suave para alta seguridad y protecci\u00f3n del motor.<\/span><\/span><\/li>\n<li class=\"-marked meta\"><span><span>Aspiraci\u00f3n de polvo con \u00e1ngulo de 90\u00b0: posici\u00f3n \u00f3ptima de la manguera<\/span><\/span><\/li>\n<li class=\"-marked meta\"><span><span>Llave Allen para ajuste de \u00e1ngulo.<\/span><\/span><\/li>\n<li class=\"-marked meta\"><span><span>Incl. 3x hojas de sierra de calar para madera<\/span><\/span><\/li>\n<li class=\"-marked meta\"><span><span>Se entrega sin bater\u00eda ni cargador (se vende por separado)<\/span><\/span><\/li>\n<\/ul>\n","protected":false},"featured_media":9088,"template":"","meta":{"_joinchat":[]},"product_cat":[50],"product_tag":[200],"class_list":{"0":"post-6170","1":"product","2":"type-product","3":"status-publish","4":"has-post-thumbnail","6":"product_cat-herramientas-a-bateria","7":"product_tag-sierra-caladora","9":"first","10":"instock","11":"product-type-simple"},"_links":{"self":[{"href":"https:\/\/lidertecsa.com.ar\/catalogo\/wp-json\/wp\/v2\/product\/6170"}],"collection":[{"href":"https:\/\/lidertecsa.com.ar\/catalogo\/wp-json\/wp\/v2\/product"}],"about":[{"href":"https:\/\/lidertecsa.com.ar\/catalogo\/wp-json\/wp\/v2\/types\/product"}],"wp:featuredmedia":[{"embeddable":true,"href":"https:\/\/lidertecsa.com.ar\/catalogo\/wp-json\/wp\/v2\/media\/9088"}],"wp:attachment":[{"href":"https:\/\/lidertecsa.com.ar\/catalogo\/wp-json\/wp\/v2\/media?parent=6170"}],"wp:term":[{"taxonomy":"product_cat","embeddable":true,"href":"https:\/\/lidertecsa.com.ar\/catalogo\/wp-json\/wp\/v2\/product_cat?post=6170"},{"taxonomy":"product_tag","embeddable":true,"href":"https:\/\/lidertecsa.com.ar\/catalogo\/wp-json\/wp\/v2\/product_tag?post=6170"}],"curies":[{"name":"wp","href":"https:\/\/api.w.org\/{rel}","templated":true}]}}