{"id":6162,"date":"2024-06-16T19:48:07","date_gmt":"2024-06-16T22:48:07","guid":{"rendered":"https:\/\/lidertecsa.com.ar\/catalogo\/?post_type=product&#038;p=6162"},"modified":"2024-12-13T16:38:14","modified_gmt":"2024-12-13T19:38:14","slug":"bomba-de-agua-limpia-ge-sp-4390-na-ll-eco","status":"publish","type":"product","link":"https:\/\/lidertecsa.com.ar\/catalogo\/producto\/bomba-de-agua-limpia-ge-sp-4390-na-ll-eco\/","title":{"rendered":"Bomba de Agua Limpia GE-SP 4390 N-A LL ECO"},"content":{"rendered":"<div id=\"description\" class=\"section-row -padded-wide--mod-top-only -in-viewport\" data-anchornav=\"Artikelbeschreibung\">\n<div class=\"col-wrapper -max-width-limited\">\n<div class=\"content-item module-description\">\n<div class=\"description-wrapper\">\n<div class=\"col-two\">\n<div class=\"description__content\">\n<p><span class=\"heading gamma\">Descripci\u00f3n del Art\u00edculo<\/span>El Einhell GE-SP 4390 NA LL ECO con sensor de agua es una potente ayuda para bombear agua limpia. Gracias a la tecnolog\u00eda Aquasensor, la bomba funciona con ajustes de sensor patentados en tres alturas de arranque autom\u00e1tico o puede utilizarse en funcionamiento continuo. Gracias al sensor de agua integrado, la bomba tiene un dise\u00f1o estilizado y tambi\u00e9n puede utilizarse en pozos estrechos. La bomba de agua limpia convence especialmente en t\u00e9rminos de respeto al medio ambiente. Los datos t\u00e9cnicos convencen y subrayan su idoneidad para su uso en muchas situaciones. Con una potencia de 430 vatios y Eco Power, puede bombear agua limpia a una profundidad de inmersi\u00f3n de hasta siete metros y est\u00e1 equipado con una v\u00e1lvula de retenci\u00f3n. La temperatura m\u00e1xima del agua puede alcanzar los 35 grados cent\u00edgrados. La bomba de agua limpia Einhell GE-SP 4390 NA LL ECO funciona con aspiraci\u00f3n plana hasta un nivel de agua residual de un mil\u00edmetro y, por tanto, ofrece un resultado de secado con un pa\u00f1o. La carcasa de la bomba de pl\u00e1stico resistente a los golpes con revestimiento exterior de acero inoxidable y el cierre mec\u00e1nico de alta calidad garantizan robustez y una larga vida \u00fatil. La bomba de agua limpia est\u00e1 equipada con un asa ergon\u00f3mica, un lazo para colgar integrado y una conexi\u00f3n universal. Se puede acceder f\u00e1cilmente a la conexi\u00f3n de manguera en la parte superior de la bomba.<\/p>\n<\/div>\n<\/div>\n<\/div>\n<\/div>\n<\/div>\n<\/div>\n<div id=\"technical-details\" class=\"section-row -padded-wide--mod-top-only -in-viewport\" data-anchornav=\"Technische Daten\">\n<div class=\"col-wrapper -max-width-limited -decrease-width\">\n<div class=\"col\">\n<div class=\"content-item module-headline-paragraph headline paragraph -color-headline-black\">\n<h2 class=\"heading delta\">Datos t\u00e9cnicos<\/h2>\n<\/div>\n<div class=\"content-item module-table -styling-beta\">\n<table class=\"table__table\">\n<tbody>\n<tr class=\"-show tr-odd\">\n<td><span class=\"bold\">Altura inicial del sensor de agua 1<\/span><\/td>\n<td>5mm<\/td>\n<\/tr>\n<tr class=\"-show tr-even\">\n<td><span class=\"bold\">Altura inicial del sensor de agua 2<\/span><\/td>\n<td>56mm<\/td>\n<\/tr>\n<tr class=\"-show tr-odd\">\n<td><span class=\"bold\">Altura inicial del sensor de agua 3<\/span><\/td>\n<td>103mm<\/td>\n<\/tr>\n<tr class=\"-show tr-even\">\n<td><span class=\"bold\">Succi\u00f3n plana hasta<\/span><\/td>\n<td>1 mil\u00edmetro<\/td>\n<\/tr>\n<tr class=\"-show tr-odd\">\n<td><span class=\"bold\">Actuaci\u00f3n<\/span><\/td>\n<td>430W<\/td>\n<\/tr>\n<tr class=\"-show tr-even\">\n<td><span class=\"bold\">Longitud del cable de alimentaci\u00f3n<\/span><\/td>\n<td>10 metros<\/td>\n<\/tr>\n<tr class=\"-show tr-odd\">\n<td><span class=\"bold\">Profundidad de inmersi\u00f3n m\u00e1x.<\/span><\/td>\n<td>7 metros<\/td>\n<\/tr>\n<tr class=\"-show tr-even\">\n<td><span class=\"bold\">Tama\u00f1o m\u00e1x. del cuerpo extra\u00f1o<\/span><\/td>\n<td>1 mil\u00edmetro<\/td>\n<\/tr>\n<tr class=\"-show tr-odd\">\n<td><span class=\"bold\">Presi\u00f3n de entrega m\u00e1x.<\/span><\/td>\n<td>0,8 barras<\/td>\n<\/tr>\n<tr class=\"-show tr-even\">\n<td><span class=\"bold\">Altura de entrega m\u00e1x.<\/span><\/td>\n<td>8 metros<\/td>\n<\/tr>\n<tr class=\"-show tr-odd\">\n<td><span class=\"bold\">Tasa de entrega m\u00e1x.<\/span><\/td>\n<td>9000 l\/h<\/td>\n<\/tr>\n<tr class=\"-show tr-even\">\n<td><span class=\"bold\">Temperatura m\u00e1xima del agua<\/span><\/td>\n<td>35\u00b0C<\/td>\n<\/tr>\n<tr class=\"-show tr-odd\">\n<td><span class=\"bold\">Arranque de la bomba de nivel de agua m\u00edn.<\/span><\/td>\n<td>5mm<\/td>\n<\/tr>\n<tr class=\"-show tr-even\">\n<td><span class=\"bold\">Peso del Producto<\/span><\/td>\n<td>4,9 kilogramos<\/td>\n<\/tr>\n<tr class=\"-show tr-odd\">\n<td><span class=\"bold\">Tipo de conexi\u00f3n de presi\u00f3n<\/span><\/td>\n<td>47,8 mm (G11\/2 AG)<\/td>\n<\/tr>\n<\/tbody>\n<\/table>\n<\/div>\n<\/div>\n<\/div>\n<\/div>\n<p>&nbsp;<\/p>\n","protected":false},"excerpt":{"rendered":"<ul>\n<li class=\" meta\">Tecnolog\u00eda Aquasensor con tres alturas de inicio autom\u00e1tico del sensor<\/li>\n<li class=\" meta\">Modo continuo<\/li>\n<li class=\" meta\">Succi\u00f3n plana hasta 1 mm.<\/li>\n<li class=\" meta\">Eco Power: m\u00e1s volumen de entrega, menos consumo de energ\u00eda<\/li>\n<li class=\" meta\">la v\u00e1lvula de retenci\u00f3n<\/li>\n<li class=\"-marked meta\">Asa de transporte ergon\u00f3mica<\/li>\n<li class=\"-marked meta\">Sello mec\u00e1nico de alta calidad para una larga vida \u00fatil<\/li>\n<li class=\"-marked meta\">Conexi\u00f3n de manguera de f\u00e1cil acceso en la parte superior de la bomba<\/li>\n<li class=\"-marked meta\">Lazo para colgar integrado<\/li>\n<li class=\"-marked meta\">Carcasa de pl\u00e1stico resistente a impactos y revestimiento exterior de acero inoxidable<\/li>\n<li class=\"-marked meta\">Incluye conexi\u00f3n universal<\/li>\n<\/ul>\n","protected":false},"featured_media":9113,"template":"","meta":{"_joinchat":[]},"product_cat":[181],"product_tag":[241],"class_list":{"0":"post-6162","1":"product","2":"type-product","3":"status-publish","4":"has-post-thumbnail","6":"product_cat-herramientas-electricas","7":"product_tag-bomba-de-agua","9":"first","10":"instock","11":"product-type-simple"},"_links":{"self":[{"href":"https:\/\/lidertecsa.com.ar\/catalogo\/wp-json\/wp\/v2\/product\/6162"}],"collection":[{"href":"https:\/\/lidertecsa.com.ar\/catalogo\/wp-json\/wp\/v2\/product"}],"about":[{"href":"https:\/\/lidertecsa.com.ar\/catalogo\/wp-json\/wp\/v2\/types\/product"}],"wp:featuredmedia":[{"embeddable":true,"href":"https:\/\/lidertecsa.com.ar\/catalogo\/wp-json\/wp\/v2\/media\/9113"}],"wp:attachment":[{"href":"https:\/\/lidertecsa.com.ar\/catalogo\/wp-json\/wp\/v2\/media?parent=6162"}],"wp:term":[{"taxonomy":"product_cat","embeddable":true,"href":"https:\/\/lidertecsa.com.ar\/catalogo\/wp-json\/wp\/v2\/product_cat?post=6162"},{"taxonomy":"product_tag","embeddable":true,"href":"https:\/\/lidertecsa.com.ar\/catalogo\/wp-json\/wp\/v2\/product_tag?post=6162"}],"curies":[{"name":"wp","href":"https:\/\/api.w.org\/{rel}","templated":true}]}}