{"id":6154,"date":"2024-06-16T19:22:15","date_gmt":"2024-06-16T22:22:15","guid":{"rendered":"https:\/\/lidertecsa.com.ar\/catalogo\/?post_type=product&#038;p=6154"},"modified":"2024-12-13T16:38:13","modified_gmt":"2024-12-13T19:38:13","slug":"amoladora-angular-inalambrica-te-ag-18-115-2-li-solo","status":"publish","type":"product","link":"https:\/\/lidertecsa.com.ar\/catalogo\/producto\/amoladora-angular-inalambrica-te-ag-18-115-2-li-solo\/","title":{"rendered":"Amoladora angular inal\u00e1mbrica TE-AG 18\/115-2 Li &#8211; Solo"},"content":{"rendered":"<div id=\"description\" class=\"section-row -padded-wide--mod-top-only -in-viewport\" data-anchornav=\"Artikelbeschreibung\">\n<div class=\"col-wrapper -max-width-limited\">\n<div class=\"content-item module-description\">\n<div class=\"description-wrapper\">\n<div class=\"col-two\">\n<div class=\"description__content\">\n<div id=\"description\" class=\"section-row -padded-wide--mod-top-only -in-viewport\" data-anchornav=\"Artikelbeschreibung\">\n<div class=\"col-wrapper -max-width-limited\">\n<div class=\"content-item module-description\">\n<div class=\"description-wrapper\">\n<div class=\"col-two\">\n<div class=\"description__content\">\n<div id=\"description\" class=\"section-row -padded-wide--mod-top-only -in-viewport\" data-anchornav=\"Artikelbeschreibung\">\n<div class=\"col-wrapper -max-width-limited\">\n<div class=\"content-item module-description\">\n<div class=\"description-wrapper\">\n<div class=\"col-two\">\n<div class=\"description__content\">\n<p><span class=\"heading gamma\">Descripci\u00f3n del Art\u00edculo<\/span>La amoladora angular a bater\u00eda Einhell TE-AG 18\/115-2 Li &#8211; Solo es una ayuda probada para cortar y pulir. Ya sea metal o piedra: los posibles usos son diversos. La amoladora angular pertenece a la familia Power X-Change y requiere una bater\u00eda de 18 V para funcionar. La protecci\u00f3n del disco con ajuste r\u00e1pido permite un trabajo flexible. El dise\u00f1o delgado permite un uso c\u00f3modo y el mango adicional se puede montar de forma flexible en dos posiciones. La amoladora angular a bater\u00eda ofrece una amplia gama de aplicaciones gracias a una profundidad de corte m\u00e1xima de 28 mm cuando se utilizan discos de corte con un di\u00e1metro de hasta 115 mm. La protecci\u00f3n de arranque y reinicio suaves garantiza una mayor seguridad del usuario. La robusta carcasa del engranaje de aluminio y la protecci\u00f3n contra sobrecargas garantizan la longevidad. Una superficie de apoyo especial con elevaci\u00f3n permite colocar el aparato de forma segura sin que la amoladora angular de bater\u00eda se vuelque. Con la protecci\u00f3n de separaci\u00f3n incluida, estar\u00e1 equipado para una amplia gama de aplicaciones laborales. La entrega se realiza sin bater\u00eda, sin cargador y sin disco de corte. Estos est\u00e1n disponibles por separado.<\/p>\n<\/div>\n<\/div>\n<\/div>\n<\/div>\n<\/div>\n<\/div>\n<div id=\"technical-details\" class=\"section-row -padded-wide--mod-top-only -in-viewport\" data-anchornav=\"Technische Daten\">\n<div class=\"col-wrapper -max-width-limited -decrease-width\">\n<div class=\"col\">\n<div class=\"content-item module-headline-paragraph headline paragraph -color-headline-black\">\n<h2 class=\"heading delta\">Datos t\u00e9cnicos<\/h2>\n<\/div>\n<div class=\"content-item module-table -styling-beta\">\n<table class=\"table__table\">\n<tbody>\n<tr class=\"-show tr-odd\">\n<td><span class=\"bold\">N\u00famero de bater\u00edas incluidas en la entrega<\/span><\/td>\n<td>0 piezas<\/td>\n<\/tr>\n<tr class=\"-show tr-even\">\n<td><span class=\"bold\">Velocidad de ralent\u00ed m\u00e1x.<\/span><\/td>\n<td>8500 min^-1<\/td>\n<\/tr>\n<tr class=\"-show tr-odd\">\n<td><span class=\"bold\">Di\u00e1metro del disco m\u00e1x.<\/span><\/td>\n<td>115mm<\/td>\n<\/tr>\n<tr class=\"-show tr-even\">\n<td><span class=\"bold\">Profundidad de corte m\u00e1x.<\/span><\/td>\n<td>28mm<\/td>\n<\/tr>\n<tr class=\"-show tr-odd\">\n<td><span class=\"bold\">voltaje del motor<\/span><\/td>\n<td>18V<\/td>\n<\/tr>\n<tr class=\"-show tr-even\">\n<td><span class=\"bold\">Tipo de motor<\/span><\/td>\n<td>motor del cepillo<\/td>\n<\/tr>\n<tr class=\"-show tr-odd\">\n<td><span class=\"bold\">Peso del Producto<\/span><\/td>\n<td>1,69 kilogramos<\/td>\n<\/tr>\n<\/tbody>\n<\/table>\n<\/div>\n<\/div>\n<\/div>\n<\/div>\n<\/div>\n<\/div>\n<\/div>\n<\/div>\n<\/div>\n<\/div>\n<div id=\"technical-details\" class=\"section-row -padded-wide--mod-top-only -in-viewport\" data-anchornav=\"Technische Daten\">\n<div class=\"col-wrapper -max-width-limited -decrease-width\">\n<div class=\"col\"><\/div>\n<\/div>\n<\/div>\n<\/div>\n<\/div>\n<\/div>\n<\/div>\n<\/div>\n<\/div>\n","protected":false},"excerpt":{"rendered":"<ul>\n<li class=\" meta\">Miembro de la familia Power X-Change, requiere 1 bater\u00eda de 18 V<\/li>\n<li class=\" meta\">Protecci\u00f3n de arranque y reinicio suave para mayor seguridad del usuario<\/li>\n<li class=\" meta\">Protecci\u00f3n del disco con ajuste r\u00e1pido para un trabajo flexible<\/li>\n<li class=\" meta\">El mango adicional se puede montar de forma flexible en 2 posiciones<\/li>\n<li class=\" meta\">Protecci\u00f3n contra sobrecarga para proteger contra el sobrecalentamiento<\/li>\n<li class=\"-marked meta\">Superficie de apoyo con elevaci\u00f3n para colocar el dispositivo de forma segura<\/li>\n<li class=\"-marked meta\">Protecci\u00f3n de separaci\u00f3n incluida: equipada para una amplia gama de aplicaciones de trabajo<\/li>\n<li class=\"-marked meta\">Se entrega sin bater\u00eda y sin cargador (se vende por separado)<\/li>\n<\/ul>\n","protected":false},"featured_media":9063,"template":"","meta":{"_joinchat":[]},"product_cat":[50],"product_tag":[183],"class_list":{"0":"post-6154","1":"product","2":"type-product","3":"status-publish","4":"has-post-thumbnail","6":"product_cat-herramientas-a-bateria","7":"product_tag-amoladora-angular","9":"first","10":"instock","11":"product-type-simple"},"_links":{"self":[{"href":"https:\/\/lidertecsa.com.ar\/catalogo\/wp-json\/wp\/v2\/product\/6154"}],"collection":[{"href":"https:\/\/lidertecsa.com.ar\/catalogo\/wp-json\/wp\/v2\/product"}],"about":[{"href":"https:\/\/lidertecsa.com.ar\/catalogo\/wp-json\/wp\/v2\/types\/product"}],"wp:featuredmedia":[{"embeddable":true,"href":"https:\/\/lidertecsa.com.ar\/catalogo\/wp-json\/wp\/v2\/media\/9063"}],"wp:attachment":[{"href":"https:\/\/lidertecsa.com.ar\/catalogo\/wp-json\/wp\/v2\/media?parent=6154"}],"wp:term":[{"taxonomy":"product_cat","embeddable":true,"href":"https:\/\/lidertecsa.com.ar\/catalogo\/wp-json\/wp\/v2\/product_cat?post=6154"},{"taxonomy":"product_tag","embeddable":true,"href":"https:\/\/lidertecsa.com.ar\/catalogo\/wp-json\/wp\/v2\/product_tag?post=6154"}],"curies":[{"name":"wp","href":"https:\/\/api.w.org\/{rel}","templated":true}]}}