{"id":6148,"date":"2024-06-16T19:00:50","date_gmt":"2024-06-16T22:00:50","guid":{"rendered":"https:\/\/lidertecsa.com.ar\/catalogo\/?post_type=product&#038;p=6148"},"modified":"2024-12-13T16:38:12","modified_gmt":"2024-12-13T19:38:12","slug":"cosechadora-de-olivos","status":"publish","type":"product","link":"https:\/\/lidertecsa.com.ar\/catalogo\/producto\/cosechadora-de-olivos\/","title":{"rendered":"Cosechadora de Olivos"},"content":{"rendered":"<div id=\"description\" class=\"section-row -padded-wide--mod-top-only -in-viewport\" data-anchornav=\"Artikelbeschreibung\">\n<div class=\"col-wrapper -max-width-limited\">\n<div class=\"content-item module-description\">\n<div class=\"description-wrapper\">\n<div class=\"col-two\">\n<div class=\"description__content\">\n<div id=\"description\" class=\"section-row -padded-wide--mod-top-only -in-viewport\" data-anchornav=\"Artikelbeschreibung\">\n<div class=\"col-wrapper -max-width-limited\">\n<div class=\"content-item module-description\">\n<div class=\"description-wrapper\">\n<div class=\"col-two\">\n<div class=\"description__content\">\n<div id=\"description\" class=\"section-row -padded-wide--mod-top-only -in-viewport\" data-anchornav=\"Artikelbeschreibung\">\n<div class=\"col-wrapper -max-width-limited\">\n<div class=\"content-item module-description\">\n<div class=\"description-wrapper\">\n<div class=\"col-two\">\n<div class=\"description__content\">\n<p><span class=\"heading gamma\">Descripci\u00f3n del Art\u00edculo<\/span>Con el agitador de aceitunas y frutas a bater\u00eda de Einhell GE-FS 18\/53 Li-Solo, el tiempo de cosecha se convierte en un juego de ni\u00f1os. Independientemente de si se trata de un \u00e1rbol frutal o de un olivo, con una potente bater\u00eda, este dispositivo ligero y manejable sacude cada fruto de las ramas. El batidor de frutas y aceitunas inal\u00e1mbrico forma parte de la familia Power X-Change, en la que todas las bater\u00edas, dispositivos y cargadores se pueden combinar de forma flexible entre s\u00ed. El peine recolector se abre paso entre las ramas con un movimiento lateral constante y una anchura de trabajo de entre 28 y 53 cm. Los 8 robustos dientes de carb\u00f3n de 31 cm de largo sacuden los frutos o las aceitunas de las ramas. La velocidad de este movimiento se puede regular mediante la rueda giratoria. Las p\u00faas de carb\u00f3n individuales se pueden cambiar f\u00e1cilmente. Para poder alcanzar f\u00e1cilmente las ramas m\u00e1s altas, la longitud total de la cosechadora el\u00e9ctrica se puede ajustar mediante la funci\u00f3n telesc\u00f3pica entre 220 y 310 cm. El asa adicional trasera tambi\u00e9n facilita el acceso a ramas altas. La funci\u00f3n de funcionamiento continuo y el c\u00f3modo manejo gracias a las superficies de agarre suaves especiales alivian los trabajos que requieren mucho tiempo. La correa de transporte ajustable permite una distribuci\u00f3n \u00f3ptima del peso. En el volumen de suministro se incluye un pr\u00e1ctico soporte de pared para ahorrar espacio. La entrega no incluye la bater\u00eda ni el cargador; estos est\u00e1n separados, p.e. B. disponible como juego inicial.<\/p>\n<\/div>\n<\/div>\n<\/div>\n<\/div>\n<\/div>\n<\/div>\n<div id=\"technical-details\" class=\"section-row -padded-wide--mod-top-only -in-viewport\" data-anchornav=\"Technische Daten\">\n<div class=\"col-wrapper -max-width-limited -decrease-width\">\n<div class=\"col\">\n<div class=\"content-item module-headline-paragraph headline paragraph -color-headline-black\">\n<h2 class=\"heading delta\">Datos t\u00e9cnicos<\/h2>\n<\/div>\n<div class=\"content-item module-table -styling-beta\">\n<table class=\"table__table\">\n<tbody>\n<tr class=\"-show tr-odd\">\n<td><span class=\"bold\">N\u00famero de bater\u00edas incluidas en la entrega<\/span><\/td>\n<td>0 piezas<\/td>\n<\/tr>\n<tr class=\"-show tr-even\">\n<td><span class=\"bold\">N\u00famero de cargadores incluidos en la entrega<\/span><\/td>\n<td>0 piezas<\/td>\n<\/tr>\n<tr class=\"-show tr-odd\">\n<td><span class=\"bold\">N\u00famero de p\u00faas<\/span><\/td>\n<td>8 piezas<\/td>\n<\/tr>\n<tr class=\"-show tr-even\">\n<td><span class=\"bold\">Ancho de trabajo del peine de recolecci\u00f3n m\u00e1x.<\/span><\/td>\n<td>53cm<\/td>\n<\/tr>\n<tr class=\"-show tr-odd\">\n<td><span class=\"bold\">Ancho de trabajo del peine de recolecci\u00f3n m\u00edn.<\/span><\/td>\n<td>28cm<\/td>\n<\/tr>\n<tr class=\"-show tr-even\">\n<td><span class=\"bold\">Altura de trabajo con funci\u00f3n telesc\u00f3pica<\/span><\/td>\n<td>182cm<\/td>\n<\/tr>\n<tr class=\"-show tr-odd\">\n<td><span class=\"bold\">Altura de trabajo sin funci\u00f3n telesc\u00f3pica<\/span><\/td>\n<td>92cm<\/td>\n<\/tr>\n<tr class=\"-show tr-even\">\n<td><span class=\"bold\">P\u00faas de di\u00e1metro<\/span><\/td>\n<td>5mm<\/td>\n<\/tr>\n<tr class=\"-show tr-odd\">\n<td><span class=\"bold\">Longitud de las p\u00faas<\/span><\/td>\n<td>31cm<\/td>\n<\/tr>\n<tr class=\"-show tr-even\">\n<td><span class=\"bold\">voltaje del motor<\/span><\/td>\n<td>18V<\/td>\n<\/tr>\n<tr class=\"-show tr-odd\">\n<td><span class=\"bold\">Tipo de motor<\/span><\/td>\n<td>motor del cepillo<\/td>\n<\/tr>\n<tr class=\"-show tr-even\">\n<td><span class=\"bold\">Cambio de potencia X<\/span><\/td>\n<td>verdadero<\/td>\n<\/tr>\n<tr class=\"-show tr-odd\">\n<td><span class=\"bold\">Peso del Producto<\/span><\/td>\n<td>4,35 kilogramos<\/td>\n<\/tr>\n<\/tbody>\n<\/table>\n<\/div>\n<\/div>\n<\/div>\n<\/div>\n<\/div>\n<\/div>\n<\/div>\n<\/div>\n<\/div>\n<\/div>\n<div id=\"technical-details\" class=\"section-row -padded-wide--mod-top-only -in-viewport\" data-anchornav=\"Technische Daten\">\n<div class=\"col-wrapper -max-width-limited -decrease-width\">\n<div class=\"col\"><\/div>\n<\/div>\n<\/div>\n<\/div>\n<\/div>\n<\/div>\n<\/div>\n<\/div>\n<\/div>\n","protected":false},"excerpt":{"rendered":"<ul>\n<li class=\" meta\">Miembro de la familia Power X-Change, requiere 1 bater\u00eda de 18 V<\/li>\n<li class=\" meta\">Gran ancho de trabajo para un r\u00e1pido avance del trabajo<\/li>\n<li class=\" meta\">P\u00faas de carbono de 31 cm de largo, robustas y ligeras<\/li>\n<li class=\" meta\">F\u00e1cil de cambiar las p\u00faas intercambiables.<\/li>\n<li class=\" meta\">Regulaci\u00f3n de velocidad para un ajuste \u00f3ptimo de la velocidad<\/li>\n<li class=\"-marked meta\">Funcionamiento continuo para trabajar c\u00f3modamente durante per\u00edodos de tiempo m\u00e1s prolongados<\/li>\n<li class=\"-marked meta\">Mango de aluminio infinitamente telesc\u00f3pico.<\/li>\n<li class=\"-marked meta\">Asa trasera adicional para facilitar el acceso a ramas altas<\/li>\n<li class=\"-marked meta\">Superficies de agarre suave para un agarre seguro y c\u00f3modo<\/li>\n<li class=\"-marked meta\">Correa de transporte ajustable para una distribuci\u00f3n \u00f3ptima del peso<\/li>\n<li class=\"-marked meta\">Incluye soporte de pared para almacenamiento que ahorra espacio<\/li>\n<li class=\"-marked meta\">Se entrega sin bater\u00eda ni cargador (se vende por separado)<\/li>\n<\/ul>\n","protected":false},"featured_media":9061,"template":"","meta":{"_joinchat":[]},"product_cat":[50],"product_tag":[1107],"class_list":{"0":"post-6148","1":"product","2":"type-product","3":"status-publish","4":"has-post-thumbnail","6":"product_cat-herramientas-a-bateria","7":"product_tag-cosechadora-inalambrica","9":"first","10":"instock","11":"product-type-simple"},"_links":{"self":[{"href":"https:\/\/lidertecsa.com.ar\/catalogo\/wp-json\/wp\/v2\/product\/6148"}],"collection":[{"href":"https:\/\/lidertecsa.com.ar\/catalogo\/wp-json\/wp\/v2\/product"}],"about":[{"href":"https:\/\/lidertecsa.com.ar\/catalogo\/wp-json\/wp\/v2\/types\/product"}],"wp:featuredmedia":[{"embeddable":true,"href":"https:\/\/lidertecsa.com.ar\/catalogo\/wp-json\/wp\/v2\/media\/9061"}],"wp:attachment":[{"href":"https:\/\/lidertecsa.com.ar\/catalogo\/wp-json\/wp\/v2\/media?parent=6148"}],"wp:term":[{"taxonomy":"product_cat","embeddable":true,"href":"https:\/\/lidertecsa.com.ar\/catalogo\/wp-json\/wp\/v2\/product_cat?post=6148"},{"taxonomy":"product_tag","embeddable":true,"href":"https:\/\/lidertecsa.com.ar\/catalogo\/wp-json\/wp\/v2\/product_tag?post=6148"}],"curies":[{"name":"wp","href":"https:\/\/api.w.org\/{rel}","templated":true}]}}