{"id":6146,"date":"2024-06-16T18:55:50","date_gmt":"2024-06-16T21:55:50","guid":{"rendered":"https:\/\/lidertecsa.com.ar\/catalogo\/?post_type=product&#038;p=6146"},"modified":"2024-12-13T16:38:12","modified_gmt":"2024-12-13T19:38:12","slug":"lijadora-excentrica-inalambrica-tp-rs-18-32-li-bl-solo","status":"publish","type":"product","link":"https:\/\/lidertecsa.com.ar\/catalogo\/producto\/lijadora-excentrica-inalambrica-tp-rs-18-32-li-bl-solo\/","title":{"rendered":"Lijadora Exc\u00e9ntrica inal\u00e1mbrica TP-RS 18\/32 Li BL &#8211; Solo"},"content":{"rendered":"<div id=\"description\" class=\"section-row -padded-wide--mod-top-only -in-viewport\" data-anchornav=\"Artikelbeschreibung\">\n<div class=\"col-wrapper -max-width-limited\">\n<div class=\"content-item module-description\">\n<div class=\"description-wrapper\">\n<div class=\"col-two\">\n<div class=\"description__content\">\n<div id=\"description\" class=\"section-row -padded-wide--mod-top-only -in-viewport\" data-anchornav=\"Artikelbeschreibung\">\n<div class=\"col-wrapper -max-width-limited\">\n<div class=\"content-item module-description\">\n<div class=\"description-wrapper\">\n<div class=\"col-two\">\n<div class=\"description__content\">\n<p>La lijadora exc\u00e9ntrica a bater\u00eda Einhell Professional TP-RS 18\/32 Li BL-Solo es una lijadora fiable para uso intensivo en el taller. El principio exc\u00e9ntrico garantiza el pulido m\u00e1s fino con un alto rendimiento de pulido y altos \u00edndices de eliminaci\u00f3n. La potencia se puede adaptar al material respectivo y a la tarea correspondiente mediante una electr\u00f3nica de velocidad. Como miembro de la familia Power X-Change, la amoladora inal\u00e1mbrica se puede combinar con todas las bater\u00edas y cargadores de la familia de sistemas. El dispositivo funciona con el motor sin escobillas Einhell PurePOWER. Este motor sin escobillas ofrece m\u00e1s potencia y mayor tiempo de funcionamiento que los motores con escobillas de carb\u00f3n tradicionales. Despu\u00e9s del registro online, se aplica una garant\u00eda de 10 a\u00f1os al motor sin escobillas. El dise\u00f1o plano de la lijadora exc\u00e9ntrica garantiza un manejo \u00f3ptimo, gracias al cual se puede guiar el dispositivo cerca de la pieza de trabajo. Para un guiado \u00f3ptimo del aparato, el molinillo de forma ergon\u00f3mica dispone de superficies de agarre suaves y un mango adicional extra\u00edble. Con su plato lijador de \u00d8 125 mm, la lijadora exc\u00e9ntrica a bater\u00eda trabaja en un circuito oscilante de 3,2 mm. El papel de lija se fija de forma segura a la placa de lijado mediante microvelcro y se cambia f\u00e1cilmente. Para un uso profesional y limpio, la lijadora est\u00e1 equipada con un sistema de extracci\u00f3n de polvo integrado con una caja de recogida de polvo y un filtro plisado extra\u00edble. Alternativamente, se puede utilizar un sistema de extracci\u00f3n de polvo externo, p. B. Se puede conectar un aspirador en seco y h\u00famedo Einhell. El interruptor de encendido\/apagado est\u00e1 protegido contra el polvo. El volumen de suministro incluye 3 lijas, 1 de cada P60, 1 P80 y 1 P120. La lijadora exc\u00e9ntrica a bater\u00eda Einhell Professional TP-RS 18\/32 Li BL-Solo se entrega sin bater\u00eda ni cargador. Estos est\u00e1n disponibles por separado.<\/p>\n<\/div>\n<\/div>\n<\/div>\n<\/div>\n<\/div>\n<\/div>\n<div id=\"technical-details\" class=\"section-row -padded-wide--mod-top-only -in-viewport\" data-anchornav=\"Technische Daten\">\n<div class=\"col-wrapper -max-width-limited -decrease-width\">\n<div class=\"col\">\n<div class=\"content-item module-headline-paragraph headline paragraph -color-headline-black\">\n<h2 class=\"heading delta\">Datos t\u00e9cnicos<\/h2>\n<\/div>\n<div class=\"content-item module-table -styling-beta\">\n<table class=\"table__table\">\n<tbody>\n<tr class=\"-show tr-odd\">\n<td><span class=\"bold\">N\u00famero de bater\u00edas incluidas en la entrega<\/span><\/td>\n<td>0 piezas<\/td>\n<\/tr>\n<tr class=\"-show tr-even\">\n<td><span class=\"bold\">N\u00famero de cargadores incluidos en la entrega<\/span><\/td>\n<td>0 piezas<\/td>\n<\/tr>\n<tr class=\"-show tr-odd\">\n<td><span class=\"bold\">Conexi\u00f3n de succi\u00f3n de di\u00e1metro<\/span><\/td>\n<td>35mm<\/td>\n<\/tr>\n<tr class=\"-show tr-even\">\n<td><span class=\"bold\">Di\u00e1metro de la placa de molienda<\/span><\/td>\n<td>125mm<\/td>\n<\/tr>\n<tr class=\"-show tr-odd\">\n<td><span class=\"bold\">voltaje del motor<\/span><\/td>\n<td>18V<\/td>\n<\/tr>\n<tr class=\"-show tr-even\">\n<td><span class=\"bold\">Tipo de motor<\/span><\/td>\n<td>Motor sin escobillas<\/td>\n<\/tr>\n<tr class=\"-show tr-odd\">\n<td><span class=\"bold\">Peso del Producto<\/span><\/td>\n<td>1,11 kilogramos<\/td>\n<\/tr>\n<tr class=\"-show tr-even\">\n<td><span class=\"bold\">circuito oscilante<\/span><\/td>\n<td>3,2 mm<\/td>\n<\/tr>\n<tr class=\"-show tr-odd\">\n<td><span class=\"bold\">N\u00famero de vibraci\u00f3n m\u00e1x.<\/span><\/td>\n<td>24000 min^-1<\/td>\n<\/tr>\n<tr class=\"-show tr-even\">\n<td><span class=\"bold\">N\u00famero de vibraci\u00f3n m\u00edn.<\/span><\/td>\n<td>6000 min^-1<\/td>\n<\/tr>\n<\/tbody>\n<\/table>\n<\/div>\n<\/div>\n<\/div>\n<\/div>\n<\/div>\n<\/div>\n<\/div>\n<\/div>\n<\/div>\n<\/div>\n","protected":false},"excerpt":{"rendered":"<ul>\n<li class=\" meta\">Miembro de la familia Power X-Change, requiere 1 bater\u00eda de 18 V<\/li>\n<li class=\" meta\">Motor sin escobillas: m\u00e1s potencia y mayor tiempo de funcionamiento<\/li>\n<li class=\" meta\">PurePOWER Brushless: garant\u00eda del motor de 10 a\u00f1os tras el registro<\/li>\n<li class=\" meta\">Electr\u00f3nica de velocidad para trabajos espec\u00edficos de materiales y aplicaciones<\/li>\n<li class=\" meta\">Rectificado m\u00e1s fino con alto rendimiento de rectificado gracias al principio exc\u00e9ntrico<\/li>\n<li class=\"-marked meta\">El papel de lija se mantiene firme gracias a la adhesi\u00f3n de micro-velcro.<\/li>\n<li class=\"-marked meta\">Asa adicional extra\u00edble<\/li>\n<li class=\"-marked meta\">Dise\u00f1o plano para mayor control al lijar<\/li>\n<li class=\"-marked meta\">Trabajo seguro y c\u00f3modo gracias al agarre suave<\/li>\n<li class=\"-marked meta\">Aspiraci\u00f3n de polvo integrada con caja colectora de polvo y filtro plisado<\/li>\n<li class=\"-marked meta\">Conexi\u00f3n de \u00d8 35 mm para extracci\u00f3n de polvo externa.<\/li>\n<li class=\"-marked meta\">Incl. 3x papel de lija (1x P60, P80, P120 cada uno)<\/li>\n<li class=\"-marked meta\">Se entrega sin bater\u00eda ni cargador (se vende por separado)<\/li>\n<\/ul>\n","protected":false},"featured_media":6324,"template":"","meta":{"_joinchat":[]},"product_cat":[50],"product_tag":[352],"class_list":{"0":"post-6146","1":"product","2":"type-product","3":"status-publish","4":"has-post-thumbnail","6":"product_cat-herramientas-a-bateria","7":"product_tag-lijadora-orbital-inalambrica","9":"first","10":"instock","11":"product-type-simple"},"_links":{"self":[{"href":"https:\/\/lidertecsa.com.ar\/catalogo\/wp-json\/wp\/v2\/product\/6146"}],"collection":[{"href":"https:\/\/lidertecsa.com.ar\/catalogo\/wp-json\/wp\/v2\/product"}],"about":[{"href":"https:\/\/lidertecsa.com.ar\/catalogo\/wp-json\/wp\/v2\/types\/product"}],"wp:featuredmedia":[{"embeddable":true,"href":"https:\/\/lidertecsa.com.ar\/catalogo\/wp-json\/wp\/v2\/media\/6324"}],"wp:attachment":[{"href":"https:\/\/lidertecsa.com.ar\/catalogo\/wp-json\/wp\/v2\/media?parent=6146"}],"wp:term":[{"taxonomy":"product_cat","embeddable":true,"href":"https:\/\/lidertecsa.com.ar\/catalogo\/wp-json\/wp\/v2\/product_cat?post=6146"},{"taxonomy":"product_tag","embeddable":true,"href":"https:\/\/lidertecsa.com.ar\/catalogo\/wp-json\/wp\/v2\/product_tag?post=6146"}],"curies":[{"name":"wp","href":"https:\/\/api.w.org\/{rel}","templated":true}]}}