{"id":6141,"date":"2024-06-16T16:30:01","date_gmt":"2024-06-16T19:30:01","guid":{"rendered":"https:\/\/lidertecsa.com.ar\/catalogo\/?post_type=product&#038;p=6141"},"modified":"2024-12-13T16:38:12","modified_gmt":"2024-12-13T19:38:12","slug":"taladro-atornillador-inalambrico-te-cd-18-45-3x-li-22-1x20ah","status":"publish","type":"product","link":"https:\/\/lidertecsa.com.ar\/catalogo\/producto\/taladro-atornillador-inalambrico-te-cd-18-45-3x-li-22-1x20ah\/","title":{"rendered":"Taladro Atornillador Inalambrico TE-CD 18\/45 3X-Li +22 1\u00d72,0Ah"},"content":{"rendered":"<div id=\"description\" class=\"section-row -padded-wide--mod-top-only -in-viewport\" data-anchornav=\"Artikelbeschreibung\">\n<div class=\"col-wrapper -max-width-limited\">\n<div class=\"content-item module-description\">\n<div class=\"description-wrapper\">\n<div class=\"col-two\">\n<div class=\"description__content\">\n<div class=\"content\">\n<div class=\"container\">\n<div class=\"product\">\n<div class=\"tabs\">\n<div class=\"tabs__content\">\n<div id=\"description\" class=\"tabs__item is-open\">\n<div class=\"text\">\n<div class=\"content-block\">\n<div class=\"row\">\n<div class=\"col-lg-6 col-md-6 col-sm-6 col-xs-12\">\n<div id=\"description\" class=\"section-row -padded-wide--mod-top-only -in-viewport\" data-anchornav=\"Descripcion del articulo\">\n<div class=\"col-wrapper -max-width-limited\">\n<div class=\"content-item module-description\">\n<div class=\"description-wrapper\">\n<div class=\"col-two\">\n<div class=\"description__content\">\n<p>El taladro con bater\u00eda TE-CD 18\/45 3X-Li +22 (1\u00d72,0 Ah) de Einhell es una herramienta compacta y vers\u00e1til con engranaje de 2 velocidades y un par m\u00e1ximo de 45 Nm para perforaci\u00f3n potente y r\u00e1pido atornillado. Con la m\u00e1s moderna tecnolog\u00eda con las bater\u00edas de iones de litio de alta calidad de la serie Power X-Change ya no son un problema f\u00e1ciles perforaciones, p. ej. en madera, para un taladro con bater\u00eda. El sistema de bater\u00edas Power X-Change dentro de la familia del sistema puede combinarse de forma flexible y sin l\u00edmites: El talador puede hacerse funcionar con todas las bater\u00edas PXC. El taladro siempre est\u00e1 listo para su uso gracias a la tecnolog\u00eda de iones de litio sin autodescarga. Con los 21 niveles de par, la unidad electr\u00f3nica de velocidad de giro da lugar a un trabajo adaptado al material y a la aplicaci\u00f3n. El portabrocas desmontable ofrece m\u00e1xima flexibilidad al trabajar, la pieza adicional angular de 90\u00ba sirve para el atornillado y perforaci\u00f3n en puntos estrechos, adem\u00e1s, en el alcance del env\u00edo est\u00e1 contenida una pieza adicional exc\u00e9ntrica en el taladro con bater\u00eda para trabajar en esquinas y puntos cerca del borde. La iluminaci\u00f3n LED integrada ofrece un trabajo \u00f3ptimo en zonas oscuras. El dise\u00f1o ergon\u00f3mico del talador aporta un manejo sencillo y c\u00f3modo con el agarre suave para un sost\u00e9n firme y seguro. El portapuntas en el taladro sirve para la conservaci\u00f3n pr\u00e1ctica de las puntas de cambio. El taladro con bater\u00eda se env\u00eda con una bater\u00eda PXC de 2,0 Ah y cargador r\u00e1pido en pr\u00e1ctico malet\u00edn E-Box Basic. Adem\u00e1s, en el alcance del env\u00edo est\u00e1 un set de puntas y brocas de 22 piezas.<\/p>\n<\/div>\n<\/div>\n<\/div>\n<\/div>\n<\/div>\n<p>El taladro con bater\u00eda de Einhell se env\u00eda con una bater\u00eda Power X-Change de 2,0 Ah y un cargador. El taladro con bater\u00eda puede conservarse de forma segura en el pr\u00e1ctico malet\u00edn. Adem\u00e1s, en el alcance del env\u00edo est\u00e1 contenida una caja de puntas\/brocas de 22 piezas compuesta de: 5 brocas de madera (3\/4\/5\/6\/8 mm), 6 puntas de 25 mm (PZ2, PH2, T15, 2x T20, T25), 1 corona perforadora, 1 portapuntas magn\u00e9tico, 6 puntas de 10 mm (PZ2, PH2, T15, T20, 2x T25), 3 puntas de llave tubular(6\/8\/10 mm).<\/p>\n<div class=\"col-wrapper -max-width-limited\">\n<div class=\"content-item module-description\">\n<div class=\"description-wrapper\">\n<div class=\"col-two\">\n<p>Datos Tecnicos<\/p>\n<\/div>\n<\/div>\n<\/div>\n<\/div>\n<\/div>\n<div id=\"technical-details\" class=\"section-row -padded-wide--mod-top-only\" data-anchornav=\"Detalles t\u00e9cnicos\">\n<div class=\"col-wrapper -max-width-limited -decrease-width\">\n<div class=\"col\"><\/div>\n<\/div>\n<\/div>\n<\/div>\n<\/div>\n<\/div>\n<\/div>\n<\/div>\n<\/div>\n<\/div>\n<\/div>\n<\/div>\n<\/div>\n<table width=\"391\">\n<tbody>\n<tr>\n<td width=\"198\">Bater\u00eda<\/td>\n<td width=\"193\">18 V | 2000 mAh | LiIo<\/td>\n<\/tr>\n<tr>\n<td width=\"198\">Tiempo de carga<\/td>\n<td width=\"193\">40min<\/td>\n<\/tr>\n<tr>\n<td width=\"198\">N\u00famero de engranajes<\/td>\n<td width=\"193\">2<\/td>\n<\/tr>\n<tr>\n<td width=\"198\">Ralent\u00ed (engranaje 1)<\/td>\n<td width=\"193\">450 min^-1<\/td>\n<\/tr>\n<tr>\n<td width=\"198\">Ralent\u00ed (engranaje 2)<\/td>\n<td width=\"193\">1600 min^-1<\/td>\n<\/tr>\n<tr>\n<td width=\"198\">Ajuste m\u00e1x. del torque<\/td>\n<td width=\"193\">45 Nm<\/td>\n<\/tr>\n<tr>\n<td width=\"198\">Cantidad de pasos de torque<\/td>\n<td width=\"193\">21 settings<\/td>\n<\/tr>\n<tr>\n<td width=\"198\">Portabrocas<\/td>\n<td width=\"193\">13 mm | Manguito simple<\/td>\n<\/tr>\n<tr>\n<td width=\"198\">Numero de acumuladores<\/td>\n<td width=\"193\">1 Pieces<\/td>\n<\/tr>\n<\/tbody>\n<\/table>\n<\/div>\n<\/div>\n<\/div>\n<\/div>\n<\/div>\n<\/div>\n<div id=\"technical-details\" class=\"section-row -padded-wide--mod-top-only -in-viewport\" data-anchornav=\"Technische Daten\">\n<div class=\"col-wrapper -max-width-limited -decrease-width\">\n<div class=\"col\"><\/div>\n<\/div>\n<\/div>\n","protected":false},"excerpt":{"rendered":"<ul>\n<li class=\" meta\">Miembro de la familia Power X-Change<\/li>\n<li class=\" meta\">Caja de cambios de 2 velocidades para la potente perforaci\u00f3n y atornillado<\/li>\n<li class=\" meta\">Electr\u00f3nica de velocidad para un trabajo adaptado al material y a la aplicaci\u00f3n<\/li>\n<li class=\" meta\">Siempre listo para el uso con la tecnolog\u00eda de iones de litio sin autodescarga<\/li>\n<li class=\" meta\">M\u00e1xima flexibilidad al trabajar con el portabrocas desmontable<\/li>\n<li class=\"meta\">Pieza adicional angular 90\u00ba para atornillado y perforaci\u00f3n en lugares estrechos<\/li>\n<li class=\"meta\">Pieza adicional exc\u00e9ntrica para trabajar en esquinas y puntos pr\u00f3ximos al borde<\/li>\n<li class=\"meta\">Trabajo \u00f3ptimo en zonas oscuras gracias a la iluminaci\u00f3n LED<\/li>\n<li class=\"meta\">Portapuntas en el equipo para pr\u00e1ctica conservaci\u00f3n de puntas de cambio<\/li>\n<li class=\"meta\">La m\u00e1s alta manejabilidad debido a su dise\u00f1o ergon\u00f3mico y al agarre suave<\/li>\n<li class=\"meta\">Env\u00edo con una bater\u00eda PXC de 2,0 Ah y un cargador r\u00e1pido<\/li>\n<li class=\"meta\">Inclusive pr\u00e1ctico set de puntas y brocas de 22 piezas<\/li>\n<li class=\"meta\">Env\u00edo en el malet\u00edn de transporte y almacenamiento E-Box Basic<\/li>\n<\/ul>\n","protected":false},"featured_media":6322,"template":"","meta":{"_joinchat":[]},"product_cat":[50],"product_tag":[57],"class_list":{"0":"post-6141","1":"product","2":"type-product","3":"status-publish","4":"has-post-thumbnail","6":"product_cat-herramientas-a-bateria","7":"product_tag-taladro-a-bateria","9":"first","10":"instock","11":"taxable","12":"shipping-taxable","13":"product-type-simple"},"_links":{"self":[{"href":"https:\/\/lidertecsa.com.ar\/catalogo\/wp-json\/wp\/v2\/product\/6141"}],"collection":[{"href":"https:\/\/lidertecsa.com.ar\/catalogo\/wp-json\/wp\/v2\/product"}],"about":[{"href":"https:\/\/lidertecsa.com.ar\/catalogo\/wp-json\/wp\/v2\/types\/product"}],"wp:featuredmedia":[{"embeddable":true,"href":"https:\/\/lidertecsa.com.ar\/catalogo\/wp-json\/wp\/v2\/media\/6322"}],"wp:attachment":[{"href":"https:\/\/lidertecsa.com.ar\/catalogo\/wp-json\/wp\/v2\/media?parent=6141"}],"wp:term":[{"taxonomy":"product_cat","embeddable":true,"href":"https:\/\/lidertecsa.com.ar\/catalogo\/wp-json\/wp\/v2\/product_cat?post=6141"},{"taxonomy":"product_tag","embeddable":true,"href":"https:\/\/lidertecsa.com.ar\/catalogo\/wp-json\/wp\/v2\/product_tag?post=6141"}],"curies":[{"name":"wp","href":"https:\/\/api.w.org\/{rel}","templated":true}]}}