{"id":6139,"date":"2024-06-16T16:24:34","date_gmt":"2024-06-16T19:24:34","guid":{"rendered":"https:\/\/lidertecsa.com.ar\/catalogo\/?post_type=product&#038;p=6139"},"modified":"2024-12-13T16:38:12","modified_gmt":"2024-12-13T19:38:12","slug":"amoladora-angular-inalambrica-te-ag-18-115-li-solo-2","status":"publish","type":"product","link":"https:\/\/lidertecsa.com.ar\/catalogo\/producto\/amoladora-angular-inalambrica-te-ag-18-115-li-solo-2\/","title":{"rendered":"Amoladora angular inal\u00e1mbrica TE-AG 18\/115 Li-Solo"},"content":{"rendered":"<div id=\"description\" class=\"section-row -padded-wide--mod-top-only -in-viewport\" data-anchornav=\"Artikelbeschreibung\">\n<div class=\"col-wrapper -max-width-limited\">\n<div class=\"content-item module-description\">\n<div class=\"description-wrapper\">\n<div class=\"col-two\">\n<div class=\"description__content\">\n<div id=\"description\" class=\"section-row -padded-wide--mod-top-only -in-viewport\" data-anchornav=\"Artikelbeschreibung\">\n<div class=\"col-wrapper -max-width-limited\">\n<div class=\"content-item module-description\">\n<div class=\"description-wrapper\">\n<div class=\"col-two\">\n<div class=\"description__content\">\n<p><span class=\"heading gamma\">Descripci\u00f3n del Art\u00edculo<\/span>La amoladora angular a bater\u00eda Einhell TE-AG 18\/115 Li \u2013 Solo es la amoladora angular m\u00e1s ligera de su clase y est\u00e1 equipada con una robusta carcasa de engranajes de aluminio. Como miembro de la familia Power X-Change, las bater\u00edas con celdas de iones de litio de alta calidad se pueden utilizar con todos los miembros de la familia Power X-Change. La bater\u00eda y el cargador est\u00e1n disponibles por separado, por ejemplo como potente set b\u00e1sico. Para obtener resultados \u00f3ptimos de corte, esmerilado o desbaste, se recomienda la bater\u00eda de 2,5 Ah o superior. El arranque suave permite un arranque suave y la protecci\u00f3n contra reinicio garantiza una mayor seguridad del usuario. El dise\u00f1o estilizado con empu\u00f1adura suave ergon\u00f3mica y el mango adicional que se puede montar de forma flexible en tres posiciones permiten un manejo c\u00f3modo del dispositivo. El flujo de aire modificado garantiza una refrigeraci\u00f3n \u00f3ptima del dispositivo y un funcionamiento cuidadoso de la transmisi\u00f3n. La protecci\u00f3n del disco se puede adaptar r\u00e1pidamente a cualquier tarea gracias al ajuste r\u00e1pido. La protecci\u00f3n contra sobrecarga garantiza una mayor seguridad y longevidad. La entrega se realiza sin disco de corte.<\/p>\n<\/div>\n<\/div>\n<\/div>\n<\/div>\n<\/div>\n<\/div>\n<div id=\"technical-details\" class=\"section-row -padded-wide--mod-top-only -in-viewport\" data-anchornav=\"Technische Daten\">\n<div class=\"col-wrapper -max-width-limited -decrease-width\">\n<div class=\"col\">\n<div class=\"content-item module-headline-paragraph headline paragraph -color-headline-black\">\n<h2 class=\"heading delta\">Datos t\u00e9cnicos<\/h2>\n<\/div>\n<div class=\"content-item module-table -styling-beta\">\n<table class=\"table__table\">\n<tbody>\n<tr class=\"-show tr-odd\">\n<td><span class=\"bold\">N\u00famero de bater\u00edas incluidas en la entrega<\/span><\/td>\n<td>0 piezas<\/td>\n<\/tr>\n<tr class=\"-show tr-even\">\n<td><span class=\"bold\">Velocidad de ralent\u00ed m\u00e1x.<\/span><\/td>\n<td>8500 min^-1<\/td>\n<\/tr>\n<tr class=\"-show tr-odd\">\n<td><span class=\"bold\">Di\u00e1metro del disco m\u00e1x.<\/span><\/td>\n<td>115mm<\/td>\n<\/tr>\n<tr class=\"-show tr-even\">\n<td><span class=\"bold\">Profundidad de corte m\u00e1x.<\/span><\/td>\n<td>28mm<\/td>\n<\/tr>\n<tr class=\"-show tr-odd\">\n<td><span class=\"bold\">voltaje del motor<\/span><\/td>\n<td>18V<\/td>\n<\/tr>\n<tr class=\"-show tr-even\">\n<td><span class=\"bold\">Tipo de motor<\/span><\/td>\n<td>motor del cepillo<\/td>\n<\/tr>\n<tr class=\"-show tr-odd\">\n<td><span class=\"bold\">Peso del Producto<\/span><\/td>\n<td>1,21 kilogramos<\/td>\n<\/tr>\n<\/tbody>\n<\/table>\n<\/div>\n<\/div>\n<\/div>\n<\/div>\n<\/div>\n<\/div>\n<\/div>\n<\/div>\n<\/div>\n<\/div>\n","protected":false},"excerpt":{"rendered":"<ul>\n<li class=\" meta\">Miembro de la familia Power X-Change<\/li>\n<li class=\" meta\">La amoladora angular m\u00e1s ligera de su clase<\/li>\n<li class=\" meta\">Protecci\u00f3n de arranque y reinicio suave para mayor seguridad del usuario<\/li>\n<li class=\" meta\">Protecci\u00f3n contra sobrecarga para mayor longevidad<\/li>\n<li class=\" meta\">Flujo de aire modificado para una mejor refrigeraci\u00f3n y longevidad.<\/li>\n<li class=\"-marked meta\">Funcionamiento muy suave gracias al desacoplamiento del motor y la transmisi\u00f3n<\/li>\n<li class=\"-marked meta\">Protector de disco con ajuste r\u00e1pido<\/li>\n<li class=\"-marked meta\">Robusta carcasa de engranajes de aluminio<\/li>\n<li class=\"-marked meta\">Dise\u00f1o delgado con agarre suave y ergon\u00f3mico<\/li>\n<li class=\"-marked meta\">El mango adicional se puede montar de forma flexible en 3 posiciones<\/li>\n<li class=\"-marked meta\">Recomendaci\u00f3n para resultados \u00f3ptimos: bater\u00eda de 2,5 Ah y m\u00e1s grande<\/li>\n<li class=\"-marked meta\">Se entrega sin bater\u00eda y sin cargador (se vende por separado)<\/li>\n<li class=\"-marked meta\">Entrega sin disco de corte<\/li>\n<\/ul>\n","protected":false},"featured_media":6321,"template":"","meta":{"_joinchat":[]},"product_cat":[50],"product_tag":[183],"class_list":{"0":"post-6139","1":"product","2":"type-product","3":"status-publish","4":"has-post-thumbnail","6":"product_cat-herramientas-a-bateria","7":"product_tag-amoladora-angular","9":"first","10":"instock","11":"product-type-simple"},"_links":{"self":[{"href":"https:\/\/lidertecsa.com.ar\/catalogo\/wp-json\/wp\/v2\/product\/6139"}],"collection":[{"href":"https:\/\/lidertecsa.com.ar\/catalogo\/wp-json\/wp\/v2\/product"}],"about":[{"href":"https:\/\/lidertecsa.com.ar\/catalogo\/wp-json\/wp\/v2\/types\/product"}],"wp:featuredmedia":[{"embeddable":true,"href":"https:\/\/lidertecsa.com.ar\/catalogo\/wp-json\/wp\/v2\/media\/6321"}],"wp:attachment":[{"href":"https:\/\/lidertecsa.com.ar\/catalogo\/wp-json\/wp\/v2\/media?parent=6139"}],"wp:term":[{"taxonomy":"product_cat","embeddable":true,"href":"https:\/\/lidertecsa.com.ar\/catalogo\/wp-json\/wp\/v2\/product_cat?post=6139"},{"taxonomy":"product_tag","embeddable":true,"href":"https:\/\/lidertecsa.com.ar\/catalogo\/wp-json\/wp\/v2\/product_tag?post=6139"}],"curies":[{"name":"wp","href":"https:\/\/api.w.org\/{rel}","templated":true}]}}