{"id":6137,"date":"2024-06-16T16:20:43","date_gmt":"2024-06-16T19:20:43","guid":{"rendered":"https:\/\/lidertecsa.com.ar\/catalogo\/?post_type=product&#038;p=6137"},"modified":"2024-12-13T16:38:11","modified_gmt":"2024-12-13T19:38:11","slug":"compresor-de-maleta-inalambrico-te-ac-36-8-li-of-set-solo","status":"publish","type":"product","link":"https:\/\/lidertecsa.com.ar\/catalogo\/producto\/compresor-de-maleta-inalambrico-te-ac-36-8-li-of-set-solo\/","title":{"rendered":"Compresor de maleta inal\u00e1mbrico TE-AC 36\/8 Li OF Set Solo"},"content":{"rendered":"<div id=\"description\" class=\"section-row -padded-wide--mod-top-only -in-viewport\" data-anchornav=\"Artikelbeschreibung\">\n<div class=\"col-wrapper -max-width-limited\">\n<div class=\"content-item module-description\">\n<div class=\"description-wrapper\">\n<div class=\"col-two\">\n<div class=\"description__content\">\n<p><span class=\"heading gamma\">Descripci\u00f3n del Art\u00edculo<\/span>El compresor de maleta inal\u00e1mbrico Einhell TE-AC 36\/8 Li OF Set-Solo pertenece a la potente familia Power X-Change. Las bater\u00edas con celdas de iones de litio de alta calidad se pueden combinar con todos los miembros de la familia Power X-Change. El compresor de maleta inal\u00e1mbrico es un ayudante peque\u00f1o pero potente para aplicaciones de hasta un m\u00e1ximo de 8 bar. Esto lo hace adecuado, por ejemplo, para inflar r\u00e1pidamente neum\u00e1ticos de bicicletas, autom\u00f3viles y motocicletas. Incluso los neum\u00e1ticos m\u00e1s exigentes para bicicletas de carreras no suponen ning\u00fan problema para el compresor de maletas alimentado por bater\u00eda gracias a su potente bomba. El dise\u00f1o ergon\u00f3mico y un pr\u00e1ctico asa garantizan movilidad y f\u00e1cil transporte. La bomba sin aceite y sin mantenimiento requiere poco mantenimiento. En la carcasa est\u00e1 integrado un compartimento para guardar la manguera de aire comprimido. Se proporciona una caja de almacenamiento adicional para los adaptadores. El indicador de inflado de neum\u00e1ticos se puede guardar c\u00f3modamente en la carcasa. El volumen de suministro incluye una manguera de aire comprimido de 2,50 metros con acoplamiento r\u00e1pido, un adaptador para utilizar como pistola de aire comprimido, as\u00ed como un indicador de inflado de neum\u00e1ticos y un juego de adaptadores de tres piezas. La entrega no incluye bater\u00eda ni cargador; estos est\u00e1n disponibles por separado. Para operar el compresor de maleta, se requieren 2 bater\u00edas Power X-Change de 18 voltios.<\/p>\n<\/div>\n<\/div>\n<\/div>\n<\/div>\n<\/div>\n<\/div>\n<div id=\"technical-details\" class=\"section-row -padded-wide--mod-top-only -in-viewport\" data-anchornav=\"Technische Daten\">\n<div class=\"col-wrapper -max-width-limited -decrease-width\">\n<div class=\"col\">\n<div class=\"content-item module-headline-paragraph headline paragraph -color-headline-black\">\n<h2 class=\"heading delta\">Datos t\u00e9cnicos<\/h2>\n<\/div>\n<div class=\"content-item module-table -styling-beta\">\n<table class=\"table__table\">\n<tbody>\n<tr class=\"-show tr-odd\">\n<td><span class=\"bold\">Potencia de salida a 0 bar<\/span><\/td>\n<td>90 l\/min<\/td>\n<\/tr>\n<tr class=\"-show tr-even\">\n<td><span class=\"bold\">Salida a 4 bar<\/span><\/td>\n<td>55 l\/min<\/td>\n<\/tr>\n<tr class=\"-show tr-odd\">\n<td><span class=\"bold\">Salida a 7 bar<\/span><\/td>\n<td>38 l\/min<\/td>\n<\/tr>\n<tr class=\"-show tr-even\">\n<td><span class=\"bold\">poder de succi\u00f3n<\/span><\/td>\n<td>130 l\/min<\/td>\n<\/tr>\n<tr class=\"-show tr-odd\">\n<td><span class=\"bold\">N\u00famero de bater\u00edas incluidas en la entrega<\/span><\/td>\n<td>0 piezas<\/td>\n<\/tr>\n<tr class=\"-show tr-even\">\n<td><span class=\"bold\">N\u00famero de cargadores incluidos en la entrega<\/span><\/td>\n<td>0 piezas<\/td>\n<\/tr>\n<tr class=\"-show tr-odd\">\n<td><span class=\"bold\">N\u00famero de cilindros<\/span><\/td>\n<td>PC 1<\/td>\n<\/tr>\n<tr class=\"-show tr-even\">\n<td><span class=\"bold\">Presi\u00f3n de funcionamiento m\u00e1x.<\/span><\/td>\n<td>8 barras<\/td>\n<\/tr>\n<tr class=\"-show tr-odd\">\n<td><span class=\"bold\">La velocidad del motor<\/span><\/td>\n<td>16000 min^-1<\/td>\n<\/tr>\n<tr class=\"-show tr-even\">\n<td><span class=\"bold\">voltaje del motor<\/span><\/td>\n<td>36V<\/td>\n<\/tr>\n<tr class=\"-show tr-odd\">\n<td><span class=\"bold\">Peso del Producto<\/span><\/td>\n<td>5,36 kilos<\/td>\n<\/tr>\n<tr class=\"-show tr-even\">\n<td><span class=\"bold\">Velocidad de la bomba<\/span><\/td>\n<td>3200 min^-1<\/td>\n<\/tr>\n<\/tbody>\n<\/table>\n<\/div>\n<\/div>\n<\/div>\n<\/div>\n","protected":false},"excerpt":{"rendered":"<ul>\n<li class=\" meta\">Miembro de la familia Power X-Change, requiere 2 bater\u00edas de 18 V<\/li>\n<li class=\" meta\">Tecnolog\u00eda TWIN-PACK: 2 bater\u00edas Power X-Change de 18 V: m\u00e1s potencia<\/li>\n<li class=\" meta\">Bomba sin aceite y sin mantenimiento para bajo mantenimiento<\/li>\n<li class=\" meta\">Dise\u00f1o ergon\u00f3mico y asa para f\u00e1cil transporte.<\/li>\n<li class=\" meta\">Numerosas aplicaciones posibles hasta 8 bar<\/li>\n<li class=\"-marked meta\">Compartimento para guardar la manguera de aire comprimido integrado en la carcasa<\/li>\n<li class=\"-marked meta\">Caja de almacenamiento adicional para adaptadores integrada en la carcasa<\/li>\n<li class=\"-marked meta\">El medidor de inflado de neum\u00e1ticos se puede guardar c\u00f3modamente en la carcasa<\/li>\n<li class=\"-marked meta\">Incl. manguera de aire comprimido de 2,50 metros con acoplamiento r\u00e1pido<\/li>\n<li class=\"-marked meta\">Incl. adaptador de soplado, indicador de inflado de neum\u00e1ticos y 3 piezas. Juego de adaptadores<\/li>\n<li class=\"-marked meta\">Se entrega sin bater\u00eda y sin cargador (se vende por separado)<\/li>\n<\/ul>\n","protected":false},"featured_media":6320,"template":"","meta":{"_joinchat":[]},"product_cat":[50],"product_tag":[706],"class_list":{"0":"post-6137","1":"product","2":"type-product","3":"status-publish","4":"has-post-thumbnail","6":"product_cat-herramientas-a-bateria","7":"product_tag-compresor-inalambrico","9":"first","10":"instock","11":"taxable","12":"shipping-taxable","13":"product-type-simple"},"_links":{"self":[{"href":"https:\/\/lidertecsa.com.ar\/catalogo\/wp-json\/wp\/v2\/product\/6137"}],"collection":[{"href":"https:\/\/lidertecsa.com.ar\/catalogo\/wp-json\/wp\/v2\/product"}],"about":[{"href":"https:\/\/lidertecsa.com.ar\/catalogo\/wp-json\/wp\/v2\/types\/product"}],"wp:featuredmedia":[{"embeddable":true,"href":"https:\/\/lidertecsa.com.ar\/catalogo\/wp-json\/wp\/v2\/media\/6320"}],"wp:attachment":[{"href":"https:\/\/lidertecsa.com.ar\/catalogo\/wp-json\/wp\/v2\/media?parent=6137"}],"wp:term":[{"taxonomy":"product_cat","embeddable":true,"href":"https:\/\/lidertecsa.com.ar\/catalogo\/wp-json\/wp\/v2\/product_cat?post=6137"},{"taxonomy":"product_tag","embeddable":true,"href":"https:\/\/lidertecsa.com.ar\/catalogo\/wp-json\/wp\/v2\/product_tag?post=6137"}],"curies":[{"name":"wp","href":"https:\/\/api.w.org\/{rel}","templated":true}]}}