{"id":6125,"date":"2024-06-16T15:56:49","date_gmt":"2024-06-16T18:56:49","guid":{"rendered":"https:\/\/lidertecsa.com.ar\/catalogo\/?post_type=product&#038;p=6125"},"modified":"2024-12-13T16:38:10","modified_gmt":"2024-12-13T19:38:10","slug":"rotomartillo-te-rh-32-1600-4f","status":"publish","type":"product","link":"https:\/\/lidertecsa.com.ar\/catalogo\/producto\/rotomartillo-te-rh-32-1600-4f\/","title":{"rendered":"Rotomartillo TE-RH 32-1600 4F"},"content":{"rendered":"<div id=\"description\" class=\"section-row -padded-wide--mod-top-only -in-viewport\" data-anchornav=\"Artikelbeschreibung\">\n<div class=\"col-wrapper -max-width-limited\">\n<div class=\"content-item module-description\">\n<div class=\"description-wrapper\">\n<div class=\"col-two\">\n<div class=\"description__content\">\n<p>El taladro percutor Einhell TE-RH 32-1600 4F procesa potentemente una amplia variedad de materiales con cuatro funciones: mediante un interruptor de funci\u00f3n, puede elegir entre taladrar, taladrar con percusi\u00f3n y cincelar con o sin fijaci\u00f3n. El mecanismo de percusi\u00f3n neum\u00e1tico garantiza una propulsi\u00f3n ideal tanto en trabajos de cincelado y demolici\u00f3n como, por ejemplo, en trabajos de perforaci\u00f3n. B. en hormig\u00f3n o piedra. Con electr\u00f3nica de velocidad, 1600 vatios y una fuerza de impacto de 4,5 julios, el dispositivo garantiza mucha potencia y un trabajo preciso. Gracias al cable de 3 m de longitud, deja suficiente espacio para una gran libertad de movimiento. El tope de profundidad de perforaci\u00f3n de ajuste continuo est\u00e1 fabricado de metal macizo, al igual que el engranaje. El robusto portaherramientas SDS-plus con funci\u00f3n semiautom\u00e1tica garantiza un cambio de herramienta r\u00e1pido y sencillo. El mango con amortiguaci\u00f3n de vibraciones y superficie de agarre suave se complementa con un mango adicional con nervaduras. Esto permite guiar el dispositivo con precisi\u00f3n incluso en condiciones dif\u00edciles. El martillo perforador TE-RH 32-1600 4F de Einhell se entrega en un pr\u00e1ctico malet\u00edn de transporte y almacenamiento.<\/p>\n<\/div>\n<\/div>\n<\/div>\n<\/div>\n<\/div>\n<\/div>\n<div id=\"technical-details\" class=\"section-row -padded-wide--mod-top-only -in-viewport\" data-anchornav=\"Technische Daten\">\n<div class=\"col-wrapper -max-width-limited -decrease-width\">\n<div class=\"col\">\n<div class=\"content-item module-headline-paragraph headline paragraph -color-headline-black\">\n<h2 class=\"heading delta\">Datos t\u00e9cnicos<\/h2>\n<\/div>\n<div class=\"content-item module-table -styling-beta\">\n<table class=\"table__table\">\n<tbody>\n<tr class=\"-show tr-odd\">\n<td><span class=\"bold\">N\u00famero de marchas de transmisi\u00f3n.<\/span><\/td>\n<td>1<\/td>\n<\/tr>\n<tr class=\"-show tr-even\">\n<td><span class=\"bold\">Actuaci\u00f3n<\/span><\/td>\n<td>1600W<\/td>\n<\/tr>\n<tr class=\"-show tr-odd\">\n<td><span class=\"bold\">Longitud del cable de alimentaci\u00f3n<\/span><\/td>\n<td>3 metros<\/td>\n<\/tr>\n<tr class=\"-show tr-even\">\n<td><span class=\"bold\">Material del engranaje<\/span><\/td>\n<td>metal<\/td>\n<\/tr>\n<tr class=\"-show tr-odd\">\n<td><span class=\"bold\">Capacidad m\u00e1x. de perforaci\u00f3n de hormig\u00f3n<\/span><\/td>\n<td>32mm<\/td>\n<\/tr>\n<tr class=\"-show tr-even\">\n<td><span class=\"bold\">Peso del Producto<\/span><\/td>\n<td>5,33 kilogramos<\/td>\n<\/tr>\n<tr class=\"-show tr-odd\">\n<td><span class=\"bold\">Fuerza de impacto<\/span><\/td>\n<td>4,5 a\u00f1os<\/td>\n<\/tr>\n<\/tbody>\n<\/table>\n<\/div>\n<\/div>\n<\/div>\n<\/div>\n","protected":false},"excerpt":{"rendered":"<ul>\n<li class=\" meta\">4 funciones: taladrar\/taladrar con percutor\/cincelar con y sin fijaci\u00f3n<\/li>\n<li class=\" meta\">F\u00e1cil de usar: interruptor de una posici\u00f3n para todas las funciones<\/li>\n<li class=\" meta\">Potente para trabajos de demolici\u00f3n gracias a su alto rendimiento y resistencia al impacto<\/li>\n<li class=\" meta\">Funci\u00f3n de taladro para perforar metal, azulejos y madera.<\/li>\n<li class=\" meta\">Embrague deslizante de sobrecarga para mayor seguridad del usuario<\/li>\n<li class=\"-marked meta\">Superficies de agarre suave para un trabajo seguro y c\u00f3modo<\/li>\n<li class=\"-marked meta\">Fijaci\u00f3n segura del mango adicional<\/li>\n<li class=\"-marked meta\">Mango con amortiguaci\u00f3n de vibraciones para trabajos con pocas vibraciones<\/li>\n<li class=\"-marked meta\">Mecanismo de impacto neum\u00e1tico para una muy buena propulsi\u00f3n.<\/li>\n<li class=\"-marked meta\">Robusto portaherramientas SDS-plus con sistema semiautom\u00e1tico<\/li>\n<li class=\"-marked meta\">Electr\u00f3nica de velocidad para taladrar y atornillar con cuidado<\/li>\n<li class=\"-marked meta\">Tope de profundidad de perforaci\u00f3n de metal macizo con ajuste continuo<\/li>\n<li class=\"-marked meta\">Entregado en un estuche de transporte y almacenamiento E-Box<\/li>\n<\/ul>\n","protected":false},"featured_media":6314,"template":"","meta":{"_joinchat":[]},"product_cat":[181],"product_tag":[188],"class_list":{"0":"post-6125","1":"product","2":"type-product","3":"status-publish","4":"has-post-thumbnail","6":"product_cat-herramientas-electricas","7":"product_tag-rotomartillo-sds-plus-electroneumatico","9":"first","10":"instock","11":"product-type-simple"},"_links":{"self":[{"href":"https:\/\/lidertecsa.com.ar\/catalogo\/wp-json\/wp\/v2\/product\/6125"}],"collection":[{"href":"https:\/\/lidertecsa.com.ar\/catalogo\/wp-json\/wp\/v2\/product"}],"about":[{"href":"https:\/\/lidertecsa.com.ar\/catalogo\/wp-json\/wp\/v2\/types\/product"}],"wp:featuredmedia":[{"embeddable":true,"href":"https:\/\/lidertecsa.com.ar\/catalogo\/wp-json\/wp\/v2\/media\/6314"}],"wp:attachment":[{"href":"https:\/\/lidertecsa.com.ar\/catalogo\/wp-json\/wp\/v2\/media?parent=6125"}],"wp:term":[{"taxonomy":"product_cat","embeddable":true,"href":"https:\/\/lidertecsa.com.ar\/catalogo\/wp-json\/wp\/v2\/product_cat?post=6125"},{"taxonomy":"product_tag","embeddable":true,"href":"https:\/\/lidertecsa.com.ar\/catalogo\/wp-json\/wp\/v2\/product_tag?post=6125"}],"curies":[{"name":"wp","href":"https:\/\/api.w.org\/{rel}","templated":true}]}}