{"id":6123,"date":"2024-06-16T15:41:06","date_gmt":"2024-06-16T18:41:06","guid":{"rendered":"https:\/\/lidertecsa.com.ar\/catalogo\/?post_type=product&#038;p=6123"},"modified":"2024-12-13T16:38:10","modified_gmt":"2024-12-13T19:38:10","slug":"lijadora-y-amoladora-de-banco-tc-us-350","status":"publish","type":"product","link":"https:\/\/lidertecsa.com.ar\/catalogo\/producto\/lijadora-y-amoladora-de-banco-tc-us-350\/","title":{"rendered":"Lijadora y Amoladora de Banco TC-US 350"},"content":{"rendered":"<div id=\"description\" class=\"section-row -padded-wide--mod-top-only -in-viewport\" data-anchornav=\"Descripcion del articulo\">\n<div class=\"col-wrapper -max-width-limited\">\n<div class=\"content-item module-description\">\n<div class=\"description-wrapper\">\n<div class=\"col-two\">\n<div class=\"description__content\">\n<div id=\"description\" class=\"section-row -padded-wide--mod-top-only -in-viewport\" data-anchornav=\"Descripcion del articulo\">\n<div class=\"col-wrapper -max-width-limited\">\n<div class=\"content-item module-description\">\n<div class=\"description-wrapper\">\n<div class=\"col-two\">\n<div class=\"description__content\">\n<div id=\"description\" class=\"section-row -padded-wide--mod-top-only -in-viewport\" data-anchornav=\"Descripcion del articulo\">\n<div class=\"col-wrapper -max-width-limited\">\n<div class=\"content-item module-description\">\n<div class=\"description-wrapper\">\n<div class=\"col-two\">\n<div class=\"description__content\">\n<div id=\"description\" class=\"section-row -padded-wide--mod-top-only -in-viewport\" data-anchornav=\"Descripcion del articulo\">\n<div class=\"col-wrapper -max-width-limited\">\n<div class=\"content-item module-description\">\n<div class=\"description-wrapper\">\n<div class=\"col-two\">\n<div class=\"description__content\">\n<div id=\"description\" class=\"section-row -padded-wide--mod-top-only -in-viewport\" data-anchornav=\"Descripcion del articulo\">\n<div class=\"col-wrapper -max-width-limited\">\n<div class=\"content-item module-description\">\n<div class=\"description-wrapper\">\n<div class=\"col-two\">\n<div class=\"description__content\">\n<div id=\"description\" class=\"section-row -padded-wide--mod-top-only -in-viewport\" data-anchornav=\"Descripcion del articulo\">\n<div class=\"col-wrapper -max-width-limited\">\n<div class=\"content-item module-description\">\n<div class=\"description-wrapper\">\n<div class=\"col-two\">\n<div class=\"description__content\">\n<div id=\"description\" class=\"section-row -padded-wide--mod-top-only -in-viewport\" data-anchornav=\"Descripcion del articulo\">\n<div class=\"col-wrapper -max-width-limited\">\n<div class=\"content-item module-description\">\n<div class=\"description-wrapper\">\n<div class=\"col-two\">\n<div class=\"description__content\">\n<p>La esmeriladora de banda vertical TC-US 350 de Einhell dispone de una funci\u00f3n de banda de lija y disco abrasivo con una potencia de 350 vatios. La esmeriladora combinada convence gracias a una capacidad de remoci\u00f3n muy alta, idealmente tambi\u00e9n para mayores trabajos en madera. Debido a los diferentes ajustes de rectificado y los granulados se puede usar la esmeriladora de banda vertical individualmente. La cubierta protectora cerrada lateralmente proporciona la seguridad durante el uso, asimismo el cristal protector contra chispas ajustable sin herramientas. La construcci\u00f3n estable y sin torsi\u00f3n en combinaci\u00f3n con los grandes apoyos de trabajo ajustables es ideal para las distintas aplicaciones \u2013 tambi\u00e9n para el mecanizado de piezas de madera grandes y anchas. Las cuatro patas de goma amortiguan las vibraciones para una posici\u00f3n vertical fija y segura. En el env\u00edo est\u00e1 contenido un disco abrasivo basto y una banda de lija.<\/p>\n<\/div>\n<\/div>\n<\/div>\n<\/div>\n<\/div>\n<\/div>\n<\/div>\n<\/div>\n<\/div>\n<\/div>\n<\/div>\n<\/div>\n<\/div>\n<\/div>\n<\/div>\n<\/div>\n<\/div>\n<\/div>\n<\/div>\n<\/div>\n<\/div>\n<\/div>\n<\/div>\n<\/div>\n<div id=\"technical-details\" class=\"section-row -padded-wide--mod-top-only\" data-anchornav=\"Detalles t\u00e9cnicos\">\n<div class=\"col-wrapper -max-width-limited -decrease-width\">\n<div class=\"col\">\n<div class=\"content-item module-headline-paragraph headline paragraph -color-headline-black\"><\/div>\n<\/div>\n<\/div>\n<\/div>\n<\/div>\n<\/div>\n<\/div>\n<\/div>\n<\/div>\n<\/div>\n<div id=\"technical-details\" class=\"section-row -padded-wide--mod-top-only\" data-anchornav=\"Detalles t\u00e9cnicos\">\n<div class=\"col-wrapper -max-width-limited -decrease-width\">\n<div class=\"col\">\n<div class=\"content-item module-headline-paragraph headline paragraph -color-headline-black\"><\/div>\n<\/div>\n<\/div>\n<\/div>\n<\/div>\n<\/div>\n<\/div>\n<\/div>\n<\/div>\n<\/div>\n<\/div>\n<\/div>\n<\/div>\n<\/div>\n<\/div>\n<\/div>\n<div id=\"technical-details\" class=\"section-row -padded-wide--mod-top-only\" data-anchornav=\"Detalles t\u00e9cnicos\">\n<div class=\"col-wrapper -max-width-limited -decrease-width\">\n<div class=\"col\">\n<div class=\"content-item module-headline-paragraph headline paragraph -color-headline-black\">\n<table class=\"table__table\">\n<tbody>\n<tr class=\"-show tr-odd\">\n<td><span class=\"bold\">Suministro de red<\/span><\/td>\n<td>220-240 V | 50 Hz<\/td>\n<\/tr>\n<tr class=\"-show tr-even\">\n<td><span class=\"bold\">Potencia m\u00e1x. del motor (S2 | tiempo S2)<\/span><\/td>\n<td>350 W | 30 min<\/td>\n<\/tr>\n<tr class=\"-show tr-odd\">\n<td><span class=\"bold\">Ralent\u00ed<\/span><\/td>\n<td>2980 min^-1<\/td>\n<\/tr>\n<tr class=\"-show tr-even\">\n<td><span class=\"bold\">Grinding wheel mount diameter<\/span><\/td>\n<td>12.7 mm<\/td>\n<\/tr>\n<tr class=\"-show tr-odd\">\n<td><span class=\"bold\">Muela<\/span><\/td>\n<td>150 mm x 32 mm<\/td>\n<\/tr>\n<tr class=\"-show tr-even\">\n<td><span class=\"bold\">Tama\u00f1o de grano de la muela abrasiva<\/span><\/td>\n<td>36<\/td>\n<\/tr>\n<tr class=\"-show tr-odd\">\n<td><span class=\"bold\">Cinta de lijado<\/span><\/td>\n<td>686 mm x 50 mm<\/td>\n<\/tr>\n<tr class=\"-show tr-even\">\n<td><span class=\"bold\">Tama\u00f1o de grano de la banda de lijado<\/span><\/td>\n<td>80<\/td>\n<\/tr>\n<\/tbody>\n<\/table>\n<\/div>\n<\/div>\n<\/div>\n<\/div>\n","protected":false},"excerpt":{"rendered":"<ul class=\"more-list\">\n<li class=\" meta\">Funci\u00f3n de banda de lija y disco abrasivo<\/li>\n<li class=\" meta\">Cubierta protectora cerrada lateralmente para un trabajo seguro<\/li>\n<li class=\" meta\">Cristal protector contra chispas ajustable, totalmente sin herramienta<\/li>\n<li class=\" meta\">Grandes soportes de trabajo ajustables para diferentes aplicaciones<\/li>\n<li class=\" meta\">Construcci\u00f3n estable y libre de torsi\u00f3n<\/li>\n<li class=\"meta\">4 patas de goma para una posici\u00f3n vertical segura y con bajo nivel de vibraciones<\/li>\n<li class=\"meta\">Incl. disco abrasivo basto<\/li>\n<li class=\"meta\">Incl. banda de lija<\/li>\n<\/ul>\n","protected":false},"featured_media":6313,"template":"","meta":{"_joinchat":[]},"product_cat":[181],"product_tag":[224],"class_list":{"0":"post-6123","1":"product","2":"type-product","3":"status-publish","4":"has-post-thumbnail","6":"product_cat-herramientas-electricas","7":"product_tag-amoladora-de-banco","9":"first","10":"instock","11":"product-type-simple"},"_links":{"self":[{"href":"https:\/\/lidertecsa.com.ar\/catalogo\/wp-json\/wp\/v2\/product\/6123"}],"collection":[{"href":"https:\/\/lidertecsa.com.ar\/catalogo\/wp-json\/wp\/v2\/product"}],"about":[{"href":"https:\/\/lidertecsa.com.ar\/catalogo\/wp-json\/wp\/v2\/types\/product"}],"wp:featuredmedia":[{"embeddable":true,"href":"https:\/\/lidertecsa.com.ar\/catalogo\/wp-json\/wp\/v2\/media\/6313"}],"wp:attachment":[{"href":"https:\/\/lidertecsa.com.ar\/catalogo\/wp-json\/wp\/v2\/media?parent=6123"}],"wp:term":[{"taxonomy":"product_cat","embeddable":true,"href":"https:\/\/lidertecsa.com.ar\/catalogo\/wp-json\/wp\/v2\/product_cat?post=6123"},{"taxonomy":"product_tag","embeddable":true,"href":"https:\/\/lidertecsa.com.ar\/catalogo\/wp-json\/wp\/v2\/product_tag?post=6123"}],"curies":[{"name":"wp","href":"https:\/\/api.w.org\/{rel}","templated":true}]}}