{"id":6115,"date":"2024-06-16T15:24:33","date_gmt":"2024-06-16T18:24:33","guid":{"rendered":"https:\/\/lidertecsa.com.ar\/catalogo\/?post_type=product&#038;p=6115"},"modified":"2024-12-13T16:38:08","modified_gmt":"2024-12-13T19:38:08","slug":"pulverizador-inalambrico-ge-ws-18-10-li-solo","status":"publish","type":"product","link":"https:\/\/lidertecsa.com.ar\/catalogo\/producto\/pulverizador-inalambrico-ge-ws-18-10-li-solo\/","title":{"rendered":"Pulverizador Inalambrico GE-WS 18\/10 Li Solo"},"content":{"rendered":"<p>El pulverizador a presi\u00f3n a bater\u00eda GE-WS 18\/10 Li-Solo pertenece a la potente familia Power X-Change, en la que se pueden combinar de forma flexible todas las bater\u00edas, cargadores y dispositivos del sistema.\u00a0El pulverizador a presi\u00f3n contribuye a la aplicaci\u00f3n uniforme de esti\u00e9rcol l\u00edquido, fitosanitarios y herbicidas en el jard\u00edn de casa.\u00a0Adem\u00e1s, el dispositivo pulverizador se puede utilizar junto con desinfectante l\u00edquido para limpiar diversas superficies sin g\u00e9rmenes.\u00a0El pulverizador a presi\u00f3n est\u00e1 equipado con una bomba autom\u00e1tica que mueve 1,3 bar y bombea hasta 9,6 litros por hora.\u00a0No es necesario un aumento manual de presi\u00f3n mediante un costoso bombeo manual.\u00a0El dep\u00f3sito compacto y transparente tiene capacidad para 1 litro de l\u00edquido.\u00a0El nivel siempre es visible mediante la escala integrada.\u00a0Simplemente \u00e1bralo, ci\u00e9rrelo y s\u00e1quelo del dispositivo a trav\u00e9s del soporte grande. Gracias a su dise\u00f1o delgado y ergon\u00f3mico y a sus \u00e1reas especiales de agarre suave, el rociador de jard\u00edn compacto y liviano con bater\u00eda de 0,6 kg se adapta c\u00f3modamente a la mano.\u00a0La boquilla de lat\u00f3n se puede ajustar individualmente para regular el chorro de pulverizaci\u00f3n.<\/p>\n","protected":false},"excerpt":{"rendered":"<ul>\n<li class=\"--descriptionList__item --body\">Miembro de la familia Power X-Change, requiere 1 bater\u00eda de 18 V<\/li>\n<li class=\"--descriptionList__item --body\">Sin acumulaci\u00f3n de presi\u00f3n manual gracias a la bomba autom\u00e1tica<\/li>\n<li class=\"--descriptionList__item --body\">Tanque peque\u00f1o y transparente con escala para un control sencillo<\/li>\n<li class=\"--descriptionList__item --body\">Boquilla de lat\u00f3n ajustable individualmente<\/li>\n<li class=\"--descriptionList__item --body\">Dise\u00f1o compacto, manejable y ligero<\/li>\n<li class=\"--descriptionList__item --body\">Soporte met\u00e1lico para facilitar la apertura y cierre del dep\u00f3sito.<\/li>\n<li class=\"--descriptionList__item --body\">Por ejemplo, fertilizaci\u00f3n\/destrucci\u00f3n de malas hierbas\/desinfectante.<\/li>\n<\/ul>\n","protected":false},"featured_media":6309,"template":"","meta":{"_joinchat":[]},"product_cat":[50],"product_tag":[263],"class_list":{"0":"post-6115","1":"product","2":"type-product","3":"status-publish","4":"has-post-thumbnail","6":"product_cat-herramientas-a-bateria","7":"product_tag-pulverizador","9":"first","10":"instock","11":"product-type-simple"},"_links":{"self":[{"href":"https:\/\/lidertecsa.com.ar\/catalogo\/wp-json\/wp\/v2\/product\/6115"}],"collection":[{"href":"https:\/\/lidertecsa.com.ar\/catalogo\/wp-json\/wp\/v2\/product"}],"about":[{"href":"https:\/\/lidertecsa.com.ar\/catalogo\/wp-json\/wp\/v2\/types\/product"}],"wp:featuredmedia":[{"embeddable":true,"href":"https:\/\/lidertecsa.com.ar\/catalogo\/wp-json\/wp\/v2\/media\/6309"}],"wp:attachment":[{"href":"https:\/\/lidertecsa.com.ar\/catalogo\/wp-json\/wp\/v2\/media?parent=6115"}],"wp:term":[{"taxonomy":"product_cat","embeddable":true,"href":"https:\/\/lidertecsa.com.ar\/catalogo\/wp-json\/wp\/v2\/product_cat?post=6115"},{"taxonomy":"product_tag","embeddable":true,"href":"https:\/\/lidertecsa.com.ar\/catalogo\/wp-json\/wp\/v2\/product_tag?post=6115"}],"curies":[{"name":"wp","href":"https:\/\/api.w.org\/{rel}","templated":true}]}}