{"id":611,"date":"2023-06-18T07:43:25","date_gmt":"2023-06-18T10:43:25","guid":{"rendered":"https:\/\/lidertecsa.com.ar\/catalogo\/?post_type=product&#038;p=611"},"modified":"2024-12-13T16:30:45","modified_gmt":"2024-12-13T19:30:45","slug":"lijadora-telescopica-tc-dw-225","status":"publish","type":"product","link":"https:\/\/lidertecsa.com.ar\/catalogo\/producto\/lijadora-telescopica-tc-dw-225\/","title":{"rendered":"Lijadora telesc\u00f3pica TC-DW 225"},"content":{"rendered":"<p>La pulidora\/lijadora telesc\u00f3pica de obra seca TC-DW 225 de Einhell es un ayudante pr\u00e1ctico y universal en el acabado interior y en la renovaci\u00f3n para cada aficionado exigente. Gracias al potente motor de 600 W con engranaje angular de metal de alta calidad, se consiguen de forma r\u00e1pida y sin esfuerzo todas las tareas de pulido en los trabajos de obra en seco, como por ejemplo, el alisado de las paredes y techos, as\u00ed como la retirada de los restos de tapetes, pintura, enlucido suelto, etc. En el gran plato con di\u00e1metro de 225 mm se puede montar y cambiar de forma sencilla los discos abrasivos mediante el pr\u00e1ctico sistema de velcro. La adaptaci\u00f3n \u00f3ptima de la velocidad de pulido a distintos fondos a mecanizar se puede ajustar de forma r\u00e1pida y sencilla mediante la regulaci\u00f3n del n\u00famero de revoluciones. Para los mejores resultados y el trabajo c\u00f3modo, esta pulidora en seco est\u00e1 equipada de un mango telesc\u00f3pico hasta 165 cm de longitud y un asa en T ergon\u00f3mica, a fin de poder trabajar sin esfuerzo tambi\u00e9n durante el mecanizado del techo. Adicionalmente una r\u00f3tula y el apoyo por resorte de la corona de escobillas proporciona una movilidad ilimitada del cabezal de pulido, a fin de posibilitar tambi\u00e9n un radio de acci\u00f3n lo mayor posible durante el trabajo sobre, por ejemplo, escaleras. El polvo que se produce se aspira mediante un pr\u00e1ctico sistema de aspiraci\u00f3n en conexi\u00f3n con un equipo de aspiraci\u00f3n adicional (aspirador en seco) directamente del disco abrasivo y por consiguiente posibilita en todo momento un puesto de trabajo limpio sin molesta desprendimiento de polvo. Despu\u00e9s del trabajo o en caso de breve interrupci\u00f3n del trabajo, el equipo se puede depositar gracias al pie de apoyo estable sin que se tuerza el tubo flexible de aspiraci\u00f3n. El mango de guiado del equipo de pulido est\u00e1 realizado de forma plegable para el montaje y desmontaje r\u00e1pido, as\u00ed como almacenamiento ahorrando espacio. El suministro se realiza en el pr\u00e1ctico malet\u00edn de transporte y almacenamiento, inclusive 6 discos abrasivos de \u00d8225 mm y granulados de P60, P80 y P120 (2 piezas por granulado) para el inicio inmediato del proyecto.<\/p>\n<table width=\"500\">\n<tbody>\n<tr>\n<td colspan=\"2\" width=\"500\">T\u00e9cnico<\/td>\n<\/tr>\n<tr>\n<td width=\"296\">Suministro de red<\/td>\n<td width=\"204\">230-240 V |\u00a050 Hz<\/td>\n<\/tr>\n<tr>\n<td width=\"296\">Poder<\/td>\n<td width=\"204\">600 W<\/td>\n<\/tr>\n<tr>\n<td width=\"296\">Sin velocidad de carga<\/td>\n<td width=\"204\">600 min ^ -1 \u2013 1500 min ^ -1<\/td>\n<\/tr>\n<tr>\n<td width=\"296\">Di\u00e1metro de la muela abrasiva<\/td>\n<td width=\"204\">225 mil\u00edmetros<\/td>\n<\/tr>\n<tr>\n<td width=\"296\">Longitud del art\u00edculo<\/td>\n<td width=\"204\">1100 mm \u2013 1650 mm<\/td>\n<\/tr>\n<tr>\n<td width=\"296\">Longitud del cable de alimentaci\u00f3n<\/td>\n<td width=\"204\">400 cm<\/td>\n<\/tr>\n<\/tbody>\n<\/table>\n","protected":false},"excerpt":{"rendered":"<ul class=\"more-list\">\n<li class=\"more-item\">Potente motor de 600 W y engranaje angular de metal y alto valor<\/li>\n<li>Lijadora de Pared Extensible<\/li>\n<li>Velocidad: 600 \u2013 1500 rpm<\/li>\n<li>Diametro de Plato: 225mm<\/li>\n<li>Largo de manguera: 4m<\/li>\n<li class=\"more-item\">Gran plato de lija con pr\u00e1ctico sistema de velcro<\/li>\n<li class=\"more-item\">Cojinete de r\u00f3tula para movilidad ilimitada del cabezal de lija<\/li>\n<li class=\"more-item\">Adaptaci\u00f3n a distintas superficies mediante regulaci\u00f3n del n\u00famero de revoluciones<\/li>\n<li class=\"more-item\">Mango telesc\u00f3pico hasta 165 cm sin escalonamiento<\/li>\n<li class=\"more-item\">Ergonom\u00eda \u00f3ptima mediante asa en T para el tratamiento de techos<\/li>\n<li class=\"more-item\">Soporte por resorte de la corona de escobillas<\/li>\n<li class=\"more-item\">Pr\u00e1ctico pie de apoyo para la protecci\u00f3n del tubo flexible frente a la torsi\u00f3n<\/li>\n<li class=\"more-item\">Mango de guiado plegable para un montaje y desmontaje r\u00e1pido<\/li>\n<li class=\"more-item\">Inclusive 6 discos abrasivos \u00d8225mm (2*P60\/2*P80\/2*P120)<\/li>\n<li class=\"more-item\">Suministro en pr\u00e1ctico malet\u00edn de transporte y almacenamiento<\/li>\n<\/ul>\n","protected":false},"featured_media":3271,"template":"","meta":{"_joinchat":[]},"product_cat":[181],"product_tag":[206],"class_list":{"0":"post-611","1":"product","2":"type-product","3":"status-publish","4":"has-post-thumbnail","6":"product_cat-herramientas-electricas","7":"product_tag-lijadora-telescopica","9":"first","10":"instock","11":"product-type-simple"},"_links":{"self":[{"href":"https:\/\/lidertecsa.com.ar\/catalogo\/wp-json\/wp\/v2\/product\/611"}],"collection":[{"href":"https:\/\/lidertecsa.com.ar\/catalogo\/wp-json\/wp\/v2\/product"}],"about":[{"href":"https:\/\/lidertecsa.com.ar\/catalogo\/wp-json\/wp\/v2\/types\/product"}],"wp:featuredmedia":[{"embeddable":true,"href":"https:\/\/lidertecsa.com.ar\/catalogo\/wp-json\/wp\/v2\/media\/3271"}],"wp:attachment":[{"href":"https:\/\/lidertecsa.com.ar\/catalogo\/wp-json\/wp\/v2\/media?parent=611"}],"wp:term":[{"taxonomy":"product_cat","embeddable":true,"href":"https:\/\/lidertecsa.com.ar\/catalogo\/wp-json\/wp\/v2\/product_cat?post=611"},{"taxonomy":"product_tag","embeddable":true,"href":"https:\/\/lidertecsa.com.ar\/catalogo\/wp-json\/wp\/v2\/product_tag?post=611"}],"curies":[{"name":"wp","href":"https:\/\/api.w.org\/{rel}","templated":true}]}}