{"id":609,"date":"2023-06-18T07:39:18","date_gmt":"2023-06-18T10:39:18","guid":{"rendered":"https:\/\/lidertecsa.com.ar\/catalogo\/?post_type=product&#038;p=609"},"modified":"2024-12-13T16:30:45","modified_gmt":"2024-12-13T19:30:45","slug":"engalletadora-fresadora-tc-bj-900","status":"publish","type":"product","link":"https:\/\/lidertecsa.com.ar\/catalogo\/producto\/engalletadora-fresadora-tc-bj-900\/","title":{"rendered":"Engalletadora Fresadora TC-BJ 900"},"content":{"rendered":"<p>La fresadora engalletadora TC-BJ 900 permite llevar a cabo uniones limpias. Con esta potente y manejable herramienta, los aficionados m\u00e1s ambiciosos pueden realizar uniones a tope y de ensamble perfectas en una amplia variedad de aplicaciones. Gracias al ajuste sin niveles del \u00e1ngulo y de la altura, es posible realizar complejas construcciones. La profundidad de fresado se puede regular mediante el ajuste r\u00e1pido de tres niveles en un solo gesto. La placa base de aluminio macizo de gran tama\u00f1o confiere a la TC-BJ 900 una gran estabilidad para un fresado correcto y con precisi\u00f3n. El bloqueo del husillo permite un cambio r\u00e1pido de la fresa. Entre los accesorios se incluyen una llave de espigas para cambiar la fresa, una bolsa de tejido para recoger el polvo y poder trabajar en un ambiente limpio.<\/p>\n<table width=\"476\">\n<tbody>\n<tr>\n<td colspan=\"2\" width=\"476\">T\u00e9cnico<\/td>\n<\/tr>\n<tr>\n<td width=\"262\">Suministro de red<\/td>\n<td width=\"214\">230 V |\u00a050 Hz<\/td>\n<\/tr>\n<tr>\n<td width=\"262\">Poder<\/td>\n<td width=\"214\">860 W<\/td>\n<\/tr>\n<tr>\n<td width=\"262\">Ralent\u00ed<\/td>\n<td width=\"214\">11000 min ^ -1<\/td>\n<\/tr>\n<tr>\n<td width=\"262\">Cortador de ranuras<\/td>\n<td width=\"214\">100 mm x 22 mm x 3,8 mm<\/td>\n<\/tr>\n<tr>\n<td width=\"262\">Max.\u00a0profundidad del enrutador<\/td>\n<td width=\"214\">14 mm<\/td>\n<\/tr>\n<tr>\n<td width=\"262\">Ajuste del \u00e1ngulo de inclinaci\u00f3n<\/td>\n<td width=\"214\">90 \u00b0<\/td>\n<\/tr>\n<\/tbody>\n<\/table>\n","protected":false},"excerpt":{"rendered":"<ul class=\"more-list\">\n<li class=\"more-item\">Ajuste sin niveles del \u00e1ngulo de inglete<\/li>\n<li class=\"more-item\">Ajuste sin niveles de la altura<\/li>\n<li class=\"more-item\">Ajuste r\u00e1pido en 3 niveles de la profundidad de fresado<\/li>\n<li class=\"more-item\">Placa base de gran tama\u00f1o<\/li>\n<li class=\"more-item\">Realizaci\u00f3n en alumino macizo<\/li>\n<li class=\"more-item\">Bloqueo del husillo para un cambio sencillo de la fresa<\/li>\n<li class=\"more-item\">Llave de espigas para cambiar la fresa<\/li>\n<li class=\"more-item\">Bolsa de tela para recoger el polvo<\/li>\n<\/ul>\n","protected":false},"featured_media":3270,"template":"","meta":{"_joinchat":[]},"product_cat":[181],"product_tag":[205],"class_list":{"0":"post-609","1":"product","2":"type-product","3":"status-publish","4":"has-post-thumbnail","6":"product_cat-herramientas-electricas","7":"product_tag-engalletadora-fresadora","9":"first","10":"instock","11":"product-type-simple"},"_links":{"self":[{"href":"https:\/\/lidertecsa.com.ar\/catalogo\/wp-json\/wp\/v2\/product\/609"}],"collection":[{"href":"https:\/\/lidertecsa.com.ar\/catalogo\/wp-json\/wp\/v2\/product"}],"about":[{"href":"https:\/\/lidertecsa.com.ar\/catalogo\/wp-json\/wp\/v2\/types\/product"}],"wp:featuredmedia":[{"embeddable":true,"href":"https:\/\/lidertecsa.com.ar\/catalogo\/wp-json\/wp\/v2\/media\/3270"}],"wp:attachment":[{"href":"https:\/\/lidertecsa.com.ar\/catalogo\/wp-json\/wp\/v2\/media?parent=609"}],"wp:term":[{"taxonomy":"product_cat","embeddable":true,"href":"https:\/\/lidertecsa.com.ar\/catalogo\/wp-json\/wp\/v2\/product_cat?post=609"},{"taxonomy":"product_tag","embeddable":true,"href":"https:\/\/lidertecsa.com.ar\/catalogo\/wp-json\/wp\/v2\/product_tag?post=609"}],"curies":[{"name":"wp","href":"https:\/\/api.w.org\/{rel}","templated":true}]}}