{"id":6084,"date":"2024-06-09T20:42:12","date_gmt":"2024-06-09T23:42:12","guid":{"rendered":"https:\/\/lidertecsa.com.ar\/catalogo\/?post_type=product&#038;p=6084"},"modified":"2024-12-13T16:38:04","modified_gmt":"2024-12-13T19:38:04","slug":"grapadora-inalambrica-fixetto-18-38p","status":"publish","type":"product","link":"https:\/\/lidertecsa.com.ar\/catalogo\/producto\/grapadora-inalambrica-fixetto-18-38p\/","title":{"rendered":"Grapadora Inal\u00e1mbrica FIXETTO 18\/38P"},"content":{"rendered":"<div id=\"description\" class=\"section-row -padded-wide--mod-top-only -in-viewport\" data-anchornav=\"Descripcion del articulo\">\n<div class=\"col-wrapper -max-width-limited\">\n<div class=\"content-item module-description\">\n<div class=\"description-wrapper\">\n<div class=\"col-two\">\n<div class=\"description__content\">\n<div id=\"description\" class=\"section-row -padded-wide--mod-top-only -in-viewport\" data-anchornav=\"Descripcion del articulo\">\n<div class=\"col-wrapper -max-width-limited\">\n<div class=\"content-item module-description\">\n<div class=\"description-wrapper\">\n<div class=\"col-two\">\n<div class=\"description__content\">\n<div id=\"description\" class=\"section-row -padded-wide--mod-top-only -in-viewport\" data-anchornav=\"Descripcion del articulo\">\n<div class=\"col-wrapper -max-width-limited\">\n<div class=\"content-item module-description\">\n<div class=\"description-wrapper\">\n<div class=\"col-two\">\n<div class=\"description__content\">\n<p>La grapadora de bater\u00eda Einhell Professional FIXETTO 18\/38 S es una potente ayuda para trabajos de renovaci\u00f3n y decoraci\u00f3n.\u00a0Ya sea para tapizar muebles, grapar paneles de madera o colocar l\u00e1minas, lonas o materiales aislantes, con la grapadora inal\u00e1mbrica puede elegir f\u00e1cilmente entre disparos individuales o en serie mediante el controlador de disparo, dependiendo de la carga de trabajo.\u00a0Como miembro de la familia Power X-Change, el FIXETTO 18\/38 S se puede combinar con todas las bater\u00edas y cargadores de la familia de sistemas.\u00a0El robusto engranaje y la tecnolog\u00eda PressAir, que no requiere mantenimiento, permiten hasta 60 impactos por minuto, y el ajuste de profundidad garantiza una profundidad de impacto variable y precisa de las grapas.\u00a0El cargador grande est\u00e1 equipado con un indicador de nivel de llenado y tiene una capacidad m\u00e1xima de 100 grapas.\u00a0Se puede abrir y recargar f\u00e1cilmente con solo presionar un bot\u00f3n.\u00a0La grapadora inal\u00e1mbrica se puede utilizar con grapas de 10 a 38 mm de largo y 5,7 mm de ancho.\u00a0El dise\u00f1o delgado con superficies laterales recubiertas de goma y un agarre suave y ergon\u00f3mico garantizan un manejo c\u00f3modo.\u00a0La iluminaci\u00f3n LED integrada en ambos lados de la carcasa garantiza una iluminaci\u00f3n \u00f3ptima del \u00e1rea de trabajo.\u00a0La entrega incluye un pr\u00e1ctico clip para cintur\u00f3n para un almacenamiento temporal seguro y 500 clips.\u00a0El saliente de seguridad evita que la grapadora se active involuntariamente y protege as\u00ed contra lesiones.\u00a0La grapadora inal\u00e1mbrica se entrega sin bater\u00eda ni cargador, que se pueden adquirir por separado, por ejemplo como pr\u00e1ctico set b\u00e1sico.<\/p>\n<\/div>\n<\/div>\n<\/div>\n<\/div>\n<\/div>\n<\/div>\n<\/div>\n<\/div>\n<\/div>\n<\/div>\n<\/div>\n<\/div>\n<\/div>\n<\/div>\n<\/div>\n<\/div>\n<\/div>\n<\/div>\n","protected":false},"excerpt":{"rendered":"<ul>\n<li class=\" meta\">Miembro de la familia Power X-Change, requiere 1 bater\u00eda de 18 V<\/li>\n<li class=\" meta\">Tecnolog\u00eda PressAir: Sin mantenimiento, sin costes ni equipos adicionales<\/li>\n<li class=\" meta\">La robusta caja de cambios permite hasta 60 disparos por minuto<\/li>\n<li class=\" meta\">Conmutable entre disparo individual y en serie.<\/li>\n<li class=\" meta\">Dise\u00f1o robusto con mango ergon\u00f3mico<\/li>\n<li class=\"meta\">Cargador grande con indicador de nivel de llenado para hasta 100 grapas<\/li>\n<li class=\"meta\">Abrir el cargador con solo presionar un bot\u00f3n<\/li>\n<li class=\"meta\">Ajuste de profundidad sin herramientas para un trabajo preciso<\/li>\n<li class=\"meta\">Protecci\u00f3n contra activaci\u00f3n involuntaria de la grapadora<\/li>\n<li class=\"meta\">Dos LED para iluminar el \u00e1rea de trabajo<\/li>\n<li class=\"meta\">Superficies ergon\u00f3micas de agarre suave para un buen agarre y un trabajo c\u00f3modo<\/li>\n<li class=\"meta\">Sin rayones en la pieza de trabajo gracias a las superficies laterales recubiertas de goma<\/li>\n<li class=\"meta\">Pr\u00e1ctico clip para cintur\u00f3n para mayor comodidad del usuario<\/li>\n<li class=\"meta\">Adecuado para soportes de 10 a 38 mm de largo y 5,7 mm de ancho<\/li>\n<li class=\"meta\">La entrega incluye 500 clips.<\/li>\n<li class=\"meta\">Se entrega sin bater\u00eda ni cargador (se vende por separado)<\/li>\n<li class=\" meta\"><\/li>\n<\/ul>\n","protected":false},"featured_media":6298,"template":"","meta":{"_joinchat":[]},"product_cat":[50],"product_tag":[1105],"class_list":{"0":"post-6084","1":"product","2":"type-product","3":"status-publish","4":"has-post-thumbnail","6":"product_cat-herramientas-a-bateria","7":"product_tag-grapadora","9":"first","10":"instock","11":"product-type-simple"},"_links":{"self":[{"href":"https:\/\/lidertecsa.com.ar\/catalogo\/wp-json\/wp\/v2\/product\/6084"}],"collection":[{"href":"https:\/\/lidertecsa.com.ar\/catalogo\/wp-json\/wp\/v2\/product"}],"about":[{"href":"https:\/\/lidertecsa.com.ar\/catalogo\/wp-json\/wp\/v2\/types\/product"}],"wp:featuredmedia":[{"embeddable":true,"href":"https:\/\/lidertecsa.com.ar\/catalogo\/wp-json\/wp\/v2\/media\/6298"}],"wp:attachment":[{"href":"https:\/\/lidertecsa.com.ar\/catalogo\/wp-json\/wp\/v2\/media?parent=6084"}],"wp:term":[{"taxonomy":"product_cat","embeddable":true,"href":"https:\/\/lidertecsa.com.ar\/catalogo\/wp-json\/wp\/v2\/product_cat?post=6084"},{"taxonomy":"product_tag","embeddable":true,"href":"https:\/\/lidertecsa.com.ar\/catalogo\/wp-json\/wp\/v2\/product_tag?post=6084"}],"curies":[{"name":"wp","href":"https:\/\/api.w.org\/{rel}","templated":true}]}}