{"id":6082,"date":"2024-06-09T20:39:36","date_gmt":"2024-06-09T23:39:36","guid":{"rendered":"https:\/\/lidertecsa.com.ar\/catalogo\/?post_type=product&#038;p=6082"},"modified":"2024-12-13T16:38:04","modified_gmt":"2024-12-13T19:38:04","slug":"compresor-de-aire-a-bateria-pressito-18-25","status":"publish","type":"product","link":"https:\/\/lidertecsa.com.ar\/catalogo\/producto\/compresor-de-aire-a-bateria-pressito-18-25\/","title":{"rendered":"Compresor de aire a bater\u00eda PRESSITO 18\/25"},"content":{"rendered":"<div id=\"description\" class=\"section-row -padded-wide--mod-top-only -in-viewport\" data-anchornav=\"Descripcion del articulo\">\n<div class=\"col-wrapper -max-width-limited\">\n<div class=\"content-item module-description\">\n<div class=\"description-wrapper\">\n<div class=\"col-two\">\n<div class=\"description__content\">\n<div id=\"description\" class=\"section-row -padded-wide--mod-top-only -in-viewport\" data-anchornav=\"Descripcion del articulo\">\n<div class=\"col-wrapper -max-width-limited\">\n<div class=\"content-item module-description\">\n<div class=\"description-wrapper\">\n<div class=\"col-two\">\n<div class=\"description__content\">\n<div id=\"description\" class=\"section-row -padded-wide--mod-top-only -in-viewport\" data-anchornav=\"Descripcion del articulo\">\n<div class=\"col-wrapper -max-width-limited\">\n<div class=\"content-item module-description\">\n<div class=\"description-wrapper\">\n<div class=\"col-two\">\n<div class=\"description__content\">\n<p>\u00bfEl aire se acaba? No con el compresor con bater\u00eda PRESSITO 18\/25 de Einhell: como parte de la potente familia Power X-Change se opera el compresor con una bater\u00eda Power X-Change de 18 V. Su bomba de alta presi\u00f3n alcanza hasta 11 bar y es adecuada idealmente para inflar balones, neum\u00e1ticos de bicicleta y coche. La bomba de baja presi\u00f3n aporta aire en colchones de aire y animales de juego para la piscina. El aire puede dejarse salir en la conexi\u00f3n con la opci\u00f3n de succi\u00f3n de baja presi\u00f3n. En el indicador LCD de dos filas pueden leerse la presi\u00f3n real y de consigna en bares, psi o kPa. Si se alcanza la presi\u00f3n deseada, la bomba se desconecta autom\u00e1ticamente. Un interruptor de bot\u00f3n para inflar en el rango de baja presi\u00f3n sin preajuste de presi\u00f3n simplifica adicionalmente la manipulaci\u00f3n. El set adaptador de 3 piezas contenido en el alcance del env\u00edo contiene una aguja de bal\u00f3n, un adaptador de neum\u00e1tico y un adaptador c\u00f3nico. El adaptador encuentra espacio en el compartimento de almacenamiento pr\u00e1ctico e integrado en la carcasa del compresor. As\u00ed no se pierden las piezas individuales. El tubo de alta y el de baja presi\u00f3n pueden alojarse ahorrando espacio en compartimentos integrados. Una pr\u00e1ctica asa de transporte y su bajo peso hacen al compresor el acompa\u00f1ante manejable de camino y en casa. Env\u00edo se realiza sin bater\u00eda ni cargador. Estos son adquiribles por separado, por ejemplo, como un pr\u00e1ctico set para principiantes de Einhell.<\/p>\n<\/div>\n<\/div>\n<\/div>\n<\/div>\n<\/div>\n<\/div>\n<div id=\"technical-details\" class=\"section-row -padded-wide--mod-top-only -in-viewport\" data-anchornav=\"Detalles t\u00e9cnicos\">\n<div class=\"col-wrapper -max-width-limited -decrease-width\">\n<div class=\"col\">\n<div class=\"content-item module-headline-paragraph headline paragraph -color-headline-black\">\n<h2 class=\"heading delta\">Detalles t\u00e9cnicos<\/h2>\n<\/div>\n<div class=\"content-item module-table -styling-beta\">\n<table class=\"table__table\">\n<tbody>\n<tr class=\"-show tr-odd\">\n<td><span class=\"bold\">Velocidad del motor<\/span><\/td>\n<td>25000 min^-1<\/td>\n<\/tr>\n<tr class=\"-show tr-even\">\n<td><span class=\"bold\">Velocidad de la bomba<\/span><\/td>\n<td>5000 min^-1<\/td>\n<\/tr>\n<tr class=\"-show tr-odd\">\n<td><span class=\"bold\">Capacidad de admisi\u00f3n<\/span><\/td>\n<td>25 L\/min<\/td>\n<\/tr>\n<tr class=\"-show tr-even\">\n<td><span class=\"bold\">Potencia de salida 0 bar<\/span><\/td>\n<td>17 L\/min<\/td>\n<\/tr>\n<tr class=\"-show tr-odd\">\n<td><span class=\"bold\">Potencia de salida 4 bar<\/span><\/td>\n<td>11 L\/min<\/td>\n<\/tr>\n<tr class=\"-show tr-even\">\n<td><span class=\"bold\">Potencia de salida 7 bar<\/span><\/td>\n<td>9 L\/min<\/td>\n<\/tr>\n<tr class=\"-show tr-odd\">\n<td><span class=\"bold\">Max. presi\u00f3n operacional<\/span><\/td>\n<td>11 bar<\/td>\n<\/tr>\n<tr class=\"-show tr-even\">\n<td><span class=\"bold\">No. de cilindros<\/span><\/td>\n<td>1 Pieces<\/td>\n<\/tr>\n<tr class=\"-show tr-odd\">\n<td><span class=\"bold\">Sound pressure level; Lpa<\/span><\/td>\n<td>71.3 dB (A)<\/td>\n<\/tr>\n<tr class=\"-show tr-even\">\n<td><span class=\"bold\">Sound power level; Lwa<\/span><\/td>\n<td>93 dB (A)<\/td>\n<\/tr>\n<\/tbody>\n<\/table>\n<\/div>\n<\/div>\n<\/div>\n<\/div>\n<\/div>\n<\/div>\n<\/div>\n<\/div>\n<\/div>\n<\/div>\n<div class=\"section-row -padded-wide--mod-top-only\">\n<div class=\"col-wrapper l-2col l-2col-b2-50-50 l-2col-b2-50-50--normal -max-width-limited\"><\/div>\n<\/div>\n<\/div>\n<\/div>\n<\/div>\n<\/div>\n<\/div>\n<\/div>\n","protected":false},"excerpt":{"rendered":"<ul>\n<li class=\" meta\">Miembro de la familia Power X-Change, necesita 1 bater\u00eda de 18 V<\/li>\n<li class=\" meta\">Bomba de alta presi\u00f3n para inflar neum\u00e1ticos, ruedas y balones<\/li>\n<li class=\" meta\">Bomba de baja presi\u00f3n para inflar colchones de aire<\/li>\n<li class=\" meta\">Succi\u00f3n a baja presi\u00f3n para desinflar colchones de aire<\/li>\n<li class=\" meta\">Indicador de presi\u00f3n de dos filas para leer presi\u00f3n real y de consigna<\/li>\n<li class=\"meta\">Presi\u00f3n de la bomba de alta presi\u00f3n ajustable hasta en 11 bar<\/li>\n<li class=\"meta\">Con funci\u00f3n de apagado al alcanzar la presi\u00f3n ajustada<\/li>\n<li class=\"meta\">Unidades seleccionables para la presi\u00f3n: bares, psi y kPA<\/li>\n<li class=\"meta\">Interruptor de bot\u00f3n para inflar (alta presi\u00f3n) sin preajuste de presi\u00f3n<\/li>\n<li class=\"meta\">Set adaptador de inflado de 3 pz. para neum\u00e1ticos, balones y colchones de aire<\/li>\n<li class=\"meta\">Compartimento de almacenamiento integrado para set adaptador<\/li>\n<li class=\"meta\">Pr\u00e1ctica asa para el transporte c\u00f3modo<\/li>\n<li class=\"meta\">Env\u00edo sin bater\u00eda ni cargador (adquiribles por separado)<\/li>\n<li><\/li>\n<\/ul>\n","protected":false},"featured_media":6297,"template":"","meta":{"_joinchat":[]},"product_cat":[50],"product_tag":[706],"class_list":{"0":"post-6082","1":"product","2":"type-product","3":"status-publish","4":"has-post-thumbnail","6":"product_cat-herramientas-a-bateria","7":"product_tag-compresor-inalambrico","9":"first","10":"instock","11":"product-type-simple"},"_links":{"self":[{"href":"https:\/\/lidertecsa.com.ar\/catalogo\/wp-json\/wp\/v2\/product\/6082"}],"collection":[{"href":"https:\/\/lidertecsa.com.ar\/catalogo\/wp-json\/wp\/v2\/product"}],"about":[{"href":"https:\/\/lidertecsa.com.ar\/catalogo\/wp-json\/wp\/v2\/types\/product"}],"wp:featuredmedia":[{"embeddable":true,"href":"https:\/\/lidertecsa.com.ar\/catalogo\/wp-json\/wp\/v2\/media\/6297"}],"wp:attachment":[{"href":"https:\/\/lidertecsa.com.ar\/catalogo\/wp-json\/wp\/v2\/media?parent=6082"}],"wp:term":[{"taxonomy":"product_cat","embeddable":true,"href":"https:\/\/lidertecsa.com.ar\/catalogo\/wp-json\/wp\/v2\/product_cat?post=6082"},{"taxonomy":"product_tag","embeddable":true,"href":"https:\/\/lidertecsa.com.ar\/catalogo\/wp-json\/wp\/v2\/product_tag?post=6082"}],"curies":[{"name":"wp","href":"https:\/\/api.w.org\/{rel}","templated":true}]}}