{"id":6079,"date":"2024-06-09T20:36:45","date_gmt":"2024-06-09T23:36:45","guid":{"rendered":"https:\/\/lidertecsa.com.ar\/catalogo\/?post_type=product&#038;p=6079"},"modified":"2024-12-13T16:38:03","modified_gmt":"2024-12-13T19:38:03","slug":"llave-de-impacto-inalambrica-impaxxo-18-230","status":"publish","type":"product","link":"https:\/\/lidertecsa.com.ar\/catalogo\/producto\/llave-de-impacto-inalambrica-impaxxo-18-230\/","title":{"rendered":"Llave de Impacto Inalambrica IMPAXXO 18\/230"},"content":{"rendered":"<div id=\"description\" class=\"section-row -padded-wide--mod-top-only -in-viewport\" data-anchornav=\"Descripcion del articulo\">\n<div class=\"col-wrapper -max-width-limited\">\n<div class=\"content-item module-description\">\n<div class=\"description-wrapper\">\n<div class=\"col-two\">\n<div class=\"description__content\">\n<div id=\"description\" class=\"section-row -padded-wide--mod-top-only -in-viewport\" data-anchornav=\"Descripcion del articulo\">\n<div class=\"col-wrapper -max-width-limited\">\n<div class=\"content-item module-description\">\n<div class=\"description-wrapper\">\n<div class=\"col-two\">\n<div class=\"description__content\">\n<p>El atornillador de impacto con bater\u00eda IMPAXXO 18\/230 de Einhell es el complemento ideal para el cuidado y mantenimiento de la flota dom\u00e9stica. En lugar de invertir tiempo y energ\u00eda en el cambio de neum\u00e1ticos en primavera y oto\u00f1o, las tuercas se pueden aflojar con este pr\u00e1ctica ayudante en un santiam\u00e9n. El potente atornillador de impacto ofrece una alternativa c\u00f3moda a un aflojamiento manual laborioso. Con el motor sin escobillas, la llave de impacto proporciona una potencia mayor y una vida \u00fatil m\u00e1s larga que la de un motor convencional de escobillas de carbono. Adem\u00e1s, el atornillador de impacto con bater\u00eda forma parte de la familia Power X-Change: la bater\u00eda con tecnolog\u00eda de iones de litio de alta calidad y un cargador puede utilizarse en todos los modelos Power X-Change. La ventaja es obvia: los cables molestos, el riesgo de tropezar y las deformaciones no deseadas debidas al espacio limitado para el movimiento ahora son cosa del pasado gracias a la nueva, potente y duradera generaci\u00f3n de herramientas inal\u00e1mbricas de Einhell. Esto permite un trabajo r\u00e1pido y seguro en todas las ruedas. El alto par del potente atornillador de impacto con bater\u00eda aporta la potencia suficiente para aflojar las tuercas atascadas, encajadas u oxidadas en un santiam\u00e9n. En cualquier potencia, el IMPAXXO 18\/230 es un peso ligero para su calibre y as\u00ed c\u00f3modo en el manejo. El atornillador de impacto tiene una robusta recepci\u00f3n de cuadrado exterior de 1\/2\u2033, y en el env\u00edo se incluye un adaptador de brocas para atornillar. La luz LED integrada para iluminar el \u00e1rea de trabajo tambi\u00e9n permite un cambio r\u00e1pido de neum\u00e1tico si se da el caso: al anochecer, en la oscuridad o en garajes sin la iluminaci\u00f3n adecuada. El env\u00edo se realiza sin bater\u00eda ni cargador, estos son adquiribles por separado.<\/p>\n<\/div>\n<\/div>\n<\/div>\n<\/div>\n<\/div>\n<\/div>\n<p>&nbsp;<\/p>\n<div class=\"section-row -padded-wide--mod-top-only\">\n<div class=\"col-wrapper l-2col l-2col-b2-50-50 l-2col-b2-50-50--normal -max-width-limited\">\n<div class=\"content-item module-headline-paragraph headline paragraph -color-headline-black\">\n<table width=\"529\">\n<tbody>\n<tr>\n<td colspan=\"2\" width=\"529\">Datos Tecnicos<\/td>\n<\/tr>\n<tr>\n<td width=\"244\">Ralent\u00ed<\/td>\n<td width=\"285\">0 min^-1 \u2013 2900 min^-1<\/td>\n<\/tr>\n<tr>\n<td width=\"244\">pinza de herramienta (hex)<\/td>\n<td width=\"285\">External square drive mount 1\/2 \u201d (12.7 mm)<\/td>\n<\/tr>\n<tr>\n<td width=\"244\">Portaherramientas (cuadrada)<\/td>\n<td width=\"285\">0.5 \u201c<\/td>\n<\/tr>\n<tr>\n<td width=\"244\">Ajuste m\u00e1x. del torque<\/td>\n<td width=\"285\">230 Nm<\/td>\n<\/tr>\n<\/tbody>\n<\/table>\n<\/div>\n<\/div>\n<\/div>\n<\/div>\n<\/div>\n<\/div>\n<\/div>\n<\/div>\n<\/div>\n","protected":false},"excerpt":{"rendered":"<ul>\n<li>Miembro de la familia Power X-Change, necesita 1 bater\u00eda de 18V<\/li>\n<li class=\" meta\">Motor sin escobillas \u2013 m\u00e1s potencia y mayor tiempo de funcionamiento<\/li>\n<li class=\" meta\">Atornillador de impacto para enroscado sin esfuerzo de tornillos grandes\/largos<\/li>\n<li class=\" meta\">El mecanismo de impacto especial protege la mu\u00f1eca contra las fuerzas de giro<\/li>\n<li class=\"meta\">Electr\u00f3nica de velocidad con gran precisi\u00f3n de regulaci\u00f3n en trabajos delicados<\/li>\n<li class=\"meta\">Incl. luz LED para iluminar la zona de trabajo<\/li>\n<li class=\"meta\">Funci\u00f3n de parada r\u00e1pida para cambio de herramienta r\u00e1pido<\/li>\n<li class=\"meta\">Marcha a izquierda y derecha para enroscar y desenroscar tornillos<\/li>\n<li class=\"meta\">Clip de cintur\u00f3n para el almacenamiento intermedio seguro<\/li>\n<li class=\"meta\">Dise\u00f1o ergon\u00f3mico y superficies de agarre suave para sujeci\u00f3n segura<\/li>\n<li class=\"meta\">Incl. adaptador de punta para usar puntas de tornillo<\/li>\n<li class=\" meta\"><\/li>\n<\/ul>\n","protected":false},"featured_media":6295,"template":"","meta":{"_joinchat":[]},"product_cat":[50],"product_tag":[52],"class_list":{"0":"post-6079","1":"product","2":"type-product","3":"status-publish","4":"has-post-thumbnail","6":"product_cat-herramientas-a-bateria","7":"product_tag-llave-de-impacto","9":"first","10":"instock","11":"product-type-simple"},"_links":{"self":[{"href":"https:\/\/lidertecsa.com.ar\/catalogo\/wp-json\/wp\/v2\/product\/6079"}],"collection":[{"href":"https:\/\/lidertecsa.com.ar\/catalogo\/wp-json\/wp\/v2\/product"}],"about":[{"href":"https:\/\/lidertecsa.com.ar\/catalogo\/wp-json\/wp\/v2\/types\/product"}],"wp:featuredmedia":[{"embeddable":true,"href":"https:\/\/lidertecsa.com.ar\/catalogo\/wp-json\/wp\/v2\/media\/6295"}],"wp:attachment":[{"href":"https:\/\/lidertecsa.com.ar\/catalogo\/wp-json\/wp\/v2\/media?parent=6079"}],"wp:term":[{"taxonomy":"product_cat","embeddable":true,"href":"https:\/\/lidertecsa.com.ar\/catalogo\/wp-json\/wp\/v2\/product_cat?post=6079"},{"taxonomy":"product_tag","embeddable":true,"href":"https:\/\/lidertecsa.com.ar\/catalogo\/wp-json\/wp\/v2\/product_tag?post=6079"}],"curies":[{"name":"wp","href":"https:\/\/api.w.org\/{rel}","templated":true}]}}