{"id":6071,"date":"2024-06-09T20:14:47","date_gmt":"2024-06-09T23:14:47","guid":{"rendered":"https:\/\/lidertecsa.com.ar\/catalogo\/?post_type=product&#038;p=6071"},"modified":"2024-12-13T16:38:02","modified_gmt":"2024-12-13T19:38:02","slug":"aspiradora-de-mano-inalambrica-te-hv-18-06-li-solo","status":"publish","type":"product","link":"https:\/\/lidertecsa.com.ar\/catalogo\/producto\/aspiradora-de-mano-inalambrica-te-hv-18-06-li-solo\/","title":{"rendered":"Aspiradora de Mano Inal\u00e1mbrica TE-HV 18\/06 Li \u2013 Solo"},"content":{"rendered":"<p>El aspirador de mano inal\u00e1mbrico Einhell TE-HV 18\/06 Li-Solo es un ayudante compacto y ligero que siempre est\u00e1 a mano para eliminar la suciedad y las molestas migas.\u00a0Este pr\u00e1ctico paquete de energ\u00eda forma parte de la potente familia Einhell Power X-Change, en la que se pueden combinar de forma flexible bater\u00edas, cargadores y dispositivos del sistema.\u00a0El aspirador de mano limpia cualquier superficie en un instante gracias a sus tres boquillas incluidas en el volumen de entrega.\u00a0La boquilla para suelos es especialmente adecuada para suelos duros y superficies lisas.\u00a0La boquilla para tapicer\u00eda es adecuada para tapizados, asientos de coche y tejidos.\u00a0Con la boquilla para juntas de 26 cm de largo se pueden limpiar sin mucho esfuerzo incluso las zonas de dif\u00edcil acceso.\u00a0Con la ayuda de los dos tubos de aspiraci\u00f3n incluidos en el volumen de entrega (longitud total 70 cm), el pr\u00e1ctico aspirador de mano inal\u00e1mbrico tambi\u00e9n se puede utilizar como aspirador de suelo y, por lo tanto, c\u00f3modamente en posici\u00f3n vertical.\u00a0El dep\u00f3sito de polvo tiene una capacidad de 600 mililitros y se puede vaciar f\u00e1cilmente pulsando un bot\u00f3n.\u00a0El soporte de pared integrado garantiza un almacenamiento que ahorra espacio.\u00a0El aspirador de mano de 1 kg es c\u00f3modo y f\u00e1cil de sostener gracias a su dise\u00f1o ergon\u00f3mico y sus superficies de agarre suave.\u00a0El filtro de suciedad integrado se puede limpiar con agua corriente y reutilizar despu\u00e9s de que se haya secado por completo.\u00a0El env\u00edo no incluye bater\u00eda ni cargador, que se pueden adquirir por separado, por ejemplo como pr\u00e1ctico set de iniciaci\u00f3n.<\/p>\n","protected":false},"excerpt":{"rendered":"<ul>\n<li class=\" meta\">Miembro de la familia Power X-Change, requiere 1 bater\u00eda de 18 V<\/li>\n<li class=\" meta\">2 velocidades (ECO\/BOOST) para un uso \u00f3ptimo de la bater\u00eda<\/li>\n<li class=\" meta\">Aspirador de mano inal\u00e1mbrico con alta potencia de succi\u00f3n de hasta 72 mbar<\/li>\n<li class=\" meta\">Gran colector de polvo con capacidad de 0,6 litros<\/li>\n<li class=\" meta\">Vaciado r\u00e1pido y sencillo del dep\u00f3sito de polvo con solo pulsar un bot\u00f3n<\/li>\n<li class=\"meta\">El filtro de suciedad se puede limpiar con agua corriente.<\/li>\n<li class=\"meta\">Incluye boquilla para suelos duros y superficies lisas.<\/li>\n<li class=\"meta\">Incluye boquilla para juntas de 26 cm de largo para zonas de dif\u00edcil acceso<\/li>\n<li class=\"meta\">Incluye boquilla para tapizados para limpiar tapizados y tejidos.<\/li>\n<li class=\"meta\">Incl. 2 tubos de succi\u00f3n (70 cm en total) para usar como aspirador de suelos<\/li>\n<li class=\"meta\">Almacenamiento que ahorra espacio gracias al soporte de pared integrado<\/li>\n<li class=\"meta\">Se entrega sin bater\u00eda ni cargador (se vende por separado)<\/li>\n<li class=\" meta\"><\/li>\n<\/ul>\n","protected":false},"featured_media":6291,"template":"","meta":{"_joinchat":[]},"product_cat":[50],"product_tag":[363],"class_list":{"0":"post-6071","1":"product","2":"type-product","3":"status-publish","4":"has-post-thumbnail","6":"product_cat-herramientas-a-bateria","7":"product_tag-aspiradora-inalambrica","9":"first","10":"instock","11":"product-type-simple"},"_links":{"self":[{"href":"https:\/\/lidertecsa.com.ar\/catalogo\/wp-json\/wp\/v2\/product\/6071"}],"collection":[{"href":"https:\/\/lidertecsa.com.ar\/catalogo\/wp-json\/wp\/v2\/product"}],"about":[{"href":"https:\/\/lidertecsa.com.ar\/catalogo\/wp-json\/wp\/v2\/types\/product"}],"wp:featuredmedia":[{"embeddable":true,"href":"https:\/\/lidertecsa.com.ar\/catalogo\/wp-json\/wp\/v2\/media\/6291"}],"wp:attachment":[{"href":"https:\/\/lidertecsa.com.ar\/catalogo\/wp-json\/wp\/v2\/media?parent=6071"}],"wp:term":[{"taxonomy":"product_cat","embeddable":true,"href":"https:\/\/lidertecsa.com.ar\/catalogo\/wp-json\/wp\/v2\/product_cat?post=6071"},{"taxonomy":"product_tag","embeddable":true,"href":"https:\/\/lidertecsa.com.ar\/catalogo\/wp-json\/wp\/v2\/product_tag?post=6071"}],"curies":[{"name":"wp","href":"https:\/\/api.w.org\/{rel}","templated":true}]}}