{"id":607,"date":"2023-06-17T23:39:10","date_gmt":"2023-06-18T02:39:10","guid":{"rendered":"https:\/\/lidertecsa.com.ar\/catalogo\/?post_type=product&#038;p=607"},"modified":"2024-12-13T16:30:44","modified_gmt":"2024-12-13T19:30:44","slug":"pulidora-electrica-tc-po-1100-2-e","status":"publish","type":"product","link":"https:\/\/lidertecsa.com.ar\/catalogo\/producto\/pulidora-electrica-tc-po-1100-2-e\/","title":{"rendered":"Pulidora El\u00e9ctrica TC-PO 1100\/2 E"},"content":{"rendered":"<p>La pulidora angular TC-PO 1100\/2 de Einhell es la pulidora y lijadora profesional potente, robusta y de f\u00e1cil manejo para el aficionado ambicioso, ideal para el pulido de superficies lacadas, as\u00ed como lijado de madera, pl\u00e1stico y metal. Gracias a la empu\u00f1adura antideslizante este equipo se sit\u00faa en todo momento de forma segura en la mano y los trabajos, como por ejemplo pulido, se pueden llevar a cabo de forma r\u00e1pida y cuidadosa. El gran asidero adicional ergon\u00f3mico posibilita el mejor control y resultados precisos en el cuidado de lacas. El n\u00famero de revoluciones de las piezas adicionales de pulido y lijado se puede adaptar de forma \u00f3ptima a la base correspondiente a mecanizar gracias a la unidad electr\u00f3nica de precisi\u00f3n para regular el n\u00famero de revoluciones. Con el pr\u00e1ctico de bloqueo del husillo, el husillo se puede bloquear sin herramientas y por consiguiente cambiar el disco abrasivo en el autopulido de forma r\u00e1pida y sencilla. En el disco abrasivo se sit\u00faa un micro-velcro especial para sujetar la pieza adicional de pulido y lijado con una elevada fuerza de adherencia de forma segura en la lijadora el\u00e9ctrica y para impedir la penetraci\u00f3n de polvo entre el plato y el papel abrasivo. Sin embargo, en caso de necesidad \u00e9stos se pueden soltar de nuevo de forma muy sencilla y el cambio de la pieza adicional se puede realizar de forma muy r\u00e1pida.<\/p>\n<table width=\"467\">\n<tbody>\n<tr>\n<td colspan=\"2\" width=\"467\">T\u00e9cnico<\/td>\n<\/tr>\n<tr>\n<td width=\"234\">Suministro de red<\/td>\n<td width=\"233\">230 V |\u00a050 Hz<\/td>\n<\/tr>\n<tr>\n<td width=\"234\">Poder<\/td>\n<td width=\"233\">1100 W<\/td>\n<\/tr>\n<tr>\n<td width=\"234\">Ralent\u00ed<\/td>\n<td width=\"233\">1000 min ^ -1 \u2013 3500 min ^ -1<\/td>\n<\/tr>\n<tr>\n<td width=\"234\">Di\u00e1metro de la placa de lijado<\/td>\n<td width=\"233\">180 mm<\/td>\n<\/tr>\n<tr>\n<td width=\"234\">Di\u00e1metro del disco de lijado<\/td>\n<td width=\"233\">180 mm<\/td>\n<\/tr>\n<\/tbody>\n<\/table>\n","protected":false},"excerpt":{"rendered":"<ul class=\"more-list\">\n<li class=\"more-item\">Unidad de regulaci\u00f3n electr\u00f3nica para el n\u00famero de revoluciones<\/li>\n<li class=\"more-item\">Bloqueo de husillo<\/li>\n<li class=\"more-item\">Cambio de papel abrasivo sencillo y r\u00e1pido mediante velcro<\/li>\n<li>Lustrapulidora 1100W.<\/li>\n<li>Velocidad: 1000-3500 rpm.<\/li>\n<li>Di\u00e1metro de Plato: 180mm.<\/li>\n<li>Regulaci\u00f3n Electr\u00f3nica de Revoluciones<\/li>\n<\/ul>\n","protected":false},"featured_media":3269,"template":"","meta":{"_joinchat":[]},"product_cat":[181],"product_tag":[204],"class_list":{"0":"post-607","1":"product","2":"type-product","3":"status-publish","4":"has-post-thumbnail","6":"product_cat-herramientas-electricas","7":"product_tag-pulidora","9":"first","10":"instock","11":"product-type-simple"},"_links":{"self":[{"href":"https:\/\/lidertecsa.com.ar\/catalogo\/wp-json\/wp\/v2\/product\/607"}],"collection":[{"href":"https:\/\/lidertecsa.com.ar\/catalogo\/wp-json\/wp\/v2\/product"}],"about":[{"href":"https:\/\/lidertecsa.com.ar\/catalogo\/wp-json\/wp\/v2\/types\/product"}],"wp:featuredmedia":[{"embeddable":true,"href":"https:\/\/lidertecsa.com.ar\/catalogo\/wp-json\/wp\/v2\/media\/3269"}],"wp:attachment":[{"href":"https:\/\/lidertecsa.com.ar\/catalogo\/wp-json\/wp\/v2\/media?parent=607"}],"wp:term":[{"taxonomy":"product_cat","embeddable":true,"href":"https:\/\/lidertecsa.com.ar\/catalogo\/wp-json\/wp\/v2\/product_cat?post=607"},{"taxonomy":"product_tag","embeddable":true,"href":"https:\/\/lidertecsa.com.ar\/catalogo\/wp-json\/wp\/v2\/product_tag?post=607"}],"curies":[{"name":"wp","href":"https:\/\/api.w.org\/{rel}","templated":true}]}}