{"id":6069,"date":"2024-06-09T20:11:51","date_gmt":"2024-06-09T23:11:51","guid":{"rendered":"https:\/\/lidertecsa.com.ar\/catalogo\/?post_type=product&#038;p=6069"},"modified":"2024-12-13T16:38:02","modified_gmt":"2024-12-13T19:38:02","slug":"sierra-de-banda-sin-fin-inalambrica-te-mb-18-127-u-li-solo-2","status":"publish","type":"product","link":"https:\/\/lidertecsa.com.ar\/catalogo\/producto\/sierra-de-banda-sin-fin-inalambrica-te-mb-18-127-u-li-solo-2\/","title":{"rendered":"Sierra de Banda Sin Fin Inal\u00e1mbrica TE-MB 18\/127 U Li-Solo"},"content":{"rendered":"<div id=\"description\" class=\"section-row -padded-wide--mod-top-only\" data-anchornav=\"Article description\">\n<div class=\"col-wrapper -max-width-limited\">\n<div class=\"content-item module-description\">\n<div class=\"description-wrapper\">\n<div class=\"col-two\">\n<div class=\"description__content\">\n<div id=\"description\" class=\"section-row -padded-wide--mod-top-only -in-viewport\" data-anchornav=\"Article description\">\n<div class=\"col-wrapper -max-width-limited\">\n<div class=\"content-item module-description\">\n<div class=\"description-wrapper\">\n<div class=\"col-two\">\n<div class=\"description__content\">\n<div id=\"description\" class=\"section-row -padded-wide--mod-top-only -in-viewport\" data-anchornav=\"Descripcion del articulo\">\n<div class=\"col-wrapper -max-width-limited\">\n<div class=\"content-item module-description\">\n<div class=\"description-wrapper\">\n<div class=\"col-two\">\n<div class=\"description__content\">\n<div id=\"description\" class=\"section-row -padded-wide--mod-top-only -in-viewport\" data-anchornav=\"Descripcion del articulo\">\n<div class=\"col-wrapper -max-width-limited\">\n<div class=\"content-item module-description\">\n<div class=\"description-wrapper\">\n<div class=\"col-two\">\n<div class=\"description__content\">\n<div id=\"description\" class=\"section-row -padded-wide--mod-top-only -in-viewport\" data-anchornav=\"Descripcion del articulo\">\n<div class=\"col-wrapper -max-width-limited\">\n<div class=\"content-item module-description\">\n<div class=\"description-wrapper\">\n<div class=\"col-two\">\n<div class=\"description__content\">\n<div id=\"description\" class=\"section-row -padded-wide--mod-top-only -in-viewport\" data-anchornav=\"Descripcion del articulo\">\n<div class=\"col-wrapper -max-width-limited\">\n<div class=\"content-item module-description\">\n<div class=\"description-wrapper\">\n<div class=\"col-two\">\n<div class=\"description__content\">\n<p>La sierra de cinta inal\u00e1mbrica Einhell TE-MB 18\/127 U Li-Solo es un miembro poderoso de la familia Power X-Change: cada bater\u00eda del sistema se puede combinar con cualquier dispositivo PXC.\u00a0La sierra de cinta inal\u00e1mbrica ofrece posibilidades de uso flexibles y se puede utilizar con y sin bastidor.\u00a0La m\u00e1xima seguridad est\u00e1 garantizada por el corte del metal sin chispas durante el uso.\u00a0El \u00e1ngulo para cortes a inglete es ajustable de 0\u00b0 a 47\u00b0, la altura y el ancho de corte son 115 x 127 mm.\u00a0La palanca de cierre r\u00e1pido garantiza que la cinta de sierra se pueda cambiar sin herramientas y que el mango tambi\u00e9n se pueda ajustar sin herramientas.\u00a0La velocidad \u00f3ptima permite trabajar para casi todas las aplicaciones.\u00a0La luz LED integrada proporciona una iluminaci\u00f3n ideal de la zona de corte.\u00a0El volumen de suministro incluye una segunda sierra de cinta y un bastidor base.\u00a0El env\u00edo no incluye bater\u00eda ni cargador, que se pueden adquirir por separado, por ejemplo como pr\u00e1ctico set de iniciaci\u00f3n.<\/p>\n<\/div>\n<\/div>\n<\/div>\n<\/div>\n<\/div>\n<\/div>\n<\/div>\n<\/div>\n<\/div>\n<\/div>\n<\/div>\n<\/div>\n<\/div>\n<\/div>\n<\/div>\n<\/div>\n<\/div>\n<\/div>\n<\/div>\n<\/div>\n<\/div>\n<\/div>\n<\/div>\n<\/div>\n<\/div>\n<\/div>\n<\/div>\n<\/div>\n<\/div>\n<\/div>\n<\/div>\n<\/div>\n<\/div>\n<\/div>\n<\/div>\n<\/div>\n","protected":false},"excerpt":{"rendered":"<ul>\n<li class=\" meta\">Miembro de la familia Power X-Change<\/li>\n<li class=\" meta\">Corte de metal sin chispas para m\u00e1xima seguridad<\/li>\n<li class=\" meta\">\u00c1ngulo de corte para cortes a inglete ajustable de 0 a 47\u00b0<\/li>\n<li class=\" meta\">Alta altura de corte\/ancho de 115 x 127 mm<\/li>\n<li class=\" meta\">Velocidad \u00f3ptima adecuada para casi todas las aplicaciones.<\/li>\n<li class=\"meta\">Luz LED para una iluminaci\u00f3n ideal de la zona de corte<\/li>\n<li class=\"meta\">Palanca de liberaci\u00f3n r\u00e1pida para cambiar la cinta de sierra sin herramientas<\/li>\n<li class=\"meta\">Mango ajustable sin herramientas para un trabajo ergon\u00f3mico<\/li>\n<li class=\"meta\">Se puede utilizar de forma flexible con o sin bastidor base<\/li>\n<li class=\"meta\">Incl. tabla de velocidades para la velocidad correcta<\/li>\n<li class=\"meta\">Incl. 2 hojas de sierra y bastidor base<\/li>\n<li class=\"meta\">Se entrega sin bater\u00eda y sin cargador (se vende por separado)<\/li>\n<li class=\" meta\"><\/li>\n<\/ul>\n","protected":false},"featured_media":6289,"template":"","meta":{"_joinchat":[]},"product_cat":[50],"product_tag":[1103],"class_list":{"0":"post-6069","1":"product","2":"type-product","3":"status-publish","4":"has-post-thumbnail","6":"product_cat-herramientas-a-bateria","7":"product_tag-sierra-de-banda","9":"first","10":"instock","11":"product-type-simple"},"_links":{"self":[{"href":"https:\/\/lidertecsa.com.ar\/catalogo\/wp-json\/wp\/v2\/product\/6069"}],"collection":[{"href":"https:\/\/lidertecsa.com.ar\/catalogo\/wp-json\/wp\/v2\/product"}],"about":[{"href":"https:\/\/lidertecsa.com.ar\/catalogo\/wp-json\/wp\/v2\/types\/product"}],"wp:featuredmedia":[{"embeddable":true,"href":"https:\/\/lidertecsa.com.ar\/catalogo\/wp-json\/wp\/v2\/media\/6289"}],"wp:attachment":[{"href":"https:\/\/lidertecsa.com.ar\/catalogo\/wp-json\/wp\/v2\/media?parent=6069"}],"wp:term":[{"taxonomy":"product_cat","embeddable":true,"href":"https:\/\/lidertecsa.com.ar\/catalogo\/wp-json\/wp\/v2\/product_cat?post=6069"},{"taxonomy":"product_tag","embeddable":true,"href":"https:\/\/lidertecsa.com.ar\/catalogo\/wp-json\/wp\/v2\/product_tag?post=6069"}],"curies":[{"name":"wp","href":"https:\/\/api.w.org\/{rel}","templated":true}]}}