{"id":6065,"date":"2024-06-09T20:06:28","date_gmt":"2024-06-09T23:06:28","guid":{"rendered":"https:\/\/lidertecsa.com.ar\/catalogo\/?post_type=product&#038;p=6065"},"modified":"2024-12-13T16:38:01","modified_gmt":"2024-12-13T19:38:01","slug":"rotomartillo-inalambrico-tp-hd-18-26-li-bl-solo","status":"publish","type":"product","link":"https:\/\/lidertecsa.com.ar\/catalogo\/producto\/rotomartillo-inalambrico-tp-hd-18-26-li-bl-solo\/","title":{"rendered":"Rotomartillo Inal\u00e1mbrico TP-HD 18\/26 Li BL \u2013 Solo"},"content":{"rendered":"<div id=\"description\" class=\"section-row -padded-wide--mod-top-only\" data-anchornav=\"Article description\">\n<div class=\"col-wrapper -max-width-limited\">\n<div class=\"content-item module-description\">\n<div class=\"description-wrapper\">\n<div class=\"col-two\">\n<div class=\"description__content\">\n<div id=\"description\" class=\"section-row -padded-wide--mod-top-only -in-viewport\" data-anchornav=\"Article description\">\n<div class=\"col-wrapper -max-width-limited\">\n<div class=\"content-item module-description\">\n<div class=\"description-wrapper\">\n<div class=\"col-two\">\n<div class=\"description__content\">\n<div id=\"description\" class=\"section-row -padded-wide--mod-top-only -in-viewport\" data-anchornav=\"Descripcion del articulo\">\n<div class=\"col-wrapper -max-width-limited\">\n<div class=\"content-item module-description\">\n<div class=\"description-wrapper\">\n<div class=\"col-two\">\n<div class=\"description__content\">\n<div id=\"description\" class=\"section-row -padded-wide--mod-top-only -in-viewport\" data-anchornav=\"Descripcion del articulo\">\n<div class=\"col-wrapper -max-width-limited\">\n<div class=\"content-item module-description\">\n<div class=\"description-wrapper\">\n<div class=\"col-two\">\n<div class=\"description__content\">\n<div id=\"description\" class=\"section-row -padded-wide--mod-top-only -in-viewport\" data-anchornav=\"Descripcion del articulo\">\n<div class=\"col-wrapper -max-width-limited\">\n<div class=\"content-item module-description\">\n<div class=\"description-wrapper\">\n<div class=\"col-two\">\n<div class=\"description__content\">\n<div id=\"description\" class=\"section-row -padded-wide--mod-top-only -in-viewport\" data-anchornav=\"Descripcion del articulo\">\n<div class=\"col-wrapper -max-width-limited\">\n<div class=\"content-item module-description\">\n<div class=\"description-wrapper\">\n<div class=\"col-two\">\n<div class=\"description__content\">\n<p>El taladro percutor a bater\u00eda Einhell Professional TP-HD 18\/26 Li BL-Solo es un aut\u00e9ntico talento todoterreno.\u00a0Combina cuatro funciones en un solo dispositivo: taladrar, taladrar con percusi\u00f3n y cincelar con y sin fijaci\u00f3n.\u00a0Estas funciones se pueden ajustar mediante un interruptor de posici\u00f3n central.\u00a0El dispositivo funciona con el potente motor sin escobillas Einhell PurePOWER.\u00a0Este motor sin escobillas ofrece m\u00e1s potencia y mayor tiempo de funcionamiento que los motores con escobillas de carb\u00f3n tradicionales.\u00a0Despu\u00e9s del registro online, se aplica una garant\u00eda de 10 a\u00f1os al motor sin escobillas.\u00a0El taladro percutor inal\u00e1mbrico forma parte de la familia Einhell Power X-Change, en la que todas las bater\u00edas, dispositivos y cargadores se pueden combinar de forma flexible entre s\u00ed.\u00a0El mecanismo de percusi\u00f3n neum\u00e1tico funciona con una frecuencia de hasta 5.500 golpes por minuto y una fuerza de impacto de 2,6 julios.\u00a0Gracias a su alto rendimiento de perforaci\u00f3n, el taladro percutor realiza agujeros con un di\u00e1metro de hasta 26 mm en hormig\u00f3n.\u00a0El portaherramientas universal SDS-plus con funci\u00f3n semiautom\u00e1tica garantiza un cambio de herramienta r\u00e1pido y sencillo.\u00a0La velocidad se puede ajustar con precisi\u00f3n seg\u00fan el material y la tarea.\u00a0El manejo es agradable y sin fatiga gracias al mango ergon\u00f3mico con agarre suave.\u00a0El mango est\u00e1 amortiguado para un trabajo preciso y sin vibraciones.\u00a0El robusto tope de profundidad de perforaci\u00f3n para perforar con precisi\u00f3n se puede ajustar de forma continua.\u00a0El taladro percutor inal\u00e1mbrico TP-HD 18\/26 Li BL est\u00e1 equipado con una luz LED para una iluminaci\u00f3n \u00f3ptima del \u00e1rea de trabajo.\u00a0La entrega se realiza en un pr\u00e1ctico malet\u00edn de transporte y almacenamiento E-Box.\u00a0La bater\u00eda y el cargador no est\u00e1n incluidos.\u00a0Estos est\u00e1n disponibles por separado.\u00a0Para un trabajo \u00f3ptimo, se recomienda la bater\u00eda de 3,0 Ah o m\u00e1s.<\/p>\n<\/div>\n<\/div>\n<\/div>\n<\/div>\n<\/div>\n<\/div>\n<\/div>\n<\/div>\n<\/div>\n<\/div>\n<\/div>\n<\/div>\n<\/div>\n<\/div>\n<\/div>\n<\/div>\n<\/div>\n<\/div>\n<\/div>\n<\/div>\n<\/div>\n<\/div>\n<\/div>\n<\/div>\n<\/div>\n<\/div>\n<\/div>\n<\/div>\n<\/div>\n<\/div>\n<div id=\"technical-details\" class=\"section-row -padded-wide--mod-top-only\" data-anchornav=\"Technical details\">\n<div class=\"col-wrapper -max-width-limited -decrease-width\">\n<div class=\"col\"><\/div>\n<\/div>\n<\/div>\n<\/div>\n<\/div>\n<\/div>\n<\/div>\n<\/div>\n<\/div>\n","protected":false},"excerpt":{"rendered":"<ul>\n<li class=\" meta\">Miembro de la familia Power X-Change, requiere 1 bater\u00eda de 18 V<\/li>\n<li class=\" meta\">Motor sin escobillas: m\u00e1s potencia y mayor tiempo de funcionamiento<\/li>\n<li class=\" meta\">PurePOWER Brushless: garant\u00eda del motor de 10 a\u00f1os tras el registro<\/li>\n<li class=\" meta\">4 funciones: taladrar\/taladrar con percutor\/cincelar con y sin fijaci\u00f3n<\/li>\n<li class=\" meta\">F\u00e1cil de usar: interruptor de 1 posici\u00f3n para 4 funciones<\/li>\n<li class=\"meta\">Alto rendimiento de perforaci\u00f3n con libertad inal\u00e1mbrica al mismo tiempo<\/li>\n<li class=\"meta\">Electr\u00f3nica de velocidad finamente ajustable para trabajos sensibles<\/li>\n<li class=\"meta\">Mecanismo de impacto neum\u00e1tico para facilitar la perforaci\u00f3n en hormig\u00f3n.<\/li>\n<li class=\"meta\">Rotaci\u00f3n izquierda\/derecha para atornillar y desatornillar tornillos.<\/li>\n<li class=\"meta\">Portaherramientas universal SDS-plus con semiautom\u00e1tico<\/li>\n<li class=\"meta\">Trabajo sin vibraciones gracias al mango con amortiguaci\u00f3n de vibraciones<\/li>\n<li class=\"meta\">Mano ergon\u00f3mica y mango adicional con agarre suave.<\/li>\n<li class=\"meta\">Asa adicional fijada de forma segura mediante nervaduras.<\/li>\n<li class=\"meta\">Tope de profundidad de perforaci\u00f3n de metal macizo con ajuste continuo<\/li>\n<li class=\"meta\">Incluye luz LED para iluminar el \u00e1rea de trabajo.<\/li>\n<li class=\"meta\">Entregado en un estuche de transporte y almacenamiento E-Box<\/li>\n<li class=\"meta\">Recomendaci\u00f3n para resultados \u00f3ptimos: bater\u00eda de 3,0 Ah y m\u00e1s grande<\/li>\n<li class=\"meta\">Se entrega sin bater\u00eda y sin cargador (se vende por separado)<\/li>\n<li class=\" meta\"><\/li>\n<\/ul>\n","protected":false},"featured_media":6288,"template":"","meta":{"_joinchat":[]},"product_cat":[50],"product_tag":[358],"class_list":{"0":"post-6065","1":"product","2":"type-product","3":"status-publish","4":"has-post-thumbnail","6":"product_cat-herramientas-a-bateria","7":"product_tag-rotomartillo-inalambrico","9":"first","10":"instock","11":"product-type-simple"},"_links":{"self":[{"href":"https:\/\/lidertecsa.com.ar\/catalogo\/wp-json\/wp\/v2\/product\/6065"}],"collection":[{"href":"https:\/\/lidertecsa.com.ar\/catalogo\/wp-json\/wp\/v2\/product"}],"about":[{"href":"https:\/\/lidertecsa.com.ar\/catalogo\/wp-json\/wp\/v2\/types\/product"}],"wp:featuredmedia":[{"embeddable":true,"href":"https:\/\/lidertecsa.com.ar\/catalogo\/wp-json\/wp\/v2\/media\/6288"}],"wp:attachment":[{"href":"https:\/\/lidertecsa.com.ar\/catalogo\/wp-json\/wp\/v2\/media?parent=6065"}],"wp:term":[{"taxonomy":"product_cat","embeddable":true,"href":"https:\/\/lidertecsa.com.ar\/catalogo\/wp-json\/wp\/v2\/product_cat?post=6065"},{"taxonomy":"product_tag","embeddable":true,"href":"https:\/\/lidertecsa.com.ar\/catalogo\/wp-json\/wp\/v2\/product_tag?post=6065"}],"curies":[{"name":"wp","href":"https:\/\/api.w.org\/{rel}","templated":true}]}}