{"id":6063,"date":"2024-06-09T20:02:34","date_gmt":"2024-06-09T23:02:34","guid":{"rendered":"https:\/\/lidertecsa.com.ar\/catalogo\/?post_type=product&#038;p=6063"},"modified":"2024-12-13T16:38:01","modified_gmt":"2024-12-13T19:38:01","slug":"lijadora-de-banda-inalambrica-tp-bs-18-457-li-bl-solo","status":"publish","type":"product","link":"https:\/\/lidertecsa.com.ar\/catalogo\/producto\/lijadora-de-banda-inalambrica-tp-bs-18-457-li-bl-solo\/","title":{"rendered":"Lijadora de banda inal\u00e1mbrica TP-BS 18\/457 Li BL \u2013 Solo"},"content":{"rendered":"<div id=\"description\" class=\"section-row -padded-wide--mod-top-only -in-viewport\" data-anchornav=\"Artikelbeschreibung\">\n<div class=\"col-wrapper -max-width-limited\">\n<div class=\"content-item module-description\">\n<div class=\"description-wrapper\">\n<div class=\"col-two\">\n<div class=\"description__content\">\n<p>La lijadora de banda a bater\u00eda profesional TP-BS 18\/457 Li BL es una herramienta indispensable para cualquier taller con madera.\u00a0Lije grandes superficies de forma r\u00e1pida, uniforme y con la mayor fuerza posible y utilice la lijadora de cinta con bater\u00eda como es debido.\u00a0El dispositivo de 18 V forma parte de la potente familia Power X-Change, en la que se pueden combinar de forma flexible bater\u00edas, dispositivos y cargadores.\u00a0La lijadora de banda se puede utilizar gracias a su superficie de lijado de 126 mm de largo y 75 mm de ancho y a su m\u00e1x.\u00a0Velocidad de la cinta lijadora de 250 m\/min lijando grandes superficies en un instante.\u00a0El dispositivo es accionado por el motor sin escobillas PurePower.\u00a0Este motor sin escobillas ofrece m\u00e1s potencia y un tiempo de funcionamiento m\u00e1s prolongado que los motores con escobillas de carb\u00f3n convencionales.\u00a0Con ayuda de la electr\u00f3nica de velocidad se puede adaptar perfectamente la potencia al material a procesar.\u00a0Un mecanismo de bloqueo continuo facilita as\u00ed un trabajo que requiere mucho tiempo.\u00a0Para un f\u00e1cil manejo, la lijadora de banda recargable tambi\u00e9n est\u00e1 equipada con un mango grande y un mango adicional con empu\u00f1adura suave.\u00a0El dispositivo tambi\u00e9n se puede utilizar de forma estacionaria gracias a un estante integrado.\u00a0La aspiraci\u00f3n de polvo en combinaci\u00f3n con el colector de polvo suministrado garantiza que el lugar de trabajo permanezca libre de polvo de madera.\u00a0Como alternativa se pueden utilizar dispositivos de aspiraci\u00f3n como, por ejemplo, aspiradores en seco y h\u00famedo, a los que est\u00e1 conectado el adaptador de aspiraci\u00f3n.\u00a0La lijadora de banda se puede utilizar con bandas de lija de 457\u00d775 mm.\u00a0Cambie y ajuste f\u00e1cilmente el papel de lija gracias a la tensi\u00f3n de la banda de lija ajustable sin herramientas mediante una palanca de bloqueo y al ajuste exacto de la banda de lija.<\/p>\n<ul class=\"a-unordered-list a-vertical a-spacing-mini\">\n<li class=\"a-spacing-mini\"><span class=\"a-list-item\">RECOLECCI\u00d3N DE POLVO INTEGRADA: la lijadora de banda inal\u00e1mbrica est\u00e1 equipada con una caja de recolecci\u00f3n de polvo y un adaptador de succi\u00f3n para que pueda conectarse directamente a una aspiradora.\u00a0Gracias al sistema de extracci\u00f3n el lugar de trabajo permanece limpio en todo momento<\/span><\/li>\n<li class=\"a-spacing-mini\"><span class=\"a-list-item\">DISE\u00d1O PRECISO: las bandas de lijado se pueden cambiar sin herramientas y ajustarse con precisi\u00f3n mediante un simple ajuste en la herramienta. La electr\u00f3nica de velocidad le permite adaptar el rendimiento de lijado a la pieza de trabajo para obtener resultados perfectos en todo momento.<\/span><\/li>\n<li class=\"a-spacing-mini\"><span class=\"a-list-item\">BATERIA: la misma bater\u00eda, Power X Change 18V\/4.0 ah,\u00a0<\/span><span class=\"a-list-item\">alimentar\u00e1 todas sus herramientas el\u00e9ctricas y m\u00e1quinas de jard\u00edn Einhell. Nuestra electr\u00f3nica de bater\u00eda ABS inteligente y celdas de iones de litio de alto rendimiento hacen que nuestro sistema de bater\u00eda recargable sea uno de los m\u00e1s seguros de la industria y garantiza eficiencia, confiabilidad y durabilidad.<\/span><\/li>\n<li class=\"a-spacing-mini\"><span class=\"a-list-item\">LIJADORA DE BANDA RECARGABLE: este es el cuerpo de la lijadora de banda alimentada por bater\u00eda que solo se suministra con 3 bandas de lijado (P80). Requiere 1 bater\u00eda recargable de iones de litio de 18 V y cargador<\/span><\/li>\n<\/ul>\n<\/div>\n<\/div>\n<\/div>\n<\/div>\n<\/div>\n<\/div>\n","protected":false},"excerpt":{"rendered":"<ul>\n<li>Cambio de las bandas de lijado sin herramientas gracias a la palanca de bloqueo<\/li>\n<li>Velocidad de la cinta lijadora de 250 m\/min lijando grandes superficies en un instante<\/li>\n<li>Mango grande y mango adicional con empu\u00f1adura suave para un manejo f\u00e1cil<\/li>\n<li>Se puede utilizar de forma estacionaria<\/li>\n<li>Colector de polvo<\/li>\n<li>Bandas de lija de 457\u00d775 mm<\/li>\n<\/ul>\n","protected":false},"featured_media":6287,"template":"","meta":{"_joinchat":[]},"product_cat":[50],"product_tag":[199],"class_list":{"0":"post-6063","1":"product","2":"type-product","3":"status-publish","4":"has-post-thumbnail","6":"product_cat-herramientas-a-bateria","7":"product_tag-lijadora-de-banda","9":"first","10":"instock","11":"product-type-simple"},"_links":{"self":[{"href":"https:\/\/lidertecsa.com.ar\/catalogo\/wp-json\/wp\/v2\/product\/6063"}],"collection":[{"href":"https:\/\/lidertecsa.com.ar\/catalogo\/wp-json\/wp\/v2\/product"}],"about":[{"href":"https:\/\/lidertecsa.com.ar\/catalogo\/wp-json\/wp\/v2\/types\/product"}],"wp:featuredmedia":[{"embeddable":true,"href":"https:\/\/lidertecsa.com.ar\/catalogo\/wp-json\/wp\/v2\/media\/6287"}],"wp:attachment":[{"href":"https:\/\/lidertecsa.com.ar\/catalogo\/wp-json\/wp\/v2\/media?parent=6063"}],"wp:term":[{"taxonomy":"product_cat","embeddable":true,"href":"https:\/\/lidertecsa.com.ar\/catalogo\/wp-json\/wp\/v2\/product_cat?post=6063"},{"taxonomy":"product_tag","embeddable":true,"href":"https:\/\/lidertecsa.com.ar\/catalogo\/wp-json\/wp\/v2\/product_tag?post=6063"}],"curies":[{"name":"wp","href":"https:\/\/api.w.org\/{rel}","templated":true}]}}