{"id":6061,"date":"2024-06-09T20:00:41","date_gmt":"2024-06-09T23:00:41","guid":{"rendered":"https:\/\/lidertecsa.com.ar\/catalogo\/?post_type=product&#038;p=6061"},"modified":"2024-12-13T16:38:01","modified_gmt":"2024-12-13T19:38:01","slug":"router-inalambrico-tp-ro-18-set-li-bl-solo","status":"publish","type":"product","link":"https:\/\/lidertecsa.com.ar\/catalogo\/producto\/router-inalambrico-tp-ro-18-set-li-bl-solo\/","title":{"rendered":"Router Inal\u00e1mbrico TP-RO 18 Set Li BL \u2013 Solo"},"content":{"rendered":"<p>El enrutador\/enrutador de borde inal\u00e1mbrico Einhell Professional TP-RO 18 Set Li BL \u2013 Solo es miembro de la familia Power X-Change y ofrece libertad inal\u00e1mbrica.\u00a0El dispositivo funciona con el motor sin escobillas Einhell PurePOWER.\u00a0Este motor sin escobillas ofrece m\u00e1s potencia y mayor tiempo de funcionamiento que los motores con escobillas de carb\u00f3n tradicionales.\u00a0Despu\u00e9s del registro online, se aplica una garant\u00eda de 10 a\u00f1os al motor sin escobillas.\u00a0La electr\u00f3nica de control de velocidad, combinada con un potente motor, se adapta de forma \u00f3ptima a cualquier tarea en madera blanda o dura.\u00a0La profundidad de fresado se puede ajustar de forma continua con un ajuste fino adicional.\u00a0La profundidad se ajusta mediante un tope de torreta de varias etapas.\u00a0La fresadora est\u00e1 equipada con una gu\u00eda de doble tubo precisa, un portabrocas (6 y 8 mm) y un bloqueo del husillo para facilitar el cambio de herramienta.\u00a0La iluminaci\u00f3n LED garantiza una iluminaci\u00f3n \u00f3ptima del \u00e1rea de trabajo.\u00a0Un inserto de pl\u00e1stico protege la superficie de la pieza de trabajo.\u00a0El mango con agarre suave, el protector contra virutas que protege contra las virutas en el campo visual y la fijaci\u00f3n a dos manos para un manejo preciso del dispositivo y un fresado a mano alzada permiten un trabajo ergon\u00f3mico y seguro.\u00a0El accesorio para fresar cantos tambi\u00e9n permite achaflanar los cantos.\u00a0El volumen de suministro incluye un tope paralelo, una punta de comp\u00e1s, una funda para copiar, una herramienta de montaje, as\u00ed como el adaptador de aspiraci\u00f3n adecuado para aspiradores en seco y h\u00famedo de Einhell y la bolsa de almacenamiento para un transporte limpio y seguro.\u00a0La entrega se realiza sin bater\u00eda y sin cargador.\u00a0Estos est\u00e1n disponibles por separado, por ejemplo como pr\u00e1ctico set b\u00e1sico PXC.<\/p>\n","protected":false},"excerpt":{"rendered":"<ul>\n<li class=\" meta\">Miembro de la familia Power X-Change, requiere 1 bater\u00eda de 18 V<\/li>\n<li class=\" meta\">Motor sin escobillas: m\u00e1s potencia y mayor tiempo de funcionamiento<\/li>\n<li class=\" meta\">Electr\u00f3nica de control de velocidad con potente motor<\/li>\n<li class=\" meta\">Profundidad de fresado infinitamente ajustable con ajuste fino adicional<\/li>\n<li class=\"meta\">Ajuste de profundidad con tope de torreta de varias etapas<\/li>\n<li class=\"meta\">Gu\u00eda precisa de doble tubo para un fresado dimensionalmente preciso<\/li>\n<li class=\"meta\">Pinza de 6 y 8 mm para varias fresas<\/li>\n<li class=\"meta\">Bloqueo del husillo para facilitar el cambio de herramientas<\/li>\n<li class=\"meta\">LED para una iluminaci\u00f3n \u00f3ptima del \u00e1rea de trabajo<\/li>\n<li class=\"meta\">El inserto de pl\u00e1stico protege la superficie de la pieza de trabajo.<\/li>\n<li class=\"meta\">Mango ergon\u00f3mico con agarre suave<\/li>\n<li class=\"meta\">El escudo contra virutas protege contra virutas en el campo de visi\u00f3n.<\/li>\n<li class=\"meta\">El accesorio con dos manos permite un manejo preciso del dispositivo<\/li>\n<li class=\"meta\">El accesorio de fresado de bordes tambi\u00e9n permite achaflanar los bordes<\/li>\n<li class=\"meta\">Incl. tope paralelo, comp\u00e1s, rodillo gu\u00eda y funda de copia<\/li>\n<li class=\"meta\">Incl. adaptador de aspiraci\u00f3n adecuado para aspiradores en seco y h\u00famedo Einhell<\/li>\n<li class=\"meta\">Incluye bolsa de almacenamiento para un transporte limpio y seguro<\/li>\n<li class=\"meta\">Se entrega sin bater\u00eda y sin cargador (se vende por separado)<\/li>\n<li class=\" meta\"><\/li>\n<\/ul>\n","protected":false},"featured_media":6286,"template":"","meta":{"_joinchat":[]},"product_cat":[50],"product_tag":[997],"class_list":{"0":"post-6061","1":"product","2":"type-product","3":"status-publish","4":"has-post-thumbnail","6":"product_cat-herramientas-a-bateria","7":"product_tag-router-inalambrico","9":"first","10":"instock","11":"product-type-simple"},"_links":{"self":[{"href":"https:\/\/lidertecsa.com.ar\/catalogo\/wp-json\/wp\/v2\/product\/6061"}],"collection":[{"href":"https:\/\/lidertecsa.com.ar\/catalogo\/wp-json\/wp\/v2\/product"}],"about":[{"href":"https:\/\/lidertecsa.com.ar\/catalogo\/wp-json\/wp\/v2\/types\/product"}],"wp:featuredmedia":[{"embeddable":true,"href":"https:\/\/lidertecsa.com.ar\/catalogo\/wp-json\/wp\/v2\/media\/6286"}],"wp:attachment":[{"href":"https:\/\/lidertecsa.com.ar\/catalogo\/wp-json\/wp\/v2\/media?parent=6061"}],"wp:term":[{"taxonomy":"product_cat","embeddable":true,"href":"https:\/\/lidertecsa.com.ar\/catalogo\/wp-json\/wp\/v2\/product_cat?post=6061"},{"taxonomy":"product_tag","embeddable":true,"href":"https:\/\/lidertecsa.com.ar\/catalogo\/wp-json\/wp\/v2\/product_tag?post=6061"}],"curies":[{"name":"wp","href":"https:\/\/api.w.org\/{rel}","templated":true}]}}