{"id":6059,"date":"2024-06-09T19:56:14","date_gmt":"2024-06-09T22:56:14","guid":{"rendered":"https:\/\/lidertecsa.com.ar\/catalogo\/?post_type=product&#038;p=6059"},"modified":"2024-12-13T16:38:01","modified_gmt":"2024-12-13T19:38:01","slug":"amoladora-angular-inalambrica-125-mm-18v-tp-ag-18-125-ce-q-li-solo","status":"publish","type":"product","link":"https:\/\/lidertecsa.com.ar\/catalogo\/producto\/amoladora-angular-inalambrica-125-mm-18v-tp-ag-18-125-ce-q-li-solo\/","title":{"rendered":"Amoladora angular inal\u00e1mbrica 125 mm 18V TP-AG 18\/125 CE Q Li \u2013 Solo"},"content":{"rendered":"<div id=\"description\" class=\"section-row -padded-wide--mod-top-only -in-viewport\" data-anchornav=\"Artikelbeschreibung\">\n<div class=\"col-wrapper -max-width-limited\">\n<div class=\"content-item module-description\">\n<div class=\"description-wrapper\">\n<div class=\"col-two\">\n<div class=\"description__content\">\n<p>La amoladora angular profesional a bater\u00eda TP-AG 18\/125 CE Q Li-Solo es una herramienta pr\u00e1ctica para lijar, cortar, desbastar y pulir.\u00a0Como miembro de la familia Power X-Change, la amoladora angular inal\u00e1mbrica se puede combinar con todas las bater\u00edas y cargadores de la serie System.\u00a0El dispositivo es accionado por el motor sin escobillas Einhell Purepower.\u00a0Este motor sin escobillas ofrece m\u00e1s potencia y un tiempo de funcionamiento m\u00e1s prolongado que los motores con escobillas de carb\u00f3n convencionales. Entre 3.000 y 10.500 revoluciones por minuto, la potencia de la amoladora de corte se puede adaptar de forma flexible al material respectivo y a las diferentes aplicaciones mediante control de velocidad.\u00a0De este modo, la electr\u00f3nica constante proporciona una potencia continua sin p\u00e9rdidas de velocidad, incluso bajo cargas elevadas.\u00a0La tuerca de liberaci\u00f3n r\u00e1pida permite un cambio r\u00e1pido y sin herramientas del disco de corte.\u00a0Para el uso con la amoladora angular a bater\u00eda TP-AG 18\/125 CE Q Li, el disco de corte es adecuado para hasta un m\u00e1x.\u00a0Di\u00e1metro de 125 mm, que permite una profundidad de corte de hasta 33 mm.\u00a0La m\u00e1xima flexibilidad de uso la proporciona la protecci\u00f3n del disco con ajuste r\u00e1pido, que se puede adaptar a la posici\u00f3n de trabajo respectiva.\u00a0El cortador de disco compacto viene con un mango de dos posiciones y un mango de agarre suave.\u00a0Una protecci\u00f3n contra el polvo integrada protege el interior del dispositivo de la contaminaci\u00f3n y aumenta la vida \u00fatil en combinaci\u00f3n con la conducci\u00f3n de aire inteligente.\u00a0La rejilla se puede quitar f\u00e1cilmente para su limpieza.\u00a0Una protecci\u00f3n contra sobrecarga evita da\u00f1os por sobrecalentamiento y la protecci\u00f3n de arranque y reinicio suave garantiza una alta seguridad durante el trabajo.<\/p>\n<\/div>\n<\/div>\n<\/div>\n<\/div>\n<\/div>\n<\/div>\n<div id=\"technical-details\" class=\"section-row -padded-wide--mod-top-only -in-viewport\" data-anchornav=\"Technische Daten\">\n<div class=\"col-wrapper -max-width-limited -decrease-width\">\n<div class=\"col\"><\/div>\n<\/div>\n<\/div>\n","protected":false},"excerpt":{"rendered":"<ul>\n<li class=\"--descriptionList__item --body\">Duradero gracias a la protecci\u00f3n contra sobrecargas<\/li>\n<li class=\"--descriptionList__item --body\">Protecci\u00f3n del disco con ajuste r\u00e1pido para mayor flexibilidad<\/li>\n<li class=\"--descriptionList__item --body\">La electr\u00f3nica constante permite una alta carga sin p\u00e9rdida de velocidad.<\/li>\n<li class=\"--descriptionList__item --body\">Control de velocidad \u2013 con pantalla LED<\/li>\n<li class=\"--descriptionList__item --body\">Asa adicional: se puede montar de forma flexible en dos posiciones<\/li>\n<li class=\"--descriptionList__item --body\">Superficie de apoyo para un almacenamiento seguro del dispositivo<\/li>\n<li class=\"--descriptionList__item --body\">Recomendaci\u00f3n para resultados \u00f3ptimos: bater\u00eda recargable de 2,5 Ah y superior<\/li>\n<li class=\"--descriptionList__item --body\">Miembro de la familia Power X-Change, se requiere 1 bater\u00eda de 18 V<\/li>\n<li class=\"--descriptionList__item --body\">Motor sin escobillas: m\u00e1s potencia y mayor tiempo de funcionamiento<\/li>\n<li class=\"--descriptionList__item --body\">Protecci\u00f3n de arranque y reinicio suave para seguridad y protecci\u00f3n del dispositivo<\/li>\n<li class=\"--descriptionList__item --body\">Cambio de disco sin herramientas mediante tuerca de sujeci\u00f3n r\u00e1pida<\/li>\n<li>\u00a0Disco de corte adecuado para hasta un m\u00e1ximo di\u00e1metro de 125 mm, que permite una profundidad de corte de hasta 33 mm<\/li>\n<\/ul>\n","protected":false},"featured_media":6285,"template":"","meta":{"_joinchat":[]},"product_cat":[50],"product_tag":[183],"class_list":{"0":"post-6059","1":"product","2":"type-product","3":"status-publish","4":"has-post-thumbnail","6":"product_cat-herramientas-a-bateria","7":"product_tag-amoladora-angular","9":"first","10":"instock","11":"product-type-simple"},"_links":{"self":[{"href":"https:\/\/lidertecsa.com.ar\/catalogo\/wp-json\/wp\/v2\/product\/6059"}],"collection":[{"href":"https:\/\/lidertecsa.com.ar\/catalogo\/wp-json\/wp\/v2\/product"}],"about":[{"href":"https:\/\/lidertecsa.com.ar\/catalogo\/wp-json\/wp\/v2\/types\/product"}],"wp:featuredmedia":[{"embeddable":true,"href":"https:\/\/lidertecsa.com.ar\/catalogo\/wp-json\/wp\/v2\/media\/6285"}],"wp:attachment":[{"href":"https:\/\/lidertecsa.com.ar\/catalogo\/wp-json\/wp\/v2\/media?parent=6059"}],"wp:term":[{"taxonomy":"product_cat","embeddable":true,"href":"https:\/\/lidertecsa.com.ar\/catalogo\/wp-json\/wp\/v2\/product_cat?post=6059"},{"taxonomy":"product_tag","embeddable":true,"href":"https:\/\/lidertecsa.com.ar\/catalogo\/wp-json\/wp\/v2\/product_tag?post=6059"}],"curies":[{"name":"wp","href":"https:\/\/api.w.org\/{rel}","templated":true}]}}