{"id":6057,"date":"2024-06-09T19:53:40","date_gmt":"2024-06-09T22:53:40","guid":{"rendered":"https:\/\/lidertecsa.com.ar\/catalogo\/?post_type=product&#038;p=6057"},"modified":"2024-12-13T16:38:00","modified_gmt":"2024-12-13T19:38:00","slug":"bomba-de-agua-para-jardin-a-bateria-aquinna-18-30-f-led","status":"publish","type":"product","link":"https:\/\/lidertecsa.com.ar\/catalogo\/producto\/bomba-de-agua-para-jardin-a-bateria-aquinna-18-30-f-led\/","title":{"rendered":"Bomba de agua para jard\u00edn a bater\u00eda AQUINNA 18\/30 F LED"},"content":{"rendered":"<div id=\"description\" class=\"section-row -padded-wide--mod-top-only\" data-anchornav=\"Article description\">\n<div class=\"col-wrapper -max-width-limited\">\n<div class=\"content-item module-description\">\n<div class=\"description-wrapper\">\n<div class=\"col-two\">\n<div class=\"description__content\">\n<div id=\"description\" class=\"section-row -padded-wide--mod-top-only -in-viewport\" data-anchornav=\"Article description\">\n<div class=\"col-wrapper -max-width-limited\">\n<div class=\"content-item module-description\">\n<div class=\"description-wrapper\">\n<div class=\"col-two\">\n<div class=\"description__content\">\n<div id=\"description\" class=\"section-row -padded-wide--mod-top-only -in-viewport\" data-anchornav=\"Descripcion del articulo\">\n<div class=\"col-wrapper -max-width-limited\">\n<div class=\"content-item module-description\">\n<div class=\"description-wrapper\">\n<div class=\"col-two\">\n<div class=\"description__content\">\n<div id=\"description\" class=\"section-row -padded-wide--mod-top-only -in-viewport\" data-anchornav=\"Descripcion del articulo\">\n<div class=\"col-wrapper -max-width-limited\">\n<div class=\"content-item module-description\">\n<div class=\"description-wrapper\">\n<div class=\"col-two\">\n<div class=\"description__content\">\n<div id=\"description\" class=\"section-row -padded-wide--mod-top-only -in-viewport\" data-anchornav=\"Descripcion del articulo\">\n<div class=\"col-wrapper -max-width-limited\">\n<div class=\"content-item module-description\">\n<div class=\"description-wrapper\">\n<div class=\"col-two\">\n<div class=\"description__content\">\n<div id=\"description\" class=\"section-row -padded-wide--mod-top-only -in-viewport\" data-anchornav=\"Descripcion del articulo\">\n<div class=\"col-wrapper -max-width-limited\">\n<div class=\"content-item module-description\">\n<div class=\"description-wrapper\">\n<div class=\"col-two\">\n<div class=\"description__content\">\n<div id=\"description\" class=\"section-row -padded-wide--mod-top-only -in-viewport\" data-anchornav=\"Descripcion del articulo\">\n<div class=\"col-wrapper -max-width-limited\">\n<div class=\"content-item module-description\">\n<div class=\"description-wrapper\">\n<div class=\"col-two\">\n<div class=\"description__content\">\n<div id=\"description\" class=\"section-row -padded-wide--mod-top-only -in-viewport\" data-anchornav=\"Descripcion del articulo\">\n<div class=\"col-wrapper -max-width-limited\">\n<div class=\"content-item module-description\">\n<div class=\"description-wrapper\">\n<div class=\"col-two\">\n<div class=\"description__content\">\n<div id=\"description\" class=\"section-row -padded-wide--mod-top-only -in-viewport\" data-anchornav=\"Descripcion del articulo\">\n<div class=\"col-wrapper -max-width-limited\">\n<div class=\"content-item module-description\">\n<div class=\"description-wrapper\">\n<div class=\"col-two\">\n<div class=\"description__content\">\n<div id=\"description\" class=\"section-row -padded-wide--mod-top-only -in-viewport\" data-anchornav=\"Descripcion del articulo\">\n<div class=\"col-wrapper -max-width-limited\">\n<div class=\"content-item module-description\">\n<div class=\"description-wrapper\">\n<div class=\"col-two\">\n<div class=\"description__content\">\n<p>La bomba de jard\u00edn con bater\u00eda AQUINNA 18\/30 F LED de Einhell es una potente bomba, que se usa en todo lugar en la casa y jard\u00edn, donde debe transportarse agua sin conexi\u00f3n de corriente separada. La AQUINNA 18\/30 F LED es parte de la flexible familia Power X-Change, en la que pueden combinarse entre s\u00ed todas las bater\u00edas, cargadores y equipos de sistema en el taller y jard\u00edn. La bomba funciona con una bater\u00eda de 18 V. Gracias a la tecnolog\u00eda Double Runtime y ranuras de bater\u00eda integradas, la bomba puede equiparse con dos bater\u00edas para una mayor duraci\u00f3n. Si la bater\u00eda est\u00e1 vac\u00eda, el suministro de energ\u00eda conmuta autom\u00e1ticamente a la segunda bater\u00eda llena. La capacidad de las dos bater\u00edas puede reconocerse en todo momento en el indicador de estado de carga LED. La bomba de jard\u00edn est\u00e1 equipada con dos modos de potencia: el modo BOOST para potencia de impulsi\u00f3n m\u00e1xima y el modo ECO para duraci\u00f3n de bater\u00eda m\u00e1xima con poca presi\u00f3n de impulsi\u00f3n. La AQUINNA 18\/30 F LED puede impulsar hasta 3.000 l de agua por hora. Puede alcanzar una m\u00e1x. altura de impulsi\u00f3n de 28 m lo que corresponde a una m\u00e1x. presi\u00f3n de impulsi\u00f3n de 2,8 bar. El agua puede aspirarse desde una profundidad de 6 m. Para el llenado sencillo, p. ej. en el primer proceso de aspiraci\u00f3n, la bomba dispone de un gran tornillo de llenado de agua. La bomba puede vaciarse f\u00e1cilmente, ante todo para la protecci\u00f3n a heladas, con ayuda del tornillo de drenaje de agua en el lado inferior. Para la protecci\u00f3n de impurezas, la bomba est\u00e1 equipada con un prefiltro. Este est\u00e1 rodeado por una carcasa transparente, a trav\u00e9s de la que puede reconocerse en todo momento si la bomba se ha llenado suficientemente con agua y si el filtro est\u00e1 sucio y debe limpiarse. Una v\u00e1lvula de retenci\u00f3n impide adem\u00e1s la ca\u00edda del agua. La protecci\u00f3n a sobrecargas integrada desconecta autom\u00e1ticamente la bomba en caso de sobrecalentamiento para prevenir da\u00f1os. La bomba de jard\u00edn con bater\u00eda est\u00e1 equipada con un asa de transporte central para transportar f\u00e1cilmente y agujeros de fijaci\u00f3n para fijarla en un lugar de uso permanente. La bomba posee dos robustas conexiones roscadas de metal. El env\u00edo se realiza sin bater\u00eda ni cargador, estos son adquiribles por separado.<\/p>\n<\/div>\n<\/div>\n<\/div>\n<\/div>\n<\/div>\n<\/div>\n<div id=\"technical-details\" class=\"section-row -padded-wide--mod-top-only -in-viewport\" data-anchornav=\"Detalles t\u00e9cnicos\">\n<div class=\"col-wrapper -max-width-limited -decrease-width\">\n<div class=\"col\">\n<div class=\"content-item module-headline-paragraph headline paragraph -color-headline-black\">\n<h2 class=\"heading delta\">Detalles t\u00e9cnicos<\/h2>\n<\/div>\n<div class=\"content-item module-table -styling-beta\">\n<table class=\"table__table\">\n<tbody>\n<tr class=\"-show tr-odd\">\n<td><span class=\"bold\">Max. capacidad de entrega<\/span><\/td>\n<td>3000 L\/h<\/td>\n<\/tr>\n<tr class=\"-show tr-even\">\n<td><span class=\"bold\">Altura m\u00e1x. de succi\u00f3n<\/span><\/td>\n<td>6 m<\/td>\n<\/tr>\n<tr class=\"-show tr-odd\">\n<td><span class=\"bold\">Max. delivery height \/ &#8211; pressure<\/span><\/td>\n<td>28 m \/ 2.8 bar<\/td>\n<\/tr>\n<tr class=\"-show tr-even\">\n<td><span class=\"bold\">Temperatura m\u00e1x. del agua<\/span><\/td>\n<td>35 \u00b0C<\/td>\n<\/tr>\n<tr class=\"-show tr-odd\">\n<td><span class=\"bold\">Conexi\u00f3n lado de succi\u00f3n<\/span><\/td>\n<td>33,3mm (R1 AG)<\/td>\n<\/tr>\n<tr class=\"-show tr-even\">\n<td><span class=\"bold\">Lado de presi\u00f3n de conexi\u00f3n<\/span><\/td>\n<td>33,3mm (G1 IG)<\/td>\n<\/tr>\n<\/tbody>\n<\/table>\n<\/div>\n<\/div>\n<\/div>\n<\/div>\n<\/div>\n<\/div>\n<\/div>\n<\/div>\n<\/div>\n<\/div>\n<\/div>\n<\/div>\n<\/div>\n<\/div>\n<\/div>\n<\/div>\n<\/div>\n<\/div>\n<\/div>\n<\/div>\n<\/div>\n<\/div>\n<div id=\"technical-details\" class=\"section-row -padded-wide--mod-top-only\" data-anchornav=\"Detalles t\u00e9cnicos\">\n<div class=\"col-wrapper -max-width-limited -decrease-width\">\n<div class=\"col\"><\/div>\n<\/div>\n<\/div>\n<\/div>\n<\/div>\n<\/div>\n<\/div>\n<\/div>\n<\/div>\n<\/div>\n<\/div>\n<\/div>\n<\/div>\n<\/div>\n<\/div>\n<\/div>\n<\/div>\n<\/div>\n<\/div>\n<\/div>\n<\/div>\n<\/div>\n<\/div>\n<\/div>\n<\/div>\n<\/div>\n<\/div>\n<\/div>\n<\/div>\n<\/div>\n<\/div>\n<\/div>\n<\/div>\n<\/div>\n<\/div>\n<\/div>\n<\/div>\n<\/div>\n<\/div>\n","protected":false},"excerpt":{"rendered":"<ul>\n<li class=\" meta\">Miembro de la familia Power X-Change, necesita 1 bater\u00eda de 18 V<\/li>\n<li class=\" meta\">Tecnolog\u00eda Double Runtime: 2 ranuras de bater\u00eda, duraci\u00f3n doble<\/li>\n<li class=\" meta\">Adecuada para todas las bater\u00edas Power X-Change<\/li>\n<li class=\" meta\">Alta potencia de bombeo reunida con libertad sin cables<\/li>\n<li class=\" meta\">Indicador de nivel de carga de bater\u00eda LED directamente en el equipo<\/li>\n<li class=\"meta\">Interruptor de nivel de potencia: Modo ECO y BOOST<\/li>\n<li class=\"meta\">Prefiltro para proteger de impurezas en el agua aspirada<\/li>\n<li class=\"meta\">Gran tornillo de llenado de agua para puesta en funcionamiento sencilla<\/li>\n<li class=\"meta\">Protecci\u00f3n a heladas con vaciado sencillo mediante tornillo de drenaje de agua<\/li>\n<li class=\"meta\">El tornillo de purga garantiza una aspiraci\u00f3n eficiente.<\/li>\n<li class=\"meta\">Indicador de llenado de agua &#8211; determinar nivel de agua de un vistazo<\/li>\n<li class=\"meta\">Indicador de suciedad &#8211; reconocimiento r\u00e1pido de filtro sucio<\/li>\n<li class=\"meta\">Interruptor contra sobrecarga para proteger el motor de sobrecalentamiento<\/li>\n<li class=\"meta\">Asa de transporte para un transporte sencillo<\/li>\n<li class=\"meta\">Pie de bomba con orificio para fijaci\u00f3n segura y permanente<\/li>\n<li class=\"meta\">Conexi\u00f3n de aspiraci\u00f3n y presi\u00f3n duradera y de alta calidad de metal<\/li>\n<li class=\"meta\">V\u00e1lvula de retenci\u00f3n para prevenir el reflujo de agua<\/li>\n<li class=\"meta\">Robusta junta de anillo deslizante para una larga vida \u00fatil<\/li>\n<li class=\"meta\">Env\u00edo sin bater\u00eda ni cargador (adquiribles por separado)<\/li>\n<\/ul>\n","protected":false},"featured_media":6284,"template":"","meta":{"_joinchat":[]},"product_cat":[50],"product_tag":[241],"class_list":{"0":"post-6057","1":"product","2":"type-product","3":"status-publish","4":"has-post-thumbnail","6":"product_cat-herramientas-a-bateria","7":"product_tag-bomba-de-agua","9":"first","10":"instock","11":"product-type-simple"},"_links":{"self":[{"href":"https:\/\/lidertecsa.com.ar\/catalogo\/wp-json\/wp\/v2\/product\/6057"}],"collection":[{"href":"https:\/\/lidertecsa.com.ar\/catalogo\/wp-json\/wp\/v2\/product"}],"about":[{"href":"https:\/\/lidertecsa.com.ar\/catalogo\/wp-json\/wp\/v2\/types\/product"}],"wp:featuredmedia":[{"embeddable":true,"href":"https:\/\/lidertecsa.com.ar\/catalogo\/wp-json\/wp\/v2\/media\/6284"}],"wp:attachment":[{"href":"https:\/\/lidertecsa.com.ar\/catalogo\/wp-json\/wp\/v2\/media?parent=6057"}],"wp:term":[{"taxonomy":"product_cat","embeddable":true,"href":"https:\/\/lidertecsa.com.ar\/catalogo\/wp-json\/wp\/v2\/product_cat?post=6057"},{"taxonomy":"product_tag","embeddable":true,"href":"https:\/\/lidertecsa.com.ar\/catalogo\/wp-json\/wp\/v2\/product_tag?post=6057"}],"curies":[{"name":"wp","href":"https:\/\/api.w.org\/{rel}","templated":true}]}}