{"id":6053,"date":"2024-06-09T19:35:41","date_gmt":"2024-06-09T22:35:41","guid":{"rendered":"https:\/\/lidertecsa.com.ar\/catalogo\/?post_type=product&#038;p=6053"},"modified":"2024-12-13T16:38:00","modified_gmt":"2024-12-13T19:38:00","slug":"motosierra-inalambrica-ge-ps-18-15-li-bl-solo","status":"publish","type":"product","link":"https:\/\/lidertecsa.com.ar\/catalogo\/producto\/motosierra-inalambrica-ge-ps-18-15-li-bl-solo\/","title":{"rendered":"Motosierra Inal\u00e1mbrica GE-PS 18\/15 Li BL-Solo"},"content":{"rendered":"<div id=\"description\" class=\"section-row -padded-wide--mod-top-only\" data-anchornav=\"Article description\">\n<div class=\"col-wrapper -max-width-limited\">\n<div class=\"content-item module-description\">\n<div class=\"description-wrapper\">\n<div class=\"col-two\">\n<div class=\"description__content\">\n<div id=\"description\" class=\"section-row -padded-wide--mod-top-only -in-viewport\" data-anchornav=\"Article description\">\n<div class=\"col-wrapper -max-width-limited\">\n<div class=\"content-item module-description\">\n<div class=\"description-wrapper\">\n<div class=\"col-two\">\n<div class=\"description__content\">\n<div id=\"description\" class=\"section-row -padded-wide--mod-top-only -in-viewport\" data-anchornav=\"Descripcion del articulo\">\n<div class=\"col-wrapper -max-width-limited\">\n<div class=\"content-item module-description\">\n<div class=\"description-wrapper\">\n<div class=\"col-two\">\n<div class=\"description__content\">\n<div id=\"description\" class=\"section-row -padded-wide--mod-top-only -in-viewport\" data-anchornav=\"Descripcion del articulo\">\n<div class=\"col-wrapper -max-width-limited\">\n<div class=\"content-item module-description\">\n<div class=\"description-wrapper\">\n<div class=\"col-two\">\n<div class=\"description__content\">\n<div id=\"description\" class=\"section-row -padded-wide--mod-top-only -in-viewport\" data-anchornav=\"Descripcion del articulo\">\n<div class=\"col-wrapper -max-width-limited\">\n<div class=\"content-item module-description\">\n<div class=\"description-wrapper\">\n<div class=\"col-two\">\n<div class=\"description__content\">\n<div id=\"description\" class=\"section-row -padded-wide--mod-top-only -in-viewport\" data-anchornav=\"Descripcion del articulo\">\n<div class=\"col-wrapper -max-width-limited\">\n<div class=\"content-item module-description\">\n<div class=\"description-wrapper\">\n<div class=\"col-two\">\n<div class=\"description__content\">\n<p>La motosierra de cadena GE-PS 18\/15 Li BL-Solo es una herramienta pr\u00e1ctica para cortes de forma y poda en \u00e1rboles y arbustos, as\u00ed como para el triturado de cortes verdes y el corte de vigas de madera peque\u00f1as. La sierra compacta es parte de la familia Power X-Change y se puede combinar con todas las bater\u00edas y cargadores del sistema. El dispositivo est\u00e1 impulsado por el motor sin escobillas PurePower. Este motor sin escobillas ofrece m\u00e1s potencia y un tiempo de funcionamiento m\u00e1s largo que los motores convencionales con escobillas de carb\u00f3n. Despu\u00e9s del registro en l\u00ednea, se aplica una garant\u00eda de 10 a\u00f1os al motor sin escobillas. Con una longitud de hoja de 15.8 cm y una longitud de corte de 12.5 cm, la peque\u00f1a y ligera motosierra de cadena de rama recargable es ideal para un uso flexible en el jard\u00edn. El motor altamente eficiente proporciona vibraciones muy bajas y una velocidad de cadena de hasta 4.8 m\/s. La sierra se suministra con un juego de espada y cadena de alta calidad para una alta potencia de corte y los mejores resultados de trabajo. Para un mantenimiento f\u00e1cil, la hoja y la cadena se pueden cambiar f\u00e1cilmente y sin herramientas. Para un uso seguro y flexible, la sierra cuenta con un protector de mano y una cubierta de cadena plegable. La pr\u00e1ctica herramienta de jardiner\u00eda se adapta c\u00f3modamente a la mano y es f\u00e1cil de usar gracias al agarre delgado, las superficies especiales de agarre suave y el \u00e1rea de descanso integrada para uso con ambas manos.<\/p>\n<div id=\"description\" class=\"section-row -padded-wide--mod-top-only -in-viewport\" data-anchornav=\"Descripcion del articulo\">\n<div class=\"col-wrapper -max-width-limited\">\n<div class=\"content-item module-description\">\n<div class=\"description-wrapper\"><\/div>\n<\/div>\n<\/div>\n<\/div>\n<div id=\"technical-details\" class=\"section-row -padded-wide--mod-top-only\" data-anchornav=\"Detalles t\u00e9cnicos\">\n<div class=\"col-wrapper -max-width-limited -decrease-width\">\n<div class=\"col\">\n<div class=\"content-item module-headline-paragraph headline paragraph -color-headline-black\">\n<section class=\"-padded-wide clearfix top40\">\n<div class=\"inner__wrap -max-width-limited clearfix\">\n<div id=\"tab-label-product_info_description\" class=\"data item title\">\n<div id=\"label-product_info_description\" class=\"data item content\" data-role=\"content\"><\/div>\n<\/div>\n<\/div>\n<\/section>\n<section class=\"section-row -bg-dark clearfix \">\n<div class=\"inner__wrap -max-width-limited clearfix\">\n<div id=\"tab-label-services\" class=\"data item title\">\n<div id=\"label-services\" class=\"data item content\" data-role=\"content\">\n<div class=\"sercives-container\">\n<div class=\"col -centered\">\n<div class=\"content-item module-headline-paragraph headline paragraph -color-headline-white paragraph--decreased-width\">\n<table width=\"625\">\n<tbody>\n<tr>\n<td colspan=\"2\" width=\"560\">Datos Tecnicos<\/td>\n<\/tr>\n<tr>\n<td width=\"316\">Dimensiones (L x A x Al)<\/td>\n<td width=\"244\">\u00a0415 x 98 x 140 mm<\/td>\n<\/tr>\n<tr>\n<td width=\"316\">Grosor de la cadena<\/td>\n<td width=\"244\">1,1 mm<\/td>\n<\/tr>\n<tr>\n<td width=\"316\">Longitud de corte<\/td>\n<td width=\"244\">125 mm<\/td>\n<\/tr>\n<tr>\n<td width=\"316\">Velocidad de ralent\u00ed m\u00e1x.<\/td>\n<td width=\"244\">3300 min-1<\/td>\n<\/tr>\n<tr>\n<td width=\"316\">m\u00e1x.\u00a0velocidad de la cadena<\/td>\n<td width=\"244\"><span data-v-5575094c=\"\">4.8<\/span>\u00a0<span data-v-5575094c=\"\">m\/s<\/span><\/td>\n<\/tr>\n<tr>\n<td width=\"316\">Longitud de la espada<\/td>\n<td width=\"244\">15,8 cm<\/td>\n<\/tr>\n<tr>\n<td width=\"316\">Tipo de Motor<\/td>\n<td width=\"244\">Motor sin escobillas PurePower<\/td>\n<\/tr>\n<tr>\n<td width=\"316\">Voltaje del motor<\/td>\n<td width=\"244\">18v<\/td>\n<\/tr>\n<tr>\n<td width=\"316\">N\u00famero de cargadores incluidos en la entrega<\/td>\n<td width=\"244\">0 piezas<\/td>\n<\/tr>\n<tr>\n<td width=\"316\">N\u00famero de bater\u00edas incluidas en la entrega<\/td>\n<td width=\"244\">0 piezas<\/td>\n<\/tr>\n<tr>\n<td width=\"316\">Peso del Producto<\/td>\n<td width=\"244\">\u00a01.11 kg<\/td>\n<\/tr>\n<tr>\n<td width=\"316\">Longitud de la espada<\/td>\n<td width=\"244\">15,8 cm<\/td>\n<\/tr>\n<\/tbody>\n<\/table>\n<\/div>\n<\/div>\n<\/div>\n<\/div>\n<\/div>\n<\/div>\n<\/section>\n<\/div>\n<\/div>\n<\/div>\n<\/div>\n<\/div>\n<\/div>\n<\/div>\n<\/div>\n<\/div>\n<\/div>\n<\/div>\n<\/div>\n<\/div>\n<\/div>\n<\/div>\n<\/div>\n<\/div>\n<\/div>\n<\/div>\n<\/div>\n<\/div>\n<\/div>\n<\/div>\n<\/div>\n<\/div>\n<\/div>\n<\/div>\n<\/div>\n<\/div>\n<\/div>\n<\/div>\n<\/div>\n<\/div>\n<\/div>\n<div id=\"technical-details\" class=\"section-row -padded-wide--mod-top-only\" data-anchornav=\"Technical details\">\n<div class=\"col-wrapper -max-width-limited -decrease-width\">\n<div class=\"col\"><\/div>\n<\/div>\n<\/div>\n<\/div>\n<\/div>\n<\/div>\n<\/div>\n<\/div>\n<\/div>\n","protected":false},"excerpt":{"rendered":"<ul>\n<li class=\" meta\">\n<ul>\n<li>Bajas vibraciones gracias al motor altamente eficiente<\/li>\n<li>Mantenimiento f\u00e1cil gracias al cambio de hoja y cadena sin herramientas<\/li>\n<li>Juego de espada y cadena de alta calidad para una alta potencia de corte<\/li>\n<li>Aplicaci\u00f3n segura gracias a la protecci\u00f3n de mano y la cubierta de cadena plegable<\/li>\n<li>\u00c1rea de almacenamiento de mano con Softgrip para uso con ambas manos<\/li>\n<li>Dise\u00f1o delgado y ligero para un trabajo ergon\u00f3mico<\/li>\n<li>Cubierta de hoja para un almacenamiento seguro<\/li>\n<li>Miembro de la familia Power X-Change, se requiere 1 bater\u00eda de 18 V<\/li>\n<li>Motor sin escobillas: m\u00e1s potencia y mayor tiempo de funcionamiento<\/li>\n<li>PurePower Brushless: garant\u00eda de motor de 10 a\u00f1os despu\u00e9s del registro<\/li>\n<li>Perfecto para cortar y dar forma a \u00e1rboles y arbustos<\/li>\n<li>Para triturar cortes verdes y cortar madera cuadrada<\/li>\n<\/ul>\n<p>&nbsp;<\/li>\n<li class=\" meta\">Contenido del paquete:\n<ul>\n<li>Con 6 bits<\/li>\n<li>Cubierta de hoja<\/li>\n<li>Ayuda de medici\u00f3n de aceite<\/li>\n<li>Llave Allen<\/li>\n<\/ul>\n<\/li>\n<\/ul>\n","protected":false},"featured_media":6282,"template":"","meta":{"_joinchat":[]},"product_cat":[50],"product_tag":[253],"class_list":{"0":"post-6053","1":"product","2":"type-product","3":"status-publish","4":"has-post-thumbnail","6":"product_cat-herramientas-a-bateria","7":"product_tag-motosierra-inalambrica","9":"first","10":"instock","11":"product-type-simple"},"_links":{"self":[{"href":"https:\/\/lidertecsa.com.ar\/catalogo\/wp-json\/wp\/v2\/product\/6053"}],"collection":[{"href":"https:\/\/lidertecsa.com.ar\/catalogo\/wp-json\/wp\/v2\/product"}],"about":[{"href":"https:\/\/lidertecsa.com.ar\/catalogo\/wp-json\/wp\/v2\/types\/product"}],"wp:featuredmedia":[{"embeddable":true,"href":"https:\/\/lidertecsa.com.ar\/catalogo\/wp-json\/wp\/v2\/media\/6282"}],"wp:attachment":[{"href":"https:\/\/lidertecsa.com.ar\/catalogo\/wp-json\/wp\/v2\/media?parent=6053"}],"wp:term":[{"taxonomy":"product_cat","embeddable":true,"href":"https:\/\/lidertecsa.com.ar\/catalogo\/wp-json\/wp\/v2\/product_cat?post=6053"},{"taxonomy":"product_tag","embeddable":true,"href":"https:\/\/lidertecsa.com.ar\/catalogo\/wp-json\/wp\/v2\/product_tag?post=6053"}],"curies":[{"name":"wp","href":"https:\/\/api.w.org\/{rel}","templated":true}]}}