{"id":605,"date":"2023-06-17T23:33:57","date_gmt":"2023-06-18T02:33:57","guid":{"rendered":"https:\/\/lidertecsa.com.ar\/catalogo\/?post_type=product&#038;p=605"},"modified":"2024-12-13T16:30:44","modified_gmt":"2024-12-13T19:30:44","slug":"sierra-circular-te-cs-190-1","status":"publish","type":"product","link":"https:\/\/lidertecsa.com.ar\/catalogo\/producto\/sierra-circular-te-cs-190-1\/","title":{"rendered":"Sierra Circular TE-CS 190\/1"},"content":{"rendered":"<p>La profundidad de corte y el \u00e1ngulo de inclinaci\u00f3n de la sierra se pueden ajustar sin necesidad de herramientas. Gracias a su ergon\u00f3mica empu\u00f1adura de asa de gran tama\u00f1o, esta sierra se sujeta perfectamente en la mano y permite un guiado c\u00f3modo y seguro. Su maciza placa base realizada en aluminio con excelentes cualidades de deslizamiento garantiza un serrado limpio, preciso y continuo.<\/p>\n<p>El motor de la TE-CS 190\/1 de 1500 W de potencia cuenta con valiosas reservas para poner en movimiento los 24 dientes de la hoja de sierra de 190 mm de metal duro de alta calidad incluso en las condiciones m\u00e1s dif\u00edciles. Gracias al bloqueo del husillo, el cambio de la hoja de sierra se realiza en un abrir y cerrar de ojos, y la llave allen necesaria para ello se encuentra dispuesta en la carcasa siempre a mano.<\/p>\n<p>Una potente luz LED garantiza una iluminaci\u00f3n \u00f3ptima de la zona de corte. La l\u00ednea gu\u00eda perfectamente ajustada garantiza la indicaci\u00f3n exacta de la l\u00ednea de corte en las posiciones 0\u00ba y 45\u00ba. Asimismo, facilita el serrado exacto a lo largo de la ranura al reproducir el ancho del corte de serrado. La cu\u00f1a separadora se adapta a la profundidad de corte y ofrece una protecci\u00f3n adicional para el usuario y los materiales. El tope paralelo permite realizar cortes a medida.<\/p>\n<table width=\"406\">\n<tbody>\n<tr>\n<td colspan=\"2\" width=\"406\">T\u00e9cnico<\/td>\n<\/tr>\n<tr>\n<td width=\"231\">Suministro de red<\/td>\n<td width=\"175\">230 V |\u00a050 Hz<\/td>\n<\/tr>\n<tr>\n<td width=\"231\">Poder<\/td>\n<td width=\"175\">1500 W<\/td>\n<\/tr>\n<tr>\n<td width=\"231\">Ralent\u00ed<\/td>\n<td width=\"175\">5500 min ^ -1<\/td>\n<\/tr>\n<tr>\n<td width=\"231\">Hoja de sierra<\/td>\n<td width=\"175\">190 mm x 30 mm<\/td>\n<\/tr>\n<tr>\n<td width=\"231\">N\u00famero de dientes de sierra<\/td>\n<td width=\"175\">24 piezas<\/td>\n<\/tr>\n<tr>\n<td width=\"231\">Profundidad de corte a 45 \u00b0<\/td>\n<td width=\"175\">48 mm<\/td>\n<\/tr>\n<tr>\n<td width=\"231\">Profundidad de corte a 90 \u00b0<\/td>\n<td width=\"175\">66 mil\u00edmetros<\/td>\n<\/tr>\n<\/tbody>\n<\/table>\n","protected":false},"excerpt":{"rendered":"<ul>\n<li>Ajuste sin herramientas (profundidad de corte, \u00e1ngulo de inglete)<\/li>\n<li>Empu\u00f1adura de asa de gran tama\u00f1o<\/li>\n<li>S\u00f3lida placa base de aluminio<\/li>\n<li>Hoja de sierra de metal duro de alta calidad para un corte limpio<\/li>\n<li>Iluminaci\u00f3n LED de la zona de corte<\/li>\n<li>Bloqueo de la hoja de sierra para un cambio sencillo de la hoja<\/li>\n<li>LLave para el cambio de hoja de sierra en la carcasa<\/li>\n<li>Empu\u00f1adura antideslizante<\/li>\n<li>Indicaci\u00f3n de la l\u00ednea de corte (l\u00ednea gu\u00eda)<\/li>\n<li>Cu\u00f1a separadora (se adapta a la profundidad de corte)<\/li>\n<li>Tope paralelo<\/li>\n<li>Adaptador para la aspiraci\u00f3n de polvo<\/li>\n<\/ul>\n","protected":false},"featured_media":3268,"template":"","meta":{"_joinchat":[]},"product_cat":[181],"product_tag":[203],"class_list":{"0":"post-605","1":"product","2":"type-product","3":"status-publish","4":"has-post-thumbnail","6":"product_cat-herramientas-electricas","7":"product_tag-sierra-circular","9":"first","10":"instock","11":"product-type-simple"},"_links":{"self":[{"href":"https:\/\/lidertecsa.com.ar\/catalogo\/wp-json\/wp\/v2\/product\/605"}],"collection":[{"href":"https:\/\/lidertecsa.com.ar\/catalogo\/wp-json\/wp\/v2\/product"}],"about":[{"href":"https:\/\/lidertecsa.com.ar\/catalogo\/wp-json\/wp\/v2\/types\/product"}],"wp:featuredmedia":[{"embeddable":true,"href":"https:\/\/lidertecsa.com.ar\/catalogo\/wp-json\/wp\/v2\/media\/3268"}],"wp:attachment":[{"href":"https:\/\/lidertecsa.com.ar\/catalogo\/wp-json\/wp\/v2\/media?parent=605"}],"wp:term":[{"taxonomy":"product_cat","embeddable":true,"href":"https:\/\/lidertecsa.com.ar\/catalogo\/wp-json\/wp\/v2\/product_cat?post=605"},{"taxonomy":"product_tag","embeddable":true,"href":"https:\/\/lidertecsa.com.ar\/catalogo\/wp-json\/wp\/v2\/product_tag?post=605"}],"curies":[{"name":"wp","href":"https:\/\/api.w.org\/{rel}","templated":true}]}}