{"id":6049,"date":"2024-06-09T19:22:32","date_gmt":"2024-06-09T22:22:32","guid":{"rendered":"https:\/\/lidertecsa.com.ar\/catalogo\/?post_type=product&#038;p=6049"},"modified":"2024-12-13T16:38:00","modified_gmt":"2024-12-13T19:38:00","slug":"taladro-percutor-inalambrico-en-kit-te-cd-18-48-li-i-2-baterias-de-20-ah","status":"publish","type":"product","link":"https:\/\/lidertecsa.com.ar\/catalogo\/producto\/taladro-percutor-inalambrico-en-kit-te-cd-18-48-li-i-2-baterias-de-20-ah\/","title":{"rendered":"Taladro Percutor inal\u00e1mbrico en Kit \u2013 TE-CD 18\/48 Li-i (2 bater\u00edas de 2,0 Ah)"},"content":{"rendered":"<div id=\"description\" class=\"section-row -padded-wide--mod-top-only\" data-anchornav=\"Article description\">\n<div class=\"col-wrapper -max-width-limited\">\n<div class=\"content-item module-description\">\n<div class=\"description-wrapper\">\n<div class=\"col-two\">\n<div class=\"description__content\">\n<p>El taladro combinado a bater\u00eda Einhell TE-CD 18\/48 Li-i (2\u00d72,0Ah) proporciona potencia exactamente donde se necesita: para tareas de renovaci\u00f3n y renovaci\u00f3n, para perforar materiales m\u00e1s duros como piedra o ladrillo.\u00a0Como miembro del poderoso Poder\u00a0Se incluyen dos bater\u00edas de 2,0 Ah de la serie PXC y un cargador.\u00a0Las bater\u00edas de la serie System se pueden combinar entre s\u00ed de forma ilimitada.\u00a0La funci\u00f3n de taladro percutor incluida garantiza un trabajo universal y el engranaje de 2 velocidades es adecuado para taladrar y atornillar con potencia.\u00a0La electr\u00f3nica de velocidad garantiza que el trabajo se realice de acuerdo con el material y la aplicaci\u00f3n, a pesar de toda la potencia del taladro percutor.\u00a0El dise\u00f1o ergon\u00f3mico y el agarre suave ofrecen m\u00e1xima manejabilidad y un agarre firme y seguro.\u00a0La iluminaci\u00f3n LED crea una visi\u00f3n \u00f3ptima del \u00e1rea de trabajo, incluso en zonas oscuras.\u00a0El taladro percutor a bater\u00eda, incluidas las bater\u00edas y el cargador, se entrega en un pr\u00e1ctico malet\u00edn de transporte y almacenamiento.<\/p>\n<p><span class=\"bold\">N\u00famero de bater\u00edas incluidas en la entrega\u00a0<\/span>2\u00a0 piezas<\/p>\n<p><span class=\"bold\">N\u00famero de marchas de transmisi\u00f3n.\u00a0<\/span>2<\/p>\n<p><span class=\"bold\">N\u00famero de cargadores incluidos en la entrega\u00a0<\/span>PC 1<\/p>\n<p><span class=\"bold\">Torque (duro)\u00a0<\/span>48 Nm<\/p>\n<p><span class=\"bold\">Niveles de ajuste de par\u00a0<\/span>23<\/p>\n<p><span class=\"bold\">Capacidad de la bater\u00eda\u00a0<\/span>2Ah<\/p>\n<p><span class=\"bold\">Portabrocas de capacidad m\u00e1xima\u00a0<\/span>13mm<\/p>\n<p><span class=\"bold\">Portabrocas de capacidad m\u00ednima\u00a0<\/span>2mm<\/p>\n<p><span class=\"bold\">Voltaje del motor\u00a0<\/span>18V<\/p>\n<p><span class=\"bold\">Tipo de motor\u00a0<\/span>motor del cepillo<\/p>\n<p><span class=\"bold\">Peso del Producto\u00a0<\/span>1,5 kilos<\/p>\n<p><span class=\"bold\">Velocidad de carrera engranaje 1<\/span>6400 min^-1<\/p>\n<p><span class=\"bold\">Velocidad de carrera engranaje 2<\/span>24000 min^-1<\/p>\n<\/div>\n<\/div>\n<\/div>\n<\/div>\n<\/div>\n<\/div>\n<div id=\"technical-details\" class=\"section-row -padded-wide--mod-top-only\" data-anchornav=\"Technical details\">\n<div class=\"col-wrapper -max-width-limited -decrease-width\">\n<div class=\"col\"><\/div>\n<\/div>\n<\/div>\n","protected":false},"excerpt":{"rendered":"<ul>\n<li class=\" meta\">Miembro de la familia Power X-Change<\/li>\n<li class=\" meta\">Funci\u00f3n de taladro percutor incluida para un trabajo universal<\/li>\n<li class=\" meta\">Caja de cambios de 2 velocidades para taladrar y atornillar potentes<\/li>\n<li class=\" meta\">Electr\u00f3nica de velocidad para trabajos adecuados al material y aplicaci\u00f3n.<\/li>\n<li class=\" meta\">Siempre listo para usar gracias a la tecnolog\u00eda Li-Ion sin autodescarga<\/li>\n<li class=\"meta\">Trabajo \u00f3ptimo en zonas oscuras gracias a la iluminaci\u00f3n LED<\/li>\n<li class=\"meta\">M\u00e1xima manejabilidad gracias al dise\u00f1o ergon\u00f3mico y al agarre suave<\/li>\n<li class=\"meta\">Se suministra con dos bater\u00edas PXC de 2,0 Ah y cargador.<\/li>\n<li class=\"meta\">Entregado en un pr\u00e1ctico estuche de transporte y almacenamiento.<\/li>\n<li class=\" meta\"><\/li>\n<\/ul>\n","protected":false},"featured_media":6280,"template":"","meta":{"_joinchat":[]},"product_cat":[50],"product_tag":[57],"class_list":{"0":"post-6049","1":"product","2":"type-product","3":"status-publish","4":"has-post-thumbnail","6":"product_cat-herramientas-a-bateria","7":"product_tag-taladro-a-bateria","9":"first","10":"instock","11":"product-type-simple"},"_links":{"self":[{"href":"https:\/\/lidertecsa.com.ar\/catalogo\/wp-json\/wp\/v2\/product\/6049"}],"collection":[{"href":"https:\/\/lidertecsa.com.ar\/catalogo\/wp-json\/wp\/v2\/product"}],"about":[{"href":"https:\/\/lidertecsa.com.ar\/catalogo\/wp-json\/wp\/v2\/types\/product"}],"wp:featuredmedia":[{"embeddable":true,"href":"https:\/\/lidertecsa.com.ar\/catalogo\/wp-json\/wp\/v2\/media\/6280"}],"wp:attachment":[{"href":"https:\/\/lidertecsa.com.ar\/catalogo\/wp-json\/wp\/v2\/media?parent=6049"}],"wp:term":[{"taxonomy":"product_cat","embeddable":true,"href":"https:\/\/lidertecsa.com.ar\/catalogo\/wp-json\/wp\/v2\/product_cat?post=6049"},{"taxonomy":"product_tag","embeddable":true,"href":"https:\/\/lidertecsa.com.ar\/catalogo\/wp-json\/wp\/v2\/product_tag?post=6049"}],"curies":[{"name":"wp","href":"https:\/\/api.w.org\/{rel}","templated":true}]}}