{"id":6047,"date":"2024-06-09T19:19:18","date_gmt":"2024-06-09T22:19:18","guid":{"rendered":"https:\/\/lidertecsa.com.ar\/catalogo\/?post_type=product&#038;p=6047"},"modified":"2024-12-13T16:37:59","modified_gmt":"2024-12-13T19:37:59","slug":"ingletadora-telescopica-electrica-te-sm-10-l-dual","status":"publish","type":"product","link":"https:\/\/lidertecsa.com.ar\/catalogo\/producto\/ingletadora-telescopica-electrica-te-sm-10-l-dual\/","title":{"rendered":"Ingletadora Telesc\u00f3pica El\u00e9ctrica TE-SM 10 L Dual"},"content":{"rendered":"<div id=\"description\" class=\"section-row -padded-wide--mod-top-only\" data-anchornav=\"Article description\">\n<div class=\"col-wrapper -max-width-limited\">\n<div class=\"content-item module-description\">\n<div class=\"description-wrapper\">\n<div class=\"col-two\">\n<div class=\"description__content\">\n<div id=\"description\" class=\"section-row -padded-wide--mod-top-only -in-viewport\" data-anchornav=\"Article description\">\n<div class=\"col-wrapper -max-width-limited\">\n<div class=\"content-item module-description\">\n<div class=\"description-wrapper\">\n<div class=\"col-two\">\n<div class=\"description__content\">\n<div id=\"description\" class=\"section-row -padded-wide--mod-top-only -in-viewport\" data-anchornav=\"Article description\">\n<div class=\"col-wrapper -max-width-limited\">\n<div class=\"content-item module-description\">\n<div class=\"description-wrapper\">\n<div class=\"col-two\">\n<div class=\"description__content\">\n<div id=\"description\" class=\"section-row -padded-wide--mod-top-only -in-viewport\" data-anchornav=\"Descripcion del articulo\">\n<div class=\"col-wrapper -max-width-limited\">\n<div class=\"content-item module-description\">\n<div class=\"description-wrapper\">\n<div class=\"col-two\">\n<div class=\"description__content\">\n<div id=\"description\" class=\"section-row -padded-wide--mod-top-only -in-viewport\" data-anchornav=\"Descripcion del articulo\">\n<div class=\"col-wrapper -max-width-limited\">\n<div class=\"content-item module-description\">\n<div class=\"description-wrapper\">\n<div class=\"col-two\">\n<div class=\"description__content\">\n<div id=\"description\" class=\"section-row -padded-wide--mod-top-only -in-viewport\" data-anchornav=\"Descripcion del articulo\">\n<div class=\"col-wrapper -max-width-limited\">\n<div class=\"content-item module-description\">\n<div class=\"description-wrapper\">\n<div class=\"col-two\">\n<div class=\"description__content\">\n<p>Con la sierra de tracci\u00f3n, vaiv\u00e9n e inglete TE-SM 10 L Dual de Einhell, el aficionado al bricolaje ambicioso est\u00e1 perfectamente equipado para cualquier tipo de corte de inglete que se produzca en un proyecto. Con una potencia de 2.100 W y una velocidad de ralent\u00ed de 4.700 r.p.m., la robusta hoja de sierra de metal duro de \u00d8 254 mm con 48 dientes funciona de forma r\u00e1pida y fina a trav\u00e9s del material. As\u00ed, la robusta sierra tiene una funci\u00f3n de tracci\u00f3n suave para piezas de trabajo anchas. De este modo se posibilita una anchura de corte de m\u00e1x. 305 mm y una profundidad de corte de m\u00e1x. 85 mm. El ajuste angular preciso en la mesa giratoria de aluminio facilita los cortes oblicuos deseados. Para los \u00e1ngulos m\u00e1s comunes, en la mesa giratoria ya est\u00e1n previstas las posiciones de enclavamiento, que se pueden leer claramente mediante la escala angular. El ajuste angular hasta 47\u00b0 hacia la izquierda y la derecha facilita la regulaci\u00f3n r\u00e1pida. El cabezal de sierra tambi\u00e9n se puede inclinar hasta 45\u00b0 hacia la izquierda y la derecha con una regulaci\u00f3n r\u00e1pida y, por lo tanto, proporciona un corte de inglete flexible y casi libremente seleccionable. El l\u00e1ser de l\u00ednea de corte integrado altamente visible y el tope de profundidad facilitan enormemente el trabajo. Respectivamente a la izquierda y derecha est\u00e1n presentes apoyos para piezas de trabajo m\u00e1s largas. Hay un dispositivo de sujeci\u00f3n pr\u00e1ctico para que las piezas de trabajo tambi\u00e9n se puedan fijar de forma segura. Mediante el bloqueo de husillo de f\u00e1cil acceso se facilita el cambio de hoja de sierra y se hace r\u00e1pidamente a mano. Para una mejor evacuaci\u00f3n del serr\u00edn, detr\u00e1s de la hoja de sierra se sit\u00faa una tolva de recogida de virutas. Adem\u00e1s, con el cierre de aspiraci\u00f3n de \u00d8 36 mm presente se puede conectar un aspirador seco y h\u00famedo adecuado, que mantiene el lugar de trabajo a\u00fan m\u00e1s limpio.<\/p>\n<\/div>\n<\/div>\n<\/div>\n<\/div>\n<\/div>\n<\/div>\n<div id=\"technical-details\" class=\"section-row -padded-wide--mod-top-only\" data-anchornav=\"Detalles t\u00e9cnicos\"><\/div>\n<\/div>\n<\/div>\n<\/div>\n<\/div>\n<\/div>\n<\/div>\n<\/div>\n<\/div>\n<\/div>\n<\/div>\n<\/div>\n<\/div>\n<div id=\"technical-details\" class=\"section-row -padded-wide--mod-top-only\" data-anchornav=\"Detalles t\u00e9cnicos\">\n<div class=\"col-wrapper -max-width-limited -decrease-width\">\n<div class=\"content-item module-headline-paragraph headline paragraph -color-headline-black\"><\/div>\n<\/div>\n<\/div>\n<\/div>\n<\/div>\n<\/div>\n<\/div>\n<\/div>\n<\/div>\n<div id=\"technical-details\" class=\"section-row -padded-wide--mod-top-only\" data-anchornav=\"Technical details\">\n<div class=\"col-wrapper -max-width-limited -decrease-width\">\n<div class=\"col\">\n<div class=\"content-item module-headline-paragraph headline paragraph -color-headline-black\"><\/div>\n<\/div>\n<\/div>\n<\/div>\n<\/div>\n<\/div>\n<\/div>\n<\/div>\n<\/div>\n<\/div>\n<div id=\"technical-details\" class=\"section-row -padded-wide--mod-top-only\" data-anchornav=\"Technical details\">\n<div class=\"col-wrapper -max-width-limited -decrease-width\">\n<div class=\"col\">\n<div class=\"content-item module-headline-paragraph headline paragraph -color-headline-black\">\n<table class=\"table__table\">\n<tbody>\n<tr class=\"-show tr-odd\">\n<td><span class=\"bold\">Suministro de red<\/span><\/td>\n<td>220-240 V | 50 Hz<\/td>\n<\/tr>\n<tr class=\"-show tr-even\">\n<td><span class=\"bold\">Potencia<\/span><\/td>\n<td>1800 W<\/td>\n<\/tr>\n<tr class=\"-show tr-odd\">\n<td><span class=\"bold\">Number of saw teeth<\/span><\/td>\n<td>48 Pieces<\/td>\n<\/tr>\n<tr class=\"-show tr-even\">\n<td><span class=\"bold\">Potencia m\u00e1x. del motor (S6 | S6%)<\/span><\/td>\n<td>2100 W | 25 %<\/td>\n<\/tr>\n<tr class=\"-show tr-odd\">\n<td><span class=\"bold\">Ralent\u00ed<\/span><\/td>\n<td>4800 min^-1<\/td>\n<\/tr>\n<tr class=\"-show tr-even\">\n<td><span class=\"bold\">Hoja de sierra<\/span><\/td>\n<td>254 mm x 30 mm<\/td>\n<\/tr>\n<tr class=\"-show tr-odd\">\n<td><span class=\"bold\">Corte de inglete<\/span><\/td>\n<td>45 \u00b0 \u2013 45 \u00b0<\/td>\n<\/tr>\n<tr class=\"-show tr-even\">\n<td><span class=\"bold\">Rango giratorio<\/span><\/td>\n<td>47 \u00b0 \u2013 47 \u00b0<\/td>\n<\/tr>\n<tr class=\"-show tr-odd\">\n<td><span class=\"bold\">Ancho de corte 90\u00b0 x 90\u00b0<\/span><\/td>\n<td>305 mm x 85 mm<\/td>\n<\/tr>\n<tr class=\"-show tr-even\">\n<td><span class=\"bold\">Ancho de corte 90\u00b0 x 45\u00b0<\/span><\/td>\n<td>215 mm x 85 mm<\/td>\n<\/tr>\n<tr class=\"-show tr-odd\">\n<td><span class=\"bold\">Ancho de corte 45\u00b0 x 90\u00b0<\/span><\/td>\n<td>305 mm x 45 mm<\/td>\n<\/tr>\n<tr class=\"-show tr-even\">\n<td><span class=\"bold\">Ancho de corte 45\u00b0 x 45\u00b0<\/span><\/td>\n<td>215 mm x 45 mm<\/td>\n<\/tr>\n<tr class=\"-show tr-odd\">\n<td><span class=\"bold\">Di\u00e1metro del adaptador de succi\u00f3n<\/span><\/td>\n<td>36 mm<\/td>\n<\/tr>\n<tr class=\"-show tr-even\">\n<td><span class=\"bold\">Longitud<\/span><\/td>\n<td>840 mm<\/td>\n<\/tr>\n<tr class=\"-show tr-odd\">\n<td><span class=\"bold\">Ancho<\/span><\/td>\n<td>530 mm<\/td>\n<\/tr>\n<tr class=\"-show tr-even\">\n<td><span class=\"bold\">Altura<\/span><\/td>\n<td>323 mm<\/td>\n<\/tr>\n<\/tbody>\n<\/table>\n<\/div>\n<\/div>\n<\/div>\n<\/div>\n<\/div>\n<\/div>\n<\/div>\n<\/div>\n<\/div>\n<\/div>\n","protected":false},"excerpt":{"rendered":"<ul>\n<li class=\" meta\">Funci\u00f3n de tracci\u00f3n especial con propiedades de deslizamiento perfectas<\/li>\n<li class=\" meta\">Mecanismo de junta de cabezal de sierra suave para un aserrado sin fatiga<\/li>\n<li class=\" meta\">Mesa rotativa con posiciones de encaje en los \u00e1ngulos m\u00e1s usuales<\/li>\n<li class=\" meta\">Ajuste del \u00e1ngulo en la mesa giratoria c\u00f3modamente mediante ajuste r\u00e1pido<\/li>\n<li class=\" meta\">L\u00e1ser de alta visibilidad para l\u00edneas de corte precisas<\/li>\n<li class=\"meta\">Cabezal de sierra inclinable a la izquierda y la derecha para cortes de inglete<\/li>\n<li class=\"meta\">Prolongaci\u00f3n de mesa en ambos lados para piezas de trabajo m\u00e1s largas<\/li>\n<li class=\"meta\">Hoja de sierra de metal duro de alta calidad para un aspecto de corte perfecto<\/li>\n<li class=\"meta\">Bloqueo de husillo de f\u00e1cil acceso para un f\u00e1cil cambio de la hoja de sierra<\/li>\n<li class=\"meta\">Escalas angulares f\u00e1cilmente visibles y legibles<\/li>\n<li class=\"meta\">Inclusive un dispositivo de sujeci\u00f3n para la fijaci\u00f3n de la pieza de trabajo<\/li>\n<li class=\"meta\">Embudo colector de virutas tras la hoja de sierra para puesto de trabajo limpio<\/li>\n<li class=\"meta\">Incluye conexi\u00f3n de aspiraci\u00f3n (\u2300 36 mm)<\/li>\n<li class=\" meta\"><\/li>\n<\/ul>\n","protected":false},"featured_media":6279,"template":"","meta":{"_joinchat":[]},"product_cat":[181],"product_tag":[214],"class_list":{"0":"post-6047","1":"product","2":"type-product","3":"status-publish","4":"has-post-thumbnail","6":"product_cat-herramientas-electricas","7":"product_tag-sierra-ingletadora","9":"first","10":"instock","11":"product-type-simple"},"_links":{"self":[{"href":"https:\/\/lidertecsa.com.ar\/catalogo\/wp-json\/wp\/v2\/product\/6047"}],"collection":[{"href":"https:\/\/lidertecsa.com.ar\/catalogo\/wp-json\/wp\/v2\/product"}],"about":[{"href":"https:\/\/lidertecsa.com.ar\/catalogo\/wp-json\/wp\/v2\/types\/product"}],"wp:featuredmedia":[{"embeddable":true,"href":"https:\/\/lidertecsa.com.ar\/catalogo\/wp-json\/wp\/v2\/media\/6279"}],"wp:attachment":[{"href":"https:\/\/lidertecsa.com.ar\/catalogo\/wp-json\/wp\/v2\/media?parent=6047"}],"wp:term":[{"taxonomy":"product_cat","embeddable":true,"href":"https:\/\/lidertecsa.com.ar\/catalogo\/wp-json\/wp\/v2\/product_cat?post=6047"},{"taxonomy":"product_tag","embeddable":true,"href":"https:\/\/lidertecsa.com.ar\/catalogo\/wp-json\/wp\/v2\/product_tag?post=6047"}],"curies":[{"name":"wp","href":"https:\/\/api.w.org\/{rel}","templated":true}]}}