{"id":6041,"date":"2024-06-09T18:54:25","date_gmt":"2024-06-09T21:54:25","guid":{"rendered":"https:\/\/lidertecsa.com.ar\/catalogo\/?post_type=product&#038;p=6041"},"modified":"2024-12-13T16:37:58","modified_gmt":"2024-12-13T19:37:58","slug":"cafetera-de-filtro-y-capsulas-inalambrica","status":"publish","type":"product","link":"https:\/\/lidertecsa.com.ar\/catalogo\/producto\/cafetera-de-filtro-y-capsulas-inalambrica\/","title":{"rendered":"Cafetera de filtro y capsulas Inal\u00e1mbrica"},"content":{"rendered":"<div id=\"description\" class=\"section-row -padded-wide--mod-top-only -in-viewport\" data-anchornav=\"Artikelbeschreibung\">\n<div class=\"col-wrapper -max-width-limited\">\n<div class=\"content-item module-description\">\n<div class=\"description-wrapper\">\n<div class=\"col-two\">\n<div class=\"description__content\">\n<p>Con la cafetera con bater\u00eda Einhell TE-CF 18 Li-Solo se puede disfrutar de caf\u00e9 fresco siempre y en cualquier lugar. Ya sea en la obra, al aire libre o de viaje en una excursi\u00f3n de campamento, la m\u00e1quina de caf\u00e9 se utiliza en cualquier lugar donde no se pueda encontrar una toma de corriente. Como miembro de la familia Power X-Change, la cafetera puede combinarse con todas las bater\u00edas y cargadores de la familia del sistema. Gracias al sistema de bater\u00eda intercambiable, la m\u00e1quina ofrece una duraci\u00f3n ilimitado sin cables: Si una bater\u00eda se agota, simplemente se puede insertar la siguiente y seguir preparando el caf\u00e9. La m\u00e1quina de caf\u00e9 con bater\u00eda conecta dos formas de disfrutar del caf\u00e9 en una: el cl\u00e1sico caf\u00e9 de filtro y las pr\u00e1cticas c\u00e1psulas de caf\u00e9. Con el recipiente para caf\u00e9 en polvo se puede preparar el acreditado caf\u00e9 de filtro en muy poco tiempo. El uso para preparar c\u00e1psulas de caf\u00e9 es ideal para todas las c\u00e1psulas de caf\u00e9 disponibles en el mercado. El tiempo de preparaci\u00f3n es de aprox. 5 minutos desde el momento en que se enciende. En este tiempo, la m\u00e1quina se calienta hasta un m\u00e1x. de 80 \u00b0C y el caf\u00e9 se prepara. El recipiente de agua extra\u00edble tiene un dep\u00f3sito de 240 ml y est\u00e1 dise\u00f1ado para una gran taza de caf\u00e9. En el env\u00edo se incluye una taza de caf\u00e9 a prueba de polvo de acero inoxidable con una capacidad de 240 ml y una tapa adaptada. La taza tiene una altura de 90 mm y, por lo tanto, encaja perfectamente en la cafetera. Un soporte para tazas evita que la taza de caf\u00e9 se caiga durante el transporte. La m\u00e1quina de caf\u00e9 se transporta sin problemas con ayuda del asa de transporte integrada y el bajo peso de 1,25 kg. Las patas de goma proporcionan un soporte antideslizante y estable cuando se estacionan. Adem\u00e1s de la taza de caf\u00e9, se suministra una cuchara dosificadora, un recipiente de caf\u00e9 en polvo con un filtro de caf\u00e9 y un recipiente para c\u00e1psulas de caf\u00e9 habituales. La cafetera con bater\u00eda TE-CF 18 Li-Solo se env\u00eda sin bater\u00eda ni cargador.<\/p>\n<\/div>\n<\/div>\n<\/div>\n<\/div>\n<\/div>\n<\/div>\n","protected":false},"excerpt":{"rendered":"<ul>\n<li class=\" meta\">Miembro de la familia PxC, necesita 1 bater\u00edas de 18 V<\/li>\n<li class=\" meta\">2 en 1 Cafetera de filtro y m\u00e1quina de c\u00e1psulas de caf\u00e9 todo en uno<\/li>\n<li class=\" meta\">Preparaci\u00f3n de caf\u00e9 con m\u00e1x. 80 \u00b0C para un disfrute \u00f3ptimo<\/li>\n<li class=\" meta\">Dep\u00f3sito de agua extra\u00edble de 240 ml para una taza de caf\u00e9<\/li>\n<li class=\" meta\">Para tazas de hasta 90 mm de altura<\/li>\n<li class=\"meta\">Transporte sin problemas gracias al asa de transporte integrada<\/li>\n<li class=\"meta\">El soporte de la taza evita que la taza se caiga durante el transporte<\/li>\n<li class=\"meta\">Patas de goma para soporte antideslizante<\/li>\n<li class=\"meta\">Incl. taza de caf\u00e9 a prueba de polvo de acero inoxidable con tapa<\/li>\n<li class=\"meta\">Incl. cuchara dosificadora<\/li>\n<li class=\"meta\">Incl. recipiente de caf\u00e9 en polvo con 1 filtro de caf\u00e9<\/li>\n<li class=\"meta\">Incl. recipiente para c\u00e1psulas de caf\u00e9 habituales<\/li>\n<li class=\"meta\">Env\u00edo sin bater\u00eda ni cargador (adquiribles por separado)<\/li>\n<li class=\" meta\"><\/li>\n<\/ul>\n","protected":false},"featured_media":6276,"template":"","meta":{"_joinchat":[]},"product_cat":[50,181],"product_tag":[1100],"class_list":{"0":"post-6041","1":"product","2":"type-product","3":"status-publish","4":"has-post-thumbnail","6":"product_cat-herramientas-a-bateria","7":"product_cat-herramientas-electricas","8":"product_tag-cafetera","10":"first","11":"instock","12":"product-type-simple"},"_links":{"self":[{"href":"https:\/\/lidertecsa.com.ar\/catalogo\/wp-json\/wp\/v2\/product\/6041"}],"collection":[{"href":"https:\/\/lidertecsa.com.ar\/catalogo\/wp-json\/wp\/v2\/product"}],"about":[{"href":"https:\/\/lidertecsa.com.ar\/catalogo\/wp-json\/wp\/v2\/types\/product"}],"wp:featuredmedia":[{"embeddable":true,"href":"https:\/\/lidertecsa.com.ar\/catalogo\/wp-json\/wp\/v2\/media\/6276"}],"wp:attachment":[{"href":"https:\/\/lidertecsa.com.ar\/catalogo\/wp-json\/wp\/v2\/media?parent=6041"}],"wp:term":[{"taxonomy":"product_cat","embeddable":true,"href":"https:\/\/lidertecsa.com.ar\/catalogo\/wp-json\/wp\/v2\/product_cat?post=6041"},{"taxonomy":"product_tag","embeddable":true,"href":"https:\/\/lidertecsa.com.ar\/catalogo\/wp-json\/wp\/v2\/product_tag?post=6041"}],"curies":[{"name":"wp","href":"https:\/\/api.w.org\/{rel}","templated":true}]}}