{"id":6037,"date":"2024-06-09T18:43:58","date_gmt":"2024-06-09T21:43:58","guid":{"rendered":"https:\/\/lidertecsa.com.ar\/catalogo\/?post_type=product&#038;p=6037"},"modified":"2024-12-13T16:37:58","modified_gmt":"2024-12-13T19:37:58","slug":"lijadora-inalambrica-de-paneles-de-yeso-tp-dws-18-225-li-bl-solo","status":"publish","type":"product","link":"https:\/\/lidertecsa.com.ar\/catalogo\/producto\/lijadora-inalambrica-de-paneles-de-yeso-tp-dws-18-225-li-bl-solo\/","title":{"rendered":"Lijadora Inal\u00e1mbrica de Paneles de Yeso TP-DWS 18\/225 Li BL Solo"},"content":{"rendered":"<div id=\"description\" class=\"section-row -padded-wide--mod-top-only -in-viewport\" data-anchornav=\"Artikelbeschreibung\">\n<div class=\"col-wrapper -max-width-limited\">\n<div class=\"content-item module-description\">\n<div class=\"description-wrapper\">\n<div class=\"col-two\">\n<div class=\"description__content\">\n<p>La lijadora para paneles de yeso a bater\u00eda Einhell Professional TP-DWS 18\/225 Li BL Solo es un miembro potente y flexible de la familia Power X-Change y funciona con un motor sin escobillas Einhell PurePOWER de 18 V.\u00a0Este motor sin escobillas ofrece m\u00e1s potencia y mayor tiempo de funcionamiento que los motores con escobillas de carb\u00f3n convencionales.\u00a0Despu\u00e9s del registro en l\u00ednea, el motor sin escobillas tiene una garant\u00eda de 10 a\u00f1os.\u00a0La lijadora para paneles de yeso es la compa\u00f1era ideal para trabajos de renovaci\u00f3n.\u00a0Ayuda a lijar residuos de paneles de yeso, masilla o papel tapiz.\u00a0Dependiendo del \u00e1rea de aplicaci\u00f3n o del material, la rotaci\u00f3n de la muela abrasiva se puede ajustar con ayuda de la electr\u00f3nica de velocidad y el interruptor con bot\u00f3n de bloqueo garantiza el funcionamiento continuo del dispositivo.\u00a0En combinaci\u00f3n con su reducido peso de 2,4 kg y los dos mangos equipados con Softgrip (empu\u00f1adura principal y empu\u00f1adura auxiliar), la lijadora para paneles de yeso a bater\u00eda de Einhell se adapta bien a la mano y permite un trabajo seguro y c\u00f3modo.\u00a0La aspiraci\u00f3n de polvo integrada garantiza un lugar de trabajo limpio y se fija a la bolsa colectora de polvo suministrada con correa de transporte con ayuda del adaptador de aspiraci\u00f3n de \u00d8 35 mm y una manguera de aspiraci\u00f3n de 4,5 m de largo.\u00a0El anillo del cepillo se puede retirar de la placa lijadora accionada por resorte, lo que garantiza un contacto \u00f3ptimo con la pared o el techo.\u00a0Las 6 piezas de papel de lija (\u00d8 225 mm) con diferentes tama\u00f1os de grano (2x P60, P80, P120 cada una) y l\u00edneas de malla se pueden fijar f\u00e1cil y r\u00e1pidamente a la rueda de lijado mediante cierre de velcro.\u00a0La entrega no incluye bater\u00eda ni cargador.\u00a0Estos est\u00e1n disponibles por separado.<\/p>\n<\/div>\n<\/div>\n<\/div>\n<\/div>\n<\/div>\n<\/div>\n","protected":false},"excerpt":{"rendered":"<ul>\n<li class=\" meta\">Miembro de la familia Power X-Change, requiere 1 bater\u00eda de 18 V<\/li>\n<li class=\" meta\">Motor sin escobillas: m\u00e1s potencia y mayor tiempo de funcionamiento<\/li>\n<li class=\" meta\">PurePOWER Brushless: 10 a\u00f1os de garant\u00eda del motor tras el registro<\/li>\n<li class=\" meta\">Electr\u00f3nica de velocidad para trabajos orientados a materiales y aplicaciones<\/li>\n<li class=\" meta\">Interruptor de funci\u00f3n con bot\u00f3n de bloqueo para trabajar sin fatiga<\/li>\n<li class=\"meta\">Extracci\u00f3n de polvo integrada para un trabajo limpio y flexible<\/li>\n<li class=\"meta\">Placa lijadora con resorte para un contacto ideal con la pared<\/li>\n<li class=\"meta\">Placa lijadora fijable, p. ej. para lijar madera<\/li>\n<li class=\"meta\">Placa lijadora con cierre adhesivo<\/li>\n<li class=\"meta\">Mango adicional ajustable para una gu\u00eda segura<\/li>\n<li class=\"meta\">Superficies de agarre suave para un manejo c\u00f3modo<\/li>\n<li class=\"meta\">incluido\u00a0bolsa para el polvo con manguera flexible y extensible<\/li>\n<li class=\"meta\">incluido\u00a0Adaptador para conectar una aspiradora adecuada.<\/li>\n<li class=\"meta\">incluido\u00a06x papel de lija y 1x pa\u00f1o de malla<\/li>\n<li class=\"meta\">Se suministra sin bater\u00eda y sin cargador (se vende por separado)<\/li>\n<li class=\" meta\"><\/li>\n<\/ul>\n","protected":false},"featured_media":6275,"template":"","meta":{"_joinchat":[]},"product_cat":[50],"product_tag":[352],"class_list":{"0":"post-6037","1":"product","2":"type-product","3":"status-publish","4":"has-post-thumbnail","6":"product_cat-herramientas-a-bateria","7":"product_tag-lijadora-orbital-inalambrica","9":"first","10":"instock","11":"product-type-simple"},"_links":{"self":[{"href":"https:\/\/lidertecsa.com.ar\/catalogo\/wp-json\/wp\/v2\/product\/6037"}],"collection":[{"href":"https:\/\/lidertecsa.com.ar\/catalogo\/wp-json\/wp\/v2\/product"}],"about":[{"href":"https:\/\/lidertecsa.com.ar\/catalogo\/wp-json\/wp\/v2\/types\/product"}],"wp:featuredmedia":[{"embeddable":true,"href":"https:\/\/lidertecsa.com.ar\/catalogo\/wp-json\/wp\/v2\/media\/6275"}],"wp:attachment":[{"href":"https:\/\/lidertecsa.com.ar\/catalogo\/wp-json\/wp\/v2\/media?parent=6037"}],"wp:term":[{"taxonomy":"product_cat","embeddable":true,"href":"https:\/\/lidertecsa.com.ar\/catalogo\/wp-json\/wp\/v2\/product_cat?post=6037"},{"taxonomy":"product_tag","embeddable":true,"href":"https:\/\/lidertecsa.com.ar\/catalogo\/wp-json\/wp\/v2\/product_tag?post=6037"}],"curies":[{"name":"wp","href":"https:\/\/api.w.org\/{rel}","templated":true}]}}