{"id":6010,"date":"2024-05-15T21:47:16","date_gmt":"2024-05-16T00:47:16","guid":{"rendered":"https:\/\/lidertecsa.com.ar\/catalogo\/?post_type=product&#038;p=6010"},"modified":"2024-12-13T16:37:56","modified_gmt":"2024-12-13T19:37:56","slug":"sierra-caladora-tp-js-18-135-li-bl-solo","status":"publish","type":"product","link":"https:\/\/lidertecsa.com.ar\/catalogo\/producto\/sierra-caladora-tp-js-18-135-li-bl-solo\/","title":{"rendered":"Sierra Caladora TP-JS 18\/135 Li BL &#8211; Solo"},"content":{"rendered":"<div id=\"description\" class=\"section-row -padded-wide--mod-top-only -in-viewport\" data-anchornav=\"Descripcion del articulo\">\n<div class=\"col-wrapper -max-width-limited\">\n<div class=\"content-item module-description\">\n<div class=\"description-wrapper\">\n<div class=\"col-two\">\n<div class=\"description__content\">\n<p><span class=\"heading gamma\">Descripcion del articulo<\/span>La sierra de calar con bater\u00eda TP-JS 18\/135 Li BL Einhell Professional es el equipo \u00f3ptimo para el aficionado al bricolaje ambicioso, cuando se trata del corte perfecto en los materiales m\u00e1s diversos. Como miembro de la familia Power X-Change ofrece una gran flexibilidad al trabajar en casa, en el taller y en el garaje, ya que todos los equipos, bater\u00edas y cargadores se pueden combinar entre s\u00ed dentro de la familia del sistema. La sierra de calar con bater\u00eda garantiza cortes precisos gracias a su alta suavidad de marcha. La carrera de p\u00e9ndulo se puede conectar para cortes r\u00e1pidos. El equipo se acciona por el motor sin escobillas PurePOWER de Einhell. Este motor sin escobillas ofrece m\u00e1s potencia y una vida \u00fatil m\u00e1s prolongada que los motores de escobillas de carbono convencionales. Tras un registro online se aplican 10 a\u00f1os de garant\u00eda en el motor sin escobillas. La potente sierra de calar con bater\u00eda realiza cortes de hasta 135 mm de profundidad en madera y 10 mm en acero, as\u00ed como cortes oblicuos de hasta 45\u00b0 y est\u00e1 equipada con un pr\u00e1ctico indicador de l\u00ednea de corte y una luz LED para iluminar el \u00e1rea de corte. Gracias a la electr\u00f3nica de velocidad se puede trabajar perfectamente adaptado al material y la aplicaci\u00f3n. El portahojas de sierra sin herramientas evita asideros innecesarios y permite un cambio r\u00e1pido de la hoja de sierra. La funci\u00f3n de soplado de polvo o, alternativamente, el adaptador de aspiraci\u00f3n incluido, al que se puede conectar, por ejemplo, un aspirador en seco-h\u00famedo, garantiza la mejor visibilidad durante el trabajo. El inserto deslizante de pl\u00e1stico integrado cuida las piezas de trabajo especialmente delicadas y la protecci\u00f3n contra astillado garantiza cortes sin desgarros. El arranque suave integrado garantiza una alta seguridad y cuida el motor y la robusta placa base de aluminio amortigua las vibraciones de la sierra. El env\u00edo incluye una hoja de sierra para madera. El env\u00edo se realiza sin bater\u00eda ni cargador. Estos son adquiribles por separado, por ejemplo, como un pr\u00e1ctico set para principiantes.<\/p>\n<\/div>\n<\/div>\n<\/div>\n<\/div>\n<\/div>\n<\/div>\n<div id=\"technical-details\" class=\"section-row -padded-wide--mod-top-only -in-viewport\" data-anchornav=\"Detalles t\u00e9cnicos\">\n<div class=\"col-wrapper -max-width-limited -decrease-width\">\n<div class=\"col\">\n<div class=\"content-item module-headline-paragraph headline paragraph -color-headline-black\">\n<h2 class=\"heading delta\">Detalles t\u00e9cnicos<\/h2>\n<\/div>\n<div class=\"content-item module-table -styling-beta\">\n<table class=\"table__table\">\n<tbody>\n<tr class=\"-show tr-odd\">\n<td><span class=\"bold\">No-load speed<\/span><\/td>\n<td>0 min^-1 &#8211; 3500 min^-1<\/td>\n<\/tr>\n<tr class=\"-show tr-even\">\n<td><span class=\"bold\">Altura de recorrido<\/span><\/td>\n<td>26 mm<\/td>\n<\/tr>\n<tr class=\"-show tr-odd\">\n<td><span class=\"bold\">Profundidad de corte en madera<\/span><\/td>\n<td>135 mm<\/td>\n<\/tr>\n<tr class=\"-show tr-even\">\n<td><span class=\"bold\">Profundidad de corte en pl\u00e1stico<\/span><\/td>\n<td>20 mm<\/td>\n<\/tr>\n<tr class=\"-show tr-odd\">\n<td><span class=\"bold\">Profundidad de corte en acero<\/span><\/td>\n<td>10 mm<\/td>\n<\/tr>\n<tr class=\"-show tr-even\">\n<td><span class=\"bold\">Cortes m\u00e1x. en bisel<\/span><\/td>\n<td>45 \u00b0<\/td>\n<\/tr>\n<tr class=\"-show tr-odd\">\n<td><span class=\"bold\">Cambio de hoja de sierra sin herramientas<\/span><\/td>\n<td>yes<\/td>\n<\/tr>\n<\/tbody>\n<\/table>\n<\/div>\n<\/div>\n<\/div>\n<\/div>\n<div class=\"section-row -padded-wide--mod-top-only\">\n<div class=\"col-wrapper l-2col l-2col-b2-50-50 l-2col-b2-50-50--normal -max-width-limited\">\n<div class=\"col col-one\">\n<div class=\"content-item module-headline-paragraph headline paragraph -color-headline-black\">\n<h2 class=\"-color-alpha heading beta\">Potente y duradero<\/h2>\n<h3 class=\"heading epsilon\">Motor sin escobillas PurePOWER de Einhell<\/h3>\n<p>El motor sin escobillas PurePOWER aporta m\u00e1xima potencia, m\u00e1s duraci\u00f3n y m\u00e1xima vida \u00fatil. El motor sin escobillas no est\u00e1 sometido &#8211; a diferencia de los motores con escobillas de carbono &#8211; a desgaste y as\u00ed est\u00e1 libre de mantenimiento. Al registrarse online es v\u00e1lida una promesa de servicio de 10 a\u00f1os en el motor sin escobillas PurePOWER.<\/p>\n<\/div>\n<\/div>\n<\/div>\n<\/div>\n","protected":false},"excerpt":{"rendered":"<ul>\n<li class=\" meta\">Miembro de la familia Power X-Change, necesita 1 bater\u00eda de 18 V<\/li>\n<li class=\" meta\">Motor sin escobillas &#8211; m\u00e1s potencia y mayor tiempo de funcionamiento<\/li>\n<li class=\" meta\">PurePOWER sin escobillas &#8211; 10 a\u00f1os de garant\u00eda de motor tras el registro<\/li>\n<li class=\" meta\">Funcionamiento suave para cortes precisos<\/li>\n<li class=\" meta\">Carrera pendular conmutable para cortes r\u00e1pidos<\/li>\n<li class=\"meta\">Electr\u00f3nica de velocidad para un guiado \u00f3ptimo de la herramienta<\/li>\n<li class=\"meta\">Portahojas de sierra sin herramientas<\/li>\n<li class=\"meta\">Con funci\u00f3n de soplado de polvo para una mejor visibilidad<\/li>\n<li class=\"meta\">Luz LED para alumbrar el \u00e1rea de corte<\/li>\n<li class=\"meta\">Indicador de l\u00ednea de corte para cortes exactos<\/li>\n<li class=\"meta\">Placa base de aluminio estable para bajas vibraciones<\/li>\n<li class=\"meta\">El inserto deslizante de pl\u00e1stico integrado cuida las piezas delicadas<\/li>\n<li class=\"meta\">Tope paralelo para cortes exactos y rectos<\/li>\n<li class=\"meta\">Incl. protecci\u00f3n contra astillado para unos cortes sin desgarros<\/li>\n<li class=\"meta\">Arranque suave para una alta seguridad y cuidado del motor<\/li>\n<li class=\"meta\">Incluye 1 hoja de sierra de calar para madera<\/li>\n<li class=\"meta\">Env\u00edo sin bater\u00eda ni cargador (adquiribles por separado)<\/li>\n<li class=\" meta\"><\/li>\n<\/ul>\n","protected":false},"featured_media":6265,"template":"","meta":{"_joinchat":[]},"product_cat":[50],"product_tag":[200],"class_list":{"0":"post-6010","1":"product","2":"type-product","3":"status-publish","4":"has-post-thumbnail","6":"product_cat-herramientas-a-bateria","7":"product_tag-sierra-caladora","9":"first","10":"instock","11":"product-type-simple"},"_links":{"self":[{"href":"https:\/\/lidertecsa.com.ar\/catalogo\/wp-json\/wp\/v2\/product\/6010"}],"collection":[{"href":"https:\/\/lidertecsa.com.ar\/catalogo\/wp-json\/wp\/v2\/product"}],"about":[{"href":"https:\/\/lidertecsa.com.ar\/catalogo\/wp-json\/wp\/v2\/types\/product"}],"wp:featuredmedia":[{"embeddable":true,"href":"https:\/\/lidertecsa.com.ar\/catalogo\/wp-json\/wp\/v2\/media\/6265"}],"wp:attachment":[{"href":"https:\/\/lidertecsa.com.ar\/catalogo\/wp-json\/wp\/v2\/media?parent=6010"}],"wp:term":[{"taxonomy":"product_cat","embeddable":true,"href":"https:\/\/lidertecsa.com.ar\/catalogo\/wp-json\/wp\/v2\/product_cat?post=6010"},{"taxonomy":"product_tag","embeddable":true,"href":"https:\/\/lidertecsa.com.ar\/catalogo\/wp-json\/wp\/v2\/product_tag?post=6010"}],"curies":[{"name":"wp","href":"https:\/\/api.w.org\/{rel}","templated":true}]}}