{"id":6005,"date":"2024-05-15T21:40:34","date_gmt":"2024-05-16T00:40:34","guid":{"rendered":"https:\/\/lidertecsa.com.ar\/catalogo\/?post_type=product&#038;p=6005"},"modified":"2024-12-13T16:37:55","modified_gmt":"2024-12-13T19:37:55","slug":"compresor-inalambrico-te-ac-36-150-li-of-solo","status":"publish","type":"product","link":"https:\/\/lidertecsa.com.ar\/catalogo\/producto\/compresor-inalambrico-te-ac-36-150-li-of-solo\/","title":{"rendered":"Compresor Inal\u00e1mbrico TE-AC 36\/150 Li OF-Solo"},"content":{"rendered":"<p><span class=\"heading gamma\">Descripcion del articulo<\/span><\/p>\n<p>Con el compresor con bater\u00eda TE-AC 36\/150 Li OF-Solo no se le acabar\u00e1 f\u00e1cilmente el aire, sea en el taller o garaje. De ello se encarga el compresor con bater\u00eda potente y m\u00f3vil con un dep\u00f3sito de 6 litros, una m\u00e1xima presi\u00f3n de funcionamiento de 8 bar y una potencia de aspiraci\u00f3n de 150 litros por minuto. Este se opera por la tecnolog\u00eda Twin-Pack, en la que se utilizan 2 bater\u00edas Power X-Change de 18 V. El compartimento de bater\u00eda se puede cerrar de modo que las dos bater\u00edas est\u00e9n protegidas de forma \u00f3ptima contra salpicaduras de agua y polvo. La bomba est\u00e1 libre de aceite y de servicio, por lo que el coste de mantenimiento se mantiene lo m\u00e1s bajo posible. Para la presi\u00f3n de trabajo regulada est\u00e1n a disposici\u00f3n un man\u00f3metro y un acoplamiento r\u00e1pido. El reductor de presi\u00f3n permite un ajuste manual de la presi\u00f3n de trabajo deseada. La movilidad juega un papel importante en los aparatos con bater\u00eda, por lo que no se puede prescindir de un asa de transporte integrada. Con sus patas de goma y amortiguaci\u00f3n de vibraciones, el compresor de 9,7 kg tiene un apoyo firme y apenas genera ruido de trabajo. Para un mantenimiento c\u00f3modo, se utiliza el grifo de drenaje, con el que se puede drenar el agua condensada. Se ha integrado un pr\u00e1ctico compartimento de accesorios para guardar los accesorios adquiribles por separado, de modo que est\u00e9n al alcance de la mano en cualquier lugar. El env\u00edo se realiza sin bater\u00eda ni cargador, estos son adquiribles por separado.<\/p>\n","protected":false},"excerpt":{"rendered":"<ul>\n<li class=\" meta\">Miembro de la familia Power X-Change, necesita 2 bater\u00edas de 18 V<\/li>\n<li class=\" meta\">Tecnolog\u00eda TWIN-PACK: 2 bater\u00edas Power X-Change de 18 V &#8211; m\u00e1s potencia<\/li>\n<li class=\" meta\">Motor exento de aceite y servicio para un bajo coste de mantenimiento<\/li>\n<li class=\" meta\">Compresor con bater\u00eda m\u00f3vil y potente con dep\u00f3sito de 6 litros<\/li>\n<li class=\" meta\">Forma constructiva ergon\u00f3mica y empu\u00f1adura para un transporte sencillo<\/li>\n<li class=\"meta\">Man\u00f3metro y acoplamiento r\u00e1pido para una presi\u00f3n de funcionamiento regulada<\/li>\n<li class=\"meta\">Las patas con amortiguaci\u00f3n de vibraciones aseguran un apoyo seguro<\/li>\n<li class=\"meta\">Grifo de drenaje para drenar el agua condensada<\/li>\n<li class=\"meta\">Reductor de presi\u00f3n para el ajuste manual de la presi\u00f3n deseada<\/li>\n<li class=\"meta\">10 a\u00f1os de garant\u00eda contra la corrosi\u00f3n de la caldera<\/li>\n<li class=\"meta\">Compartimento de accesorios para guardar accesorios opcionales de forma limpia<\/li>\n<li class=\"meta\">Env\u00edo sin bater\u00eda ni cargador (adquiribles por separado)<\/li>\n<\/ul>\n","protected":false},"featured_media":6263,"template":"","meta":{"_joinchat":[]},"product_cat":[50],"product_tag":[706],"class_list":{"0":"post-6005","1":"product","2":"type-product","3":"status-publish","4":"has-post-thumbnail","6":"product_cat-herramientas-a-bateria","7":"product_tag-compresor-inalambrico","9":"first","10":"instock","11":"product-type-simple"},"_links":{"self":[{"href":"https:\/\/lidertecsa.com.ar\/catalogo\/wp-json\/wp\/v2\/product\/6005"}],"collection":[{"href":"https:\/\/lidertecsa.com.ar\/catalogo\/wp-json\/wp\/v2\/product"}],"about":[{"href":"https:\/\/lidertecsa.com.ar\/catalogo\/wp-json\/wp\/v2\/types\/product"}],"wp:featuredmedia":[{"embeddable":true,"href":"https:\/\/lidertecsa.com.ar\/catalogo\/wp-json\/wp\/v2\/media\/6263"}],"wp:attachment":[{"href":"https:\/\/lidertecsa.com.ar\/catalogo\/wp-json\/wp\/v2\/media?parent=6005"}],"wp:term":[{"taxonomy":"product_cat","embeddable":true,"href":"https:\/\/lidertecsa.com.ar\/catalogo\/wp-json\/wp\/v2\/product_cat?post=6005"},{"taxonomy":"product_tag","embeddable":true,"href":"https:\/\/lidertecsa.com.ar\/catalogo\/wp-json\/wp\/v2\/product_tag?post=6005"}],"curies":[{"name":"wp","href":"https:\/\/api.w.org\/{rel}","templated":true}]}}