{"id":5994,"date":"2024-05-12T18:56:27","date_gmt":"2024-05-12T21:56:27","guid":{"rendered":"https:\/\/lidertecsa.com.ar\/catalogo\/?post_type=product&#038;p=5994"},"modified":"2024-12-13T16:37:54","modified_gmt":"2024-12-13T19:37:54","slug":"sierra-caladora-550w-blackdecker","status":"publish","type":"product","link":"https:\/\/lidertecsa.com.ar\/catalogo\/producto\/sierra-caladora-550w-blackdecker\/","title":{"rendered":"Sierra Caladora 550w Black+Decker"},"content":{"rendered":"<div class=\"coh-container coh-style-product-gallery-and-summary coh-style-product-summary\">\n<div class=\"coh-container coh-style-product-features-benefits\">\n<div class=\"outer-features-item\">\n<p><span style=\"font-size: 2em;\">Informaci\u00f3n general sobre producto<\/span><\/p>\n<div id=\"additional-product-features\" class=\"coh-container gsap-fadein-section coh-style-product-features-benefits\">\n<div class=\"outer-additional-features-item\"><\/div>\n<\/div>\n<div class=\"coh-container gsap-fadein-section coh-style-product-includes-section\">\n<ul class=\"additional-feature-ul\">\n<li>Velocidad: 3.000rpm<\/li>\n<li>\u00c1ngulo: 0-45\u00b0<\/li>\n<li>Capacidad:\n<ul class=\"additional-feature-ul\">\n<li>Acero 5mm<\/li>\n<li>Aluminio 15mm<\/li>\n<li>Madera 70mm<\/li>\n<\/ul>\n<\/li>\n<li>Bloqueo:\u00a0<strong>SI<\/strong><\/li>\n<li>Soplador:\u00a0<strong>SI<\/strong><\/li>\n<\/ul>\n<p><span style=\"font-size: 2em;\">Accesorios<\/span><\/p>\n<ul>\n<li>Hoja de sierra<\/li>\n<\/ul>\n<\/div>\n<\/div>\n<\/div>\n<\/div>\n","protected":false},"excerpt":{"rendered":"<ul class=\"feature-ul\">\n<li class=\"feature-list-li\">Potente motor de 550W<\/li>\n<li class=\"feature-list-li\">Velocidad variable para mayor versatilidad<\/li>\n<li class=\"feature-list-li\">Acci\u00f3n pendular de 4 etapas para cortes m\u00e1s r\u00e1pidos<\/li>\n<\/ul>\n","protected":false},"featured_media":6258,"template":"","meta":{"_joinchat":[]},"product_cat":[1093],"product_tag":[200],"class_list":{"0":"post-5994","1":"product","2":"type-product","3":"status-publish","4":"has-post-thumbnail","6":"product_cat-herramientas-electricas-black-decker","7":"product_tag-sierra-caladora","9":"first","10":"instock","11":"product-type-simple"},"_links":{"self":[{"href":"https:\/\/lidertecsa.com.ar\/catalogo\/wp-json\/wp\/v2\/product\/5994"}],"collection":[{"href":"https:\/\/lidertecsa.com.ar\/catalogo\/wp-json\/wp\/v2\/product"}],"about":[{"href":"https:\/\/lidertecsa.com.ar\/catalogo\/wp-json\/wp\/v2\/types\/product"}],"wp:featuredmedia":[{"embeddable":true,"href":"https:\/\/lidertecsa.com.ar\/catalogo\/wp-json\/wp\/v2\/media\/6258"}],"wp:attachment":[{"href":"https:\/\/lidertecsa.com.ar\/catalogo\/wp-json\/wp\/v2\/media?parent=5994"}],"wp:term":[{"taxonomy":"product_cat","embeddable":true,"href":"https:\/\/lidertecsa.com.ar\/catalogo\/wp-json\/wp\/v2\/product_cat?post=5994"},{"taxonomy":"product_tag","embeddable":true,"href":"https:\/\/lidertecsa.com.ar\/catalogo\/wp-json\/wp\/v2\/product_tag?post=5994"}],"curies":[{"name":"wp","href":"https:\/\/api.w.org\/{rel}","templated":true}]}}