{"id":5988,"date":"2024-05-12T18:29:03","date_gmt":"2024-05-12T21:29:03","guid":{"rendered":"https:\/\/lidertecsa.com.ar\/catalogo\/?post_type=product&#038;p=5988"},"modified":"2024-12-13T16:37:53","modified_gmt":"2024-12-13T19:37:53","slug":"lijadora-orbital-150w-hoja-1-3-blackdecker","status":"publish","type":"product","link":"https:\/\/lidertecsa.com.ar\/catalogo\/producto\/lijadora-orbital-150w-hoja-1-3-blackdecker\/","title":{"rendered":"Lijadora Orbital 150W Hoja 1\/3 Black &#038; Decker"},"content":{"rendered":"<div class=\"coh-container coh-style-product-gallery-and-summary coh-style-product-summary\">\n<div class=\"coh-container coh-style-product-features-benefits\">\n<div class=\"outer-features-item\">\n<p><span style=\"font-size: 2em;\">Informaci\u00f3n general sobre producto<\/span><\/p>\n<div id=\"additional-product-features\" class=\"coh-container gsap-fadein-section coh-style-product-features-benefits\">\n<div class=\"outer-additional-features-item\"><\/div>\n<\/div>\n<div class=\"coh-container gsap-fadein-section coh-style-product-includes-section\">\n<ul class=\"additional-feature-ul\">\n<li class=\"additional-feature-list-li\">Dise\u00f1o ergon\u00f3mico con operaci\u00f3n c\u00f3moda de la unidad en posici\u00f3n vertical y horizontal<\/li>\n<li class=\"additional-feature-list-li\">Mecanismos de aro\/bucle y de clip para cambiar f\u00e1cilmente cualquier tipo de papel de lija<\/li>\n<li class=\"additional-feature-list-li\">Bolsa para polvo para un ambiente de trabajo limpio, y f\u00e1cil extracci\u00f3n y vaciado<\/li>\n<li>Reguldor de velocidad:\u00a0<strong>SI<\/strong><\/li>\n<li>Tama\u00f1o de lija: 91mm x 189mm,<\/li>\n<li>Extracci\u00f3n de polvo:\u00a0<strong>SI<\/strong><\/li>\n<\/ul>\n<\/div>\n<\/div>\n<\/div>\n<\/div>\n<div class=\"coh-container gsap-fadein-section coh-style-specifications\">\n<div><\/div>\n<\/div>\n","protected":false},"excerpt":{"rendered":"<ul class=\"feature-ul\">\n<li class=\"feature-list-li\">Facilidad de uso con baja vibraci\u00f3n<\/li>\n<li class=\"feature-list-li\">Uso c\u00f3modo por hasta 15 minutos a la vez<\/li>\n<li class=\"feature-list-li\">Su interruptor sellado contra polvo garantiza la durabilidad<\/li>\n<\/ul>\n","protected":false},"featured_media":6255,"template":"","meta":{"_joinchat":[]},"product_cat":[1093],"product_tag":[197],"class_list":{"0":"post-5988","1":"product","2":"type-product","3":"status-publish","4":"has-post-thumbnail","6":"product_cat-herramientas-electricas-black-decker","7":"product_tag-lijadora-orbital","9":"first","10":"instock","11":"product-type-simple"},"_links":{"self":[{"href":"https:\/\/lidertecsa.com.ar\/catalogo\/wp-json\/wp\/v2\/product\/5988"}],"collection":[{"href":"https:\/\/lidertecsa.com.ar\/catalogo\/wp-json\/wp\/v2\/product"}],"about":[{"href":"https:\/\/lidertecsa.com.ar\/catalogo\/wp-json\/wp\/v2\/types\/product"}],"wp:featuredmedia":[{"embeddable":true,"href":"https:\/\/lidertecsa.com.ar\/catalogo\/wp-json\/wp\/v2\/media\/6255"}],"wp:attachment":[{"href":"https:\/\/lidertecsa.com.ar\/catalogo\/wp-json\/wp\/v2\/media?parent=5988"}],"wp:term":[{"taxonomy":"product_cat","embeddable":true,"href":"https:\/\/lidertecsa.com.ar\/catalogo\/wp-json\/wp\/v2\/product_cat?post=5988"},{"taxonomy":"product_tag","embeddable":true,"href":"https:\/\/lidertecsa.com.ar\/catalogo\/wp-json\/wp\/v2\/product_tag?post=5988"}],"curies":[{"name":"wp","href":"https:\/\/api.w.org\/{rel}","templated":true}]}}