{"id":5981,"date":"2024-05-12T18:02:51","date_gmt":"2024-05-12T21:02:51","guid":{"rendered":"https:\/\/lidertecsa.com.ar\/catalogo\/?post_type=product&#038;p=5981"},"modified":"2024-12-13T16:37:52","modified_gmt":"2024-12-13T19:37:52","slug":"taladro-percutor-1-2-13mm-650w-blackdecker-2","status":"publish","type":"product","link":"https:\/\/lidertecsa.com.ar\/catalogo\/producto\/taladro-percutor-1-2-13mm-650w-blackdecker-2\/","title":{"rendered":"Taladro Percutor 1\/2\u00b4\u00b4 (13mm) 650w Black+Decker"},"content":{"rendered":"<div class=\"coh-container coh-style-product-gallery-and-summary coh-style-product-summary\">\n<div class=\"coh-container coh-style-product-features-benefits\">\n<div class=\"outer-features-item\">\n<p><span style=\"font-size: 2em;\">Informaci\u00f3n general sobre producto<\/span><\/p>\n<\/div>\n<\/div>\n<\/div>\n<div class=\"coh-container description-container-wrapper gsap-fadein-section coh-style-product-description\">\n<div class=\"coh-container description-container\">\n<div class=\"coh-inline-element description\">Uno de los taladros m\u00e1s conocidos y vendidos en brasil. el HD650 es infalible. es un elemento imprescindible en toda caja de herramientas.<\/div>\n<\/div>\n<\/div>\n<div class=\"coh-container gsap-fadein-section coh-style-specifications\">\n<h2 class=\"coh-heading coh-style-h1---default\">Especificaciones<\/h2>\n<div>\n<table class=\"reference_entity_table\" data-striping=\"1\">\n<tbody>\n<tr>\n<td>Velocidad variable reversible<\/td>\n<td>0 \u2013 3000 rpm.<\/td>\n<\/tr>\n<tr>\n<td>\n<div>Tasa de impacto por min.<\/div>\n<\/td>\n<td>\n<div>0-45000<\/div>\n<\/td>\n<\/tr>\n<tr>\n<td>\n<div>Potencia<\/div>\n<\/td>\n<td>\n<div>650 W<\/div>\n<\/td>\n<\/tr>\n<\/tbody>\n<\/table>\n<\/div>\n<\/div>\n","protected":false},"excerpt":{"rendered":"<ul class=\"feature-ul\">\n<li class=\"feature-list-li\">Potente motor de 650W.<\/li>\n<li class=\"feature-list-li\">Mandril de 13mm con llave.<\/li>\n<li class=\"feature-list-li\">Selector de funci\u00f3n de percusi\u00f3n o rotaci\u00f3n.<\/li>\n<\/ul>\n","protected":false},"featured_media":6250,"template":"","meta":{"_joinchat":[]},"product_cat":[1093],"product_tag":[1092],"class_list":{"0":"post-5981","1":"product","2":"type-product","3":"status-publish","4":"has-post-thumbnail","6":"product_cat-herramientas-electricas-black-decker","7":"product_tag-taladro-percutor","9":"first","10":"instock","11":"product-type-simple"},"_links":{"self":[{"href":"https:\/\/lidertecsa.com.ar\/catalogo\/wp-json\/wp\/v2\/product\/5981"}],"collection":[{"href":"https:\/\/lidertecsa.com.ar\/catalogo\/wp-json\/wp\/v2\/product"}],"about":[{"href":"https:\/\/lidertecsa.com.ar\/catalogo\/wp-json\/wp\/v2\/types\/product"}],"wp:featuredmedia":[{"embeddable":true,"href":"https:\/\/lidertecsa.com.ar\/catalogo\/wp-json\/wp\/v2\/media\/6250"}],"wp:attachment":[{"href":"https:\/\/lidertecsa.com.ar\/catalogo\/wp-json\/wp\/v2\/media?parent=5981"}],"wp:term":[{"taxonomy":"product_cat","embeddable":true,"href":"https:\/\/lidertecsa.com.ar\/catalogo\/wp-json\/wp\/v2\/product_cat?post=5981"},{"taxonomy":"product_tag","embeddable":true,"href":"https:\/\/lidertecsa.com.ar\/catalogo\/wp-json\/wp\/v2\/product_tag?post=5981"}],"curies":[{"name":"wp","href":"https:\/\/api.w.org\/{rel}","templated":true}]}}