{"id":5965,"date":"2024-05-12T12:56:08","date_gmt":"2024-05-12T15:56:08","guid":{"rendered":"https:\/\/lidertecsa.com.ar\/catalogo\/?post_type=product&#038;p=5965"},"modified":"2026-02-04T13:36:44","modified_gmt":"2026-02-04T16:36:44","slug":"w80-lubricante-para-cadenas-x-240ml","status":"publish","type":"product","link":"https:\/\/lidertecsa.com.ar\/catalogo\/producto\/w80-lubricante-para-cadenas-x-240ml\/","title":{"rendered":"W80 &#8211; Lubricante Para Cadenas x 240ml"},"content":{"rendered":"<p>Lubricante formulado con aceites altamente refinados, aditivos antidesgaste y complejos especiales para lubricar y proteger las cadenas de manera integral. Previene el \u00f3xido y la corrosi\u00f3n. La aplicaci\u00f3n con efecto espumado facilita la penetraci\u00f3n del producto al interior de la cadena, impide el escurrrimiento y mejora el rendimiento. Excelente adherencia. Resiste la fuerza centr\u00edfuga y el lavado con agua. No afecta los eslabones con o&#8217;rings. Protege la vida \u00fatil de la cadena y el mecanismo. Indicado para todo tipo de mecanismo a cadena.<\/p>\n","protected":false},"excerpt":{"rendered":"<p>Lubricante formulado con aceites altamente refinados, aditivos antidesgaste y complejos especiales para lubricar y proteger las cadenas de manera integral.<\/p>\n","protected":false},"featured_media":6245,"template":"","meta":{"_joinchat":[]},"product_cat":[42],"product_tag":[142],"class_list":{"0":"post-5965","1":"product","2":"type-product","3":"status-publish","4":"has-post-thumbnail","6":"product_cat-w80","7":"product_tag-lubricante-para-cadenas","9":"first","10":"instock","11":"taxable","12":"shipping-taxable","13":"product-type-simple"},"_links":{"self":[{"href":"https:\/\/lidertecsa.com.ar\/catalogo\/wp-json\/wp\/v2\/product\/5965"}],"collection":[{"href":"https:\/\/lidertecsa.com.ar\/catalogo\/wp-json\/wp\/v2\/product"}],"about":[{"href":"https:\/\/lidertecsa.com.ar\/catalogo\/wp-json\/wp\/v2\/types\/product"}],"wp:featuredmedia":[{"embeddable":true,"href":"https:\/\/lidertecsa.com.ar\/catalogo\/wp-json\/wp\/v2\/media\/6245"}],"wp:attachment":[{"href":"https:\/\/lidertecsa.com.ar\/catalogo\/wp-json\/wp\/v2\/media?parent=5965"}],"wp:term":[{"taxonomy":"product_cat","embeddable":true,"href":"https:\/\/lidertecsa.com.ar\/catalogo\/wp-json\/wp\/v2\/product_cat?post=5965"},{"taxonomy":"product_tag","embeddable":true,"href":"https:\/\/lidertecsa.com.ar\/catalogo\/wp-json\/wp\/v2\/product_tag?post=5965"}],"curies":[{"name":"wp","href":"https:\/\/api.w.org\/{rel}","templated":true}]}}