{"id":5964,"date":"2024-05-11T20:30:42","date_gmt":"2024-05-11T23:30:42","guid":{"rendered":"https:\/\/lidertecsa.com.ar\/catalogo\/?post_type=product&#038;p=5964"},"modified":"2026-02-04T13:30:08","modified_gmt":"2026-02-04T16:30:08","slug":"siloc-pu55-sellador-de-poliuretano-p-parabrisas-x-400ml","status":"publish","type":"product","link":"https:\/\/lidertecsa.com.ar\/catalogo\/producto\/siloc-pu55-sellador-de-poliuretano-p-parabrisas-x-400ml\/","title":{"rendered":"SILOC PU55 &#8211; Sellador de Poliuretano p\/ Parabrisas x 400ml"},"content":{"rendered":"<div>Puesta en servicio: 3 horas. R\u00e1pido. Permite la puesta en marcha del veh\u00edculo 3 horas despu\u00e9s de aplicado. En veh\u00edculos con airbag esperar 8 horas. Es imprescindible el uso del Cleaner 1001 y del Primer 2001 para un pegado seguro.<\/div>\n<div>\n<ul class=\"ficha\">\n<li>Tiempo cura parcial (Minutos):\u00a0Forma piel en 15 minutos<\/li>\n<li>Tiempo cura total (Horas):\u00a04mm en 24 hs.<\/li>\n<li>Resistencia temperatura (\u00b0C):\u00a0-40 a +90 \u00baC<\/li>\n<li>Resistencia traccion (MPa):\u00a01,5 &#8211; 2,0<\/li>\n<li>Porcentaje elongacion (%):\u00a0&gt; 500<\/li>\n<li>Dureza (Shore A):\u00a050-60<\/li>\n<\/ul>\n<\/div>\n","protected":false},"excerpt":{"rendered":"<h2><span style=\"font-size: 20px\">Sellador Poliuret\u00e1nico para parabrisas cura 3 Hs.<\/span><\/h2>\n","protected":false},"featured_media":469,"template":"","meta":{"_joinchat":[]},"product_cat":[158],"product_tag":[161],"class_list":{"0":"post-5964","1":"product","2":"type-product","3":"status-publish","4":"has-post-thumbnail","6":"product_cat-siloc","7":"product_tag-sellador-poliuretanico","9":"first","10":"instock","11":"taxable","12":"shipping-taxable","13":"product-type-simple"},"_links":{"self":[{"href":"https:\/\/lidertecsa.com.ar\/catalogo\/wp-json\/wp\/v2\/product\/5964"}],"collection":[{"href":"https:\/\/lidertecsa.com.ar\/catalogo\/wp-json\/wp\/v2\/product"}],"about":[{"href":"https:\/\/lidertecsa.com.ar\/catalogo\/wp-json\/wp\/v2\/types\/product"}],"wp:featuredmedia":[{"embeddable":true,"href":"https:\/\/lidertecsa.com.ar\/catalogo\/wp-json\/wp\/v2\/media\/469"}],"wp:attachment":[{"href":"https:\/\/lidertecsa.com.ar\/catalogo\/wp-json\/wp\/v2\/media?parent=5964"}],"wp:term":[{"taxonomy":"product_cat","embeddable":true,"href":"https:\/\/lidertecsa.com.ar\/catalogo\/wp-json\/wp\/v2\/product_cat?post=5964"},{"taxonomy":"product_tag","embeddable":true,"href":"https:\/\/lidertecsa.com.ar\/catalogo\/wp-json\/wp\/v2\/product_tag?post=5964"}],"curies":[{"name":"wp","href":"https:\/\/api.w.org\/{rel}","templated":true}]}}