{"id":5959,"date":"2024-05-11T20:20:42","date_gmt":"2024-05-11T23:20:42","guid":{"rendered":"https:\/\/lidertecsa.com.ar\/catalogo\/?post_type=product&#038;p=5959"},"modified":"2026-02-04T13:27:22","modified_gmt":"2026-02-04T16:27:22","slug":"siloc-pu44-sellador-de-poliuretano-para-la-industria-blanco-x-310ml","status":"publish","type":"product","link":"https:\/\/lidertecsa.com.ar\/catalogo\/producto\/siloc-pu44-sellador-de-poliuretano-para-la-industria-blanco-x-310ml\/","title":{"rendered":"SILOC PU44 &#8211; Sellador de Poliuretano para la Industria. BLANCO x 310ml"},"content":{"rendered":"<div>PARA LA INDUSTRIA<\/div>\n<div>\n<p>Adhesivo sellador de elevada elasticidad y alta resistencia al corte, impactos y vibraciones. Para metales (hierros, acero, acero inoxidables, chapas galvanizadas, aluminio, bronce), pl\u00e1sticos r\u00edgidos (PVC, acr\u00edlico, poli\u00e9ster, laminados pl\u00e1sticos), maderas, concreto y muchos otros materiales. Para juntas de dilataci\u00f3n de pisos con tr\u00e1nsito pesado (camiones, autoelevadore). Para la uni\u00f3n y solapado de chapas, perfiles y dem\u00e1s componentes de carrocer\u00edas. Para uniones entre partes r\u00edgidas y flexibles. Para equipos de refrigeraci\u00f3n, furgones t\u00e9rmicos, aire acondicionado, electrodom\u00e9sticos. No oxida.<\/p>\n<ul class=\"ficha\">\n<li>Tiempo cura parcial (Minutos):\u00a0Forma piel en 90-120 minutos<\/li>\n<li>Tiempo cura total (Horas):\u00a04mm en 24 hs.<\/li>\n<li>Resistencia temperatura (\u00b0C):\u00a0-40 a +90 \u00baC<\/li>\n<li>Resistencia traccion (MPa):\u00a00,6 &#8211; 0,8<\/li>\n<li>Porcentaje elongacion (%):\u00a0500 &#8211; 650<\/li>\n<li>Dureza (Shore A):\u00a045-50<\/li>\n<\/ul>\n<\/div>\n","protected":false},"excerpt":{"rendered":"<h2><span style=\"font-size: 20px\">Sellador Poliuret\u00e1nico para la industria.<\/span><\/h2>\n","protected":false},"featured_media":465,"template":"","meta":{"_joinchat":[]},"product_cat":[158],"product_tag":[161],"class_list":{"0":"post-5959","1":"product","2":"type-product","3":"status-publish","4":"has-post-thumbnail","6":"product_cat-siloc","7":"product_tag-sellador-poliuretanico","9":"first","10":"instock","11":"taxable","12":"shipping-taxable","13":"product-type-simple"},"_links":{"self":[{"href":"https:\/\/lidertecsa.com.ar\/catalogo\/wp-json\/wp\/v2\/product\/5959"}],"collection":[{"href":"https:\/\/lidertecsa.com.ar\/catalogo\/wp-json\/wp\/v2\/product"}],"about":[{"href":"https:\/\/lidertecsa.com.ar\/catalogo\/wp-json\/wp\/v2\/types\/product"}],"wp:featuredmedia":[{"embeddable":true,"href":"https:\/\/lidertecsa.com.ar\/catalogo\/wp-json\/wp\/v2\/media\/465"}],"wp:attachment":[{"href":"https:\/\/lidertecsa.com.ar\/catalogo\/wp-json\/wp\/v2\/media?parent=5959"}],"wp:term":[{"taxonomy":"product_cat","embeddable":true,"href":"https:\/\/lidertecsa.com.ar\/catalogo\/wp-json\/wp\/v2\/product_cat?post=5959"},{"taxonomy":"product_tag","embeddable":true,"href":"https:\/\/lidertecsa.com.ar\/catalogo\/wp-json\/wp\/v2\/product_tag?post=5959"}],"curies":[{"name":"wp","href":"https:\/\/api.w.org\/{rel}","templated":true}]}}