{"id":5954,"date":"2024-05-11T20:10:22","date_gmt":"2024-05-11T23:10:22","guid":{"rendered":"https:\/\/lidertecsa.com.ar\/catalogo\/?post_type=product&#038;p=5954"},"modified":"2026-02-04T13:24:10","modified_gmt":"2026-02-04T16:24:10","slug":"siloc-pu38-sellador-de-poliuretano-para-la-construccion-x-600mlml","status":"publish","type":"product","link":"https:\/\/lidertecsa.com.ar\/catalogo\/producto\/siloc-pu38-sellador-de-poliuretano-para-la-construccion-x-600mlml\/","title":{"rendered":"SILOC PU38 &#8211; Sellador de Poliuretano para la Construcci\u00f3n. x 600mlml"},"content":{"rendered":"<div>PARA LA CONSTRUCCI\u00d3N<\/div>\n<div>\n<p>Adhesivo sellador de m\u00e1xima elasticidad y adherencia. Para juntas de dilataci\u00f3n de gran movimiento (hasta +\/- 25%) y grietas. Para uni\u00f3n y sellado en techos, terrazas, fachadas, carpinter\u00eda met\u00e1lica, pl\u00e1stica y de madera. En obras de ingenier\u00eda civil: puentes, tuneles, s\u00f3tanos, canales, pavimentos, natatorios, tanques, elementos premoldeados, entre otras aplicaciones. Producto aprobado por el S.N.J.F. (Sindicat National de Joints et Fa\u00e7ades, ente oficial franc\u00e9s para construcciones civiles) como elast\u00f3mero de 1\u00b0 categor\u00eda.<\/p>\n<ul class=\"ficha\">\n<li>Tiempo cura parcial (Minutos):\u00a0Forma piel en 90-120 minutos<\/li>\n<li>Tiempo cura total (Horas):\u00a04mm en 24 hs.<\/li>\n<li>Resistencia temperatura (\u00b0C):\u00a0-30 a +90 \u00baC<\/li>\n<li>Resistencia traccion (MPa):\u00a00,4 &#8211; 0,6<\/li>\n<li>Porcentaje elongacion (%):\u00a0600 &#8211; 750<\/li>\n<li>Dureza (Shore A):\u00a035-40<\/li>\n<li>Usos:\u00a0Usos: Sellado y adhesi\u00f3n de juntas de gran movimiento en techos, paredes, paneles premoldeados, terrazas, fachadas, carpinter\u00eda met\u00e1lica, pl\u00e1stica y de madera. Sellado en psicinas. Pegado de cer\u00e1micas, m\u00e1rmoles, piedras naturales y artificiales.<\/li>\n<\/ul>\n<\/div>\n","protected":false},"excerpt":{"rendered":"<h2><span style=\"font-size: 20px\">Sellador Poliuret\u00e1nico para la construcci\u00f3n.<\/span><\/h2>\n","protected":false},"featured_media":463,"template":"","meta":{"_joinchat":[]},"product_cat":[158],"product_tag":[161],"class_list":{"0":"post-5954","1":"product","2":"type-product","3":"status-publish","4":"has-post-thumbnail","6":"product_cat-siloc","7":"product_tag-sellador-poliuretanico","9":"first","10":"instock","11":"taxable","12":"shipping-taxable","13":"product-type-simple"},"_links":{"self":[{"href":"https:\/\/lidertecsa.com.ar\/catalogo\/wp-json\/wp\/v2\/product\/5954"}],"collection":[{"href":"https:\/\/lidertecsa.com.ar\/catalogo\/wp-json\/wp\/v2\/product"}],"about":[{"href":"https:\/\/lidertecsa.com.ar\/catalogo\/wp-json\/wp\/v2\/types\/product"}],"wp:featuredmedia":[{"embeddable":true,"href":"https:\/\/lidertecsa.com.ar\/catalogo\/wp-json\/wp\/v2\/media\/463"}],"wp:attachment":[{"href":"https:\/\/lidertecsa.com.ar\/catalogo\/wp-json\/wp\/v2\/media?parent=5954"}],"wp:term":[{"taxonomy":"product_cat","embeddable":true,"href":"https:\/\/lidertecsa.com.ar\/catalogo\/wp-json\/wp\/v2\/product_cat?post=5954"},{"taxonomy":"product_tag","embeddable":true,"href":"https:\/\/lidertecsa.com.ar\/catalogo\/wp-json\/wp\/v2\/product_tag?post=5954"}],"curies":[{"name":"wp","href":"https:\/\/api.w.org\/{rel}","templated":true}]}}