{"id":5950,"date":"2024-05-11T19:56:02","date_gmt":"2024-05-11T22:56:02","guid":{"rendered":"https:\/\/lidertecsa.com.ar\/catalogo\/?post_type=product&#038;p=5950"},"modified":"2026-02-04T13:19:57","modified_gmt":"2026-02-04T16:19:57","slug":"siloc-espumas-de-poliuretano-aerosol-x-750ml","status":"publish","type":"product","link":"https:\/\/lidertecsa.com.ar\/catalogo\/producto\/siloc-espumas-de-poliuretano-aerosol-x-750ml\/","title":{"rendered":"SILOC &#8211; Espumas de Poliuretano &#8211; Aerosol x 750ml"},"content":{"rendered":"<div>RELLENA, SELLA, AISLA<\/div>\n<div>\n<p>Se expande al entrar en contacto con el aire. Tiene perfecta adherencia a mamposter\u00eda, ladrillos, cemento, yeso, poliestireno expandido, metales, madera. Rellena huecos, cavidades. Sella conductos. Fija marcos de puertas y ventanas, cajas de tomacorriente, etc. Aisla del ruido, frio y calor. Endurece r\u00e1pidamente y puede ser cortada, lijada y pintada. Apto para exteriores (protega con pintura del agua y la radiaci\u00f3n UV)<\/p>\n<ul class=\"ficha\">\n<li>Tiempo cura parcial (Minutos):\u00a0Forma piel en 15-20 minutos<\/li>\n<li>Tiempo cura total (Horas):\u00a024 hs.<\/li>\n<li>Resistencia temperatura (\u00b0C):\u00a0-40\u00b0c a +90\u00b0C<\/li>\n<li>Usos:\u00a0Usos: Rellena huecos y cavidades en la instalaci\u00f3n de aire acondicionado, colocaci\u00f3n de aberturas. Relleno de puertas placa. Reconstrucci\u00f3n de mamposter\u00eda. Fijaci\u00f3n de instalaci\u00f3in el\u00e9ctrica en general (cajas, ca\u00f1os). Aislante t\u00e9rmico y ac\u00fastico.<\/li>\n<\/ul>\n<\/div>\n","protected":false},"excerpt":{"rendered":"<h2>Espuma de Poliuretano<\/h2>\n<div class=\"content\">\n<div class=\"ttl-subcat-producto\">RELLENA, SELLA, AISLA.<\/div>\n<\/div>\n","protected":false},"featured_media":506,"template":"","meta":{"_joinchat":[]},"product_cat":[158],"product_tag":[173],"class_list":{"0":"post-5950","1":"product","2":"type-product","3":"status-publish","4":"has-post-thumbnail","6":"product_cat-siloc","7":"product_tag-espuma-de-poliuretano","9":"first","10":"instock","11":"taxable","12":"shipping-taxable","13":"product-type-simple"},"_links":{"self":[{"href":"https:\/\/lidertecsa.com.ar\/catalogo\/wp-json\/wp\/v2\/product\/5950"}],"collection":[{"href":"https:\/\/lidertecsa.com.ar\/catalogo\/wp-json\/wp\/v2\/product"}],"about":[{"href":"https:\/\/lidertecsa.com.ar\/catalogo\/wp-json\/wp\/v2\/types\/product"}],"wp:featuredmedia":[{"embeddable":true,"href":"https:\/\/lidertecsa.com.ar\/catalogo\/wp-json\/wp\/v2\/media\/506"}],"wp:attachment":[{"href":"https:\/\/lidertecsa.com.ar\/catalogo\/wp-json\/wp\/v2\/media?parent=5950"}],"wp:term":[{"taxonomy":"product_cat","embeddable":true,"href":"https:\/\/lidertecsa.com.ar\/catalogo\/wp-json\/wp\/v2\/product_cat?post=5950"},{"taxonomy":"product_tag","embeddable":true,"href":"https:\/\/lidertecsa.com.ar\/catalogo\/wp-json\/wp\/v2\/product_tag?post=5950"}],"curies":[{"name":"wp","href":"https:\/\/api.w.org\/{rel}","templated":true}]}}